{"id":75833,"date":"2026-04-03T14:54:22","date_gmt":"2026-04-03T14:54:22","guid":{"rendered":"https:\/\/staging.dyrsan.fr\/?post_type=product&#038;p=75833"},"modified":"2026-04-14T11:45:47","modified_gmt":"2026-04-14T11:45:47","slug":"collier-torque-connecteur-en-metal-dore","status":"publish","type":"product","link":"https:\/\/staging.dyrsan.fr\/pt\/shop\/collier-torque-connecteur-en-metal-dore\/","title":{"rendered":"Colar com conetor de torque em metal banhado a ouro"},"content":{"rendered":"<p>Collier torque connecteur en m\u00e9tal dor\u00e9. Pi\u00e8ce d&rsquo;assemblage d\u00e9corative et fonctionnelle pour collier-bijou, haut dos-nu, robe de soir\u00e9e. Design torque ouverte avec embouts goutte. Finition soign\u00e9e garantissant une tenue durable, y compris en milieu baln\u00e9aire.<\/p>\n<p>&nbsp;<\/p>\n<p><strong>Especifica\u00e7\u00f5es t\u00e9cnicas :<\/strong><\/p>\n<p>R\u00e9f\u00e9rence : DY8352<br \/>\nMaterial(is): Metal (liga de zinco)<br \/>\nCor: dourado<br \/>\nDimensions : 145 \u00d7 24 \u00d7 10 mm<br \/>\nPoids : 51.3g<\/p>\n<p>&nbsp;<\/p>\n<p><strong>Carater\u00edsticas t\u00e9cnicas :<\/strong><br \/>\nResistente \u00e0 ferrugem<br \/>\nResistente \u00e0 \u00e1gua do mar e \u00e0 transpira\u00e7\u00e3o<br \/>\nN\u00e3o descolora<br \/>\nSem arestas vivas (n\u00e3o irritante)<br \/>\nElevada durabilidade (mesmo quando cosido ou exposto ao sol)<\/p>\n<p>Vendido em embalagens de 100 \/ Entrega em 15-20 dias<\/p>","protected":false},"excerpt":{"rendered":"<p>Collier torque connecteur en m\u00e9tal dor\u00e9. Pi\u00e8ce d&rsquo;assemblage d\u00e9corative et fonctionnelle pour collier-bijou, haut dos-nu, robe de soir\u00e9e. Design torque ouverte avec embouts goutte. Finition soign\u00e9e garantissant une tenue durable, y compris en milieu baln\u00e9aire.<\/p>\n<p>&nbsp;<\/p>\n<p><strong>Especifica\u00e7\u00f5es t\u00e9cnicas :<\/strong><\/p>\n<p>R\u00e9f\u00e9rence : DY8352<br \/>\nMaterial(is): Metal (liga de zinco)<br \/>\nCor: dourado<br \/>\nDimensions : 145 \u00d7 24 \u00d7 10 mm<br \/>\nPoids : 51.3g<\/p>\n<p>&nbsp;<\/p>\n<p><strong>Carater\u00edsticas t\u00e9cnicas :<\/strong><br \/>\nResistente \u00e0 ferrugem<br \/>\nResistente \u00e0 \u00e1gua do mar e \u00e0 transpira\u00e7\u00e3o<br \/>\nN\u00e3o descolora<br \/>\nSem arestas vivas (n\u00e3o irritante)<br \/>\nElevada durabilidade (mesmo quando cosido ou exposto ao sol)<\/p>\n<p>Vendido em embalagens de 100 \/ Entrega em 15-20 dias<\/p>","protected":false},"featured_media":75349,"comment_status":"open","ping_status":"closed","template":"","meta":[],"product_brand":[],"product_cat":[140,494,149],"product_tag":[],"class_list":{"0":"post-75833","1":"product","2":"type-product","3":"status-publish","4":"has-post-thumbnail","6":"product_cat-accessoires","7":"product_cat-colliers","8":"product_cat-connecteurs","10":"first","11":"instock","12":"taxable","13":"shipping-taxable","14":"purchasable","15":"product-type-simple"},"_links":{"self":[{"href":"https:\/\/staging.dyrsan.fr\/pt\/wp-json\/wp\/v2\/product\/75833","targetHints":{"allow":["GET"]}}],"collection":[{"href":"https:\/\/staging.dyrsan.fr\/pt\/wp-json\/wp\/v2\/product"}],"about":[{"href":"https:\/\/staging.dyrsan.fr\/pt\/wp-json\/wp\/v2\/types\/product"}],"replies":[{"embeddable":true,"href":"https:\/\/staging.dyrsan.fr\/pt\/wp-json\/wp\/v2\/comments?post=75833"}],"version-history":[{"count":4,"href":"https:\/\/staging.dyrsan.fr\/pt\/wp-json\/wp\/v2\/product\/75833\/revisions"}],"predecessor-version":[{"id":76390,"href":"https:\/\/staging.dyrsan.fr\/pt\/wp-json\/wp\/v2\/product\/75833\/revisions\/76390"}],"wp:featuredmedia":[{"embeddable":true,"href":"https:\/\/staging.dyrsan.fr\/pt\/wp-json\/wp\/v2\/media\/75349"}],"wp:attachment":[{"href":"https:\/\/staging.dyrsan.fr\/pt\/wp-json\/wp\/v2\/media?parent=75833"}],"wp:term":[{"taxonomy":"product_brand","embeddable":true,"href":"https:\/\/staging.dyrsan.fr\/pt\/wp-json\/wp\/v2\/product_brand?post=75833"},{"taxonomy":"product_cat","embeddable":true,"href":"https:\/\/staging.dyrsan.fr\/pt\/wp-json\/wp\/v2\/product_cat?post=75833"},{"taxonomy":"product_tag","embeddable":true,"href":"https:\/\/staging.dyrsan.fr\/pt\/wp-json\/wp\/v2\/product_tag?post=75833"}],"curies":[{"name":"wp","href":"https:\/\/api.w.org\/{rel}","templated":true}]}}