{"id":75817,"date":"2026-04-03T13:43:41","date_gmt":"2026-04-03T13:43:41","guid":{"rendered":"https:\/\/staging.dyrsan.fr\/?post_type=product&#038;p=75817"},"modified":"2026-04-14T12:37:32","modified_gmt":"2026-04-14T12:37:32","slug":"tissu-en-maille-jacquard-maillot-de-bain-texture-rouleau-50m","status":"publish","type":"product","link":"https:\/\/staging.dyrsan.fr\/pt\/shop\/tissu-en-maille-jacquard-maillot-de-bain-texture-rouleau-50m\/","title":{"rendered":"Tecido jacquard texturado para fatos de banho - rolo de 50M"},"content":{"rendered":"<p>Malha de fato de banho em jacquard el\u00e1stica, texturada e com certifica\u00e7\u00e3o OEKO-TEX\u00ae. Este tecido de malha jacquard pode ser personalizado com c\u00f3digos Pantone e \u00e9 ideal para fatos de banho e vestu\u00e1rio t\u00e9cnico.<\/p>\n<p>&nbsp;<\/p>\n<p><strong>Especifica\u00e7\u00f5es t\u00e9cnicas:<\/strong><br \/>\nRefer\u00eancia : DY1086-TR<br \/>\nComposi\u00e7\u00e3o: 93 % poli\u00e9ster, 7 % elastano<br \/>\nPeso: 290 g\/m\u00b2.<br \/>\nLargura: 130 cm<br \/>\nCor: pode ser personalizada de acordo com o c\u00f3digo Pantone<br \/>\nCertifica\u00e7\u00e3o: OEKO-TEX<br \/>\nAspeto: texturizado, jacquard<br \/>\nPropriedades: elasticidade, apoio, resist\u00eancia<br \/>\nUtiliza\u00e7\u00e3o: fatos de banho, roupa de desporto, roupa de praia<\/p>\n<p><b style=\"font-family: wash;font-size: 30px\"><img class=\"alignnone wp-image-67583\" src=\"https:\/\/staging.dyrsan.fr\/wp-content\/uploads\/2025\/08\/instru-1.jpeg\" alt=\"\" width=\"153\" height=\"42\" loading=\"lazy\" decoding=\"async\" title=\"\" srcset=\"https:\/\/staging.dyrsan.fr\/wp-content\/uploads\/2025\/08\/instru-1.jpeg 698w, https:\/\/staging.dyrsan.fr\/wp-content\/uploads\/2025\/08\/instru-1-18x5.jpeg 18w\" sizes=\"auto, (max-width: 153px) 100vw, 153px\" \/><\/b><\/p>","protected":false},"excerpt":{"rendered":"<p>Malha de fato de banho em jacquard el\u00e1stica, texturada e com certifica\u00e7\u00e3o OEKO-TEX\u00ae. Este tecido de malha jacquard pode ser personalizado com c\u00f3digos Pantone e \u00e9 ideal para fatos de banho e vestu\u00e1rio t\u00e9cnico.<\/p>\n<p>&nbsp;<\/p>\n<p><strong>Especifica\u00e7\u00f5es t\u00e9cnicas:<\/strong><br \/>\nRefer\u00eancia : DY1086-TR<br \/>\nComposi\u00e7\u00e3o: 93 % poli\u00e9ster, 7 % elastano<br \/>\nPeso: 290 g\/m\u00b2.<br \/>\nLargura: 130 cm<br \/>\nCor: pode ser personalizada de acordo com o c\u00f3digo Pantone<br \/>\nCertifica\u00e7\u00e3o: OEKO-TEX<br \/>\nAspeto: texturizado, jacquard<br \/>\nPropriedades: elasticidade, apoio, resist\u00eancia<br \/>\nUtiliza\u00e7\u00e3o: fatos de banho, roupa de desporto, roupa de praia<\/p>\n<p style=\"font-family: wash;font-size: 30px\"><b style=\"font-family: wash;font-size: 30px\"><img loading=\"lazy\" decoding=\"async\" class=\"alignnone wp-image-67583\" src=\"https:\/\/staging.dyrsan.fr\/wp-content\/uploads\/2025\/08\/instru-1.jpeg\" alt=\"\" width=\"153\" height=\"42\" srcset=\"https:\/\/staging.dyrsan.fr\/wp-content\/uploads\/2025\/08\/instru-1.jpeg 698w, https:\/\/staging.dyrsan.fr\/wp-content\/uploads\/2025\/08\/instru-1-18x5.jpeg 18w\" sizes=\"auto, (max-width: 153px) 100vw, 153px\" \/><\/b><\/p>","protected":false},"featured_media":75813,"comment_status":"open","ping_status":"closed","template":"","meta":[],"product_brand":[],"product_cat":[495,150,180,213],"product_tag":[],"class_list":{"0":"post-75817","1":"product","2":"type-product","3":"status-publish","4":"has-post-thumbnail","6":"product_cat-rouleaux-de-tissus","7":"product_cat-tissus","8":"product_cat-tissus-mailles-jacquard","9":"product_cat-tissus-textures","11":"first","12":"instock","13":"taxable","14":"shipping-taxable","15":"purchasable","16":"product-type-simple"},"_links":{"self":[{"href":"https:\/\/staging.dyrsan.fr\/pt\/wp-json\/wp\/v2\/product\/75817","targetHints":{"allow":["GET"]}}],"collection":[{"href":"https:\/\/staging.dyrsan.fr\/pt\/wp-json\/wp\/v2\/product"}],"about":[{"href":"https:\/\/staging.dyrsan.fr\/pt\/wp-json\/wp\/v2\/types\/product"}],"replies":[{"embeddable":true,"href":"https:\/\/staging.dyrsan.fr\/pt\/wp-json\/wp\/v2\/comments?post=75817"}],"version-history":[{"count":2,"href":"https:\/\/staging.dyrsan.fr\/pt\/wp-json\/wp\/v2\/product\/75817\/revisions"}],"predecessor-version":[{"id":76538,"href":"https:\/\/staging.dyrsan.fr\/pt\/wp-json\/wp\/v2\/product\/75817\/revisions\/76538"}],"wp:featuredmedia":[{"embeddable":true,"href":"https:\/\/staging.dyrsan.fr\/pt\/wp-json\/wp\/v2\/media\/75813"}],"wp:attachment":[{"href":"https:\/\/staging.dyrsan.fr\/pt\/wp-json\/wp\/v2\/media?parent=75817"}],"wp:term":[{"taxonomy":"product_brand","embeddable":true,"href":"https:\/\/staging.dyrsan.fr\/pt\/wp-json\/wp\/v2\/product_brand?post=75817"},{"taxonomy":"product_cat","embeddable":true,"href":"https:\/\/staging.dyrsan.fr\/pt\/wp-json\/wp\/v2\/product_cat?post=75817"},{"taxonomy":"product_tag","embeddable":true,"href":"https:\/\/staging.dyrsan.fr\/pt\/wp-json\/wp\/v2\/product_tag?post=75817"}],"curies":[{"name":"wp","href":"https:\/\/api.w.org\/{rel}","templated":true}]}}