{"id":75786,"date":"2026-04-03T13:42:14","date_gmt":"2026-04-03T13:42:14","guid":{"rendered":"https:\/\/staging.dyrsan.fr\/?post_type=product&#038;p=75786"},"modified":"2026-04-14T12:37:42","modified_gmt":"2026-04-14T12:37:42","slug":"tissu-jacquard-bleu-a-effet-metallique-texture-rouleau-50m","status":"publish","type":"product","link":"https:\/\/staging.dyrsan.fr\/pt\/shop\/tissu-jacquard-bleu-a-effet-metallique-texture-rouleau-50m\/","title":{"rendered":"Tecido jacquard azul com efeito met\u00e1lico texturado - Rolo 50M"},"content":{"rendered":"<p>Tissu jacquard bleu \u00e0 effet m\u00e9tallique textur\u00e9, extensible et lumineux. Ce tissu jacquard \u00e0 motif ondul\u00e9 offre un rendu structur\u00e9 et brillant subtil, id\u00e9al pour la confection de maillots de bain, beachwear et v\u00eatements mode \u00e0 forte identit\u00e9 visuelle.<\/p>\n<p>&nbsp;<\/p>\n<p><strong>Especifica\u00e7\u00f5es t\u00e9cnicas:<\/strong><br \/>\nR\u00e9f\u00e9rence : DY2528<br \/>\nComposition : 77 % nylon, 18 % \u00e9lasthanne<br \/>\nPoids : 225 g\/m\u00b2<br \/>\nLargura: 152 cm<br \/>\nAspect : jacquard textur\u00e9 \u00e0 effet m\u00e9tallique, motif ondul\u00e9<br \/>\nPropri\u00e9t\u00e9s : extensible, souple, r\u00e9sistant, effet brillant subtil<br \/>\nUtilisation : maillots de bain, beachwear, v\u00eatements mode, pi\u00e8ces cr\u00e9atives et techniques<br \/>\nOrigem: fora da Uni\u00e3o Europeia<\/p>\n<p style=\"font-family: wash;font-size: 30px\"><b style=\"font-family: wash;font-size: 30px\"><img class=\"alignnone wp-image-67583\" src=\"https:\/\/staging.dyrsan.fr\/wp-content\/uploads\/2025\/08\/instru-1.jpeg\" alt=\"\" width=\"153\" height=\"42\" loading=\"lazy\" decoding=\"async\" title=\"\" srcset=\"https:\/\/staging.dyrsan.fr\/wp-content\/uploads\/2025\/08\/instru-1.jpeg 698w, https:\/\/staging.dyrsan.fr\/wp-content\/uploads\/2025\/08\/instru-1-18x5.jpeg 18w\" sizes=\"auto, (max-width: 153px) 100vw, 153px\" \/><\/b><\/p>","protected":false},"excerpt":{"rendered":"<p>Tissu jacquard bleu \u00e0 effet m\u00e9tallique textur\u00e9, extensible et lumineux. Ce tissu jacquard \u00e0 motif ondul\u00e9 offre un rendu structur\u00e9 et brillant subtil, id\u00e9al pour la confection de maillots de bain, beachwear et v\u00eatements mode \u00e0 forte identit\u00e9 visuelle.<\/p>\n<p>&nbsp;<\/p>\n<p><strong>Especifica\u00e7\u00f5es t\u00e9cnicas:<\/strong><br \/>\nR\u00e9f\u00e9rence : DY2528<br \/>\nComposition : 77 % nylon, 18 % \u00e9lasthanne<br \/>\nPoids : 225 g\/m\u00b2<br \/>\nLargura: 152 cm<br \/>\nAspect : jacquard textur\u00e9 \u00e0 effet m\u00e9tallique, motif ondul\u00e9<br \/>\nPropri\u00e9t\u00e9s : extensible, souple, r\u00e9sistant, effet brillant subtil<br \/>\nUtilisation : maillots de bain, beachwear, v\u00eatements mode, pi\u00e8ces cr\u00e9atives et techniques<br \/>\nOrigem: fora da Uni\u00e3o Europeia<\/p>\n<p style=\"font-family: wash;font-size: 30px\"><b style=\"font-family: wash;font-size: 30px\"><img loading=\"lazy\" decoding=\"async\" class=\"alignnone wp-image-67583\" src=\"https:\/\/staging.dyrsan.fr\/wp-content\/uploads\/2025\/08\/instru-1.jpeg\" alt=\"\" width=\"153\" height=\"42\" srcset=\"https:\/\/staging.dyrsan.fr\/wp-content\/uploads\/2025\/08\/instru-1.jpeg 698w, https:\/\/staging.dyrsan.fr\/wp-content\/uploads\/2025\/08\/instru-1-18x5.jpeg 18w\" sizes=\"auto, (max-width: 153px) 100vw, 153px\" \/><\/b><\/p>","protected":false},"featured_media":75782,"comment_status":"open","ping_status":"closed","template":"","meta":[],"product_brand":[],"product_cat":[495,150,180,213],"product_tag":[],"class_list":{"0":"post-75786","1":"product","2":"type-product","3":"status-publish","4":"has-post-thumbnail","6":"product_cat-rouleaux-de-tissus","7":"product_cat-tissus","8":"product_cat-tissus-mailles-jacquard","9":"product_cat-tissus-textures","11":"first","12":"instock","13":"taxable","14":"shipping-taxable","15":"purchasable","16":"product-type-simple"},"_links":{"self":[{"href":"https:\/\/staging.dyrsan.fr\/pt\/wp-json\/wp\/v2\/product\/75786","targetHints":{"allow":["GET"]}}],"collection":[{"href":"https:\/\/staging.dyrsan.fr\/pt\/wp-json\/wp\/v2\/product"}],"about":[{"href":"https:\/\/staging.dyrsan.fr\/pt\/wp-json\/wp\/v2\/types\/product"}],"replies":[{"embeddable":true,"href":"https:\/\/staging.dyrsan.fr\/pt\/wp-json\/wp\/v2\/comments?post=75786"}],"version-history":[{"count":2,"href":"https:\/\/staging.dyrsan.fr\/pt\/wp-json\/wp\/v2\/product\/75786\/revisions"}],"predecessor-version":[{"id":76539,"href":"https:\/\/staging.dyrsan.fr\/pt\/wp-json\/wp\/v2\/product\/75786\/revisions\/76539"}],"wp:featuredmedia":[{"embeddable":true,"href":"https:\/\/staging.dyrsan.fr\/pt\/wp-json\/wp\/v2\/media\/75782"}],"wp:attachment":[{"href":"https:\/\/staging.dyrsan.fr\/pt\/wp-json\/wp\/v2\/media?parent=75786"}],"wp:term":[{"taxonomy":"product_brand","embeddable":true,"href":"https:\/\/staging.dyrsan.fr\/pt\/wp-json\/wp\/v2\/product_brand?post=75786"},{"taxonomy":"product_cat","embeddable":true,"href":"https:\/\/staging.dyrsan.fr\/pt\/wp-json\/wp\/v2\/product_cat?post=75786"},{"taxonomy":"product_tag","embeddable":true,"href":"https:\/\/staging.dyrsan.fr\/pt\/wp-json\/wp\/v2\/product_tag?post=75786"}],"curies":[{"name":"wp","href":"https:\/\/api.w.org\/{rel}","templated":true}]}}