{"id":75768,"date":"2026-04-03T13:41:22","date_gmt":"2026-04-03T13:41:22","guid":{"rendered":"https:\/\/staging.dyrsan.fr\/?post_type=product&#038;p=75768"},"modified":"2026-04-14T12:05:42","modified_gmt":"2026-04-14T12:05:42","slug":"tissu-en-jacquard-texture-motifs-carreaux-blanc-rouleau-50m","status":"publish","type":"product","link":"https:\/\/staging.dyrsan.fr\/pt\/shop\/tissu-en-jacquard-texture-motifs-carreaux-blanc-rouleau-50m\/","title":{"rendered":"Tecido jacquard texturado com padr\u00e3o axadrezado branco - Rolo 50M"},"content":{"rendered":"<p>Tissu en jacquard textur\u00e9 motifs carreaux blanc \u00e0 l\u2019aspect structur\u00e9. Ce tissu jacquard motifs carreaux blanc est certifi\u00e9 Oeko-Tex et adapt\u00e9 \u00e0 la confection de maillots de bain sophistiqu\u00e9s.<\/p>\n<p>&nbsp;<\/p>\n<p><strong>Especifica\u00e7\u00f5es t\u00e9cnicas:<\/strong><br \/>\nR\u00e9f\u00e9rence : DY2522<br \/>\nComposition : 92 % polyester, 8 % spandex<br \/>\nPoids : 300 g\/m\u00b2<br \/>\nLargura: 140 cm<br \/>\nCouleur : blanc<br \/>\nCertifica\u00e7\u00e3o: Oeko-Tex<br \/>\nUtiliza\u00e7\u00e3o: fatos de banho<\/p>","protected":false},"excerpt":{"rendered":"<p>Tissu en jacquard textur\u00e9 motifs carreaux blanc \u00e0 l\u2019aspect structur\u00e9. Ce tissu jacquard motifs carreaux blanc est certifi\u00e9 Oeko-Tex et adapt\u00e9 \u00e0 la confection de maillots de bain sophistiqu\u00e9s.<\/p>\n<p>&nbsp;<\/p>\n<p><strong>Especifica\u00e7\u00f5es t\u00e9cnicas:<\/strong><br \/>\nR\u00e9f\u00e9rence : DY2522<br \/>\nComposition : 92 % polyester, 8 % spandex<br \/>\nPoids : 300 g\/m\u00b2<br \/>\nLargura: 140 cm<br \/>\nCouleur : blanc<br \/>\nCertifica\u00e7\u00e3o: Oeko-Tex<br \/>\nUtiliza\u00e7\u00e3o: fatos de banho<\/p>\n<p>&nbsp;<\/p>","protected":false},"featured_media":75765,"comment_status":"open","ping_status":"closed","template":"","meta":[],"product_brand":[],"product_cat":[495,150,151,180,213],"product_tag":[],"class_list":{"0":"post-75768","1":"product","2":"type-product","3":"status-publish","4":"has-post-thumbnail","6":"product_cat-rouleaux-de-tissus","7":"product_cat-tissus","8":"product_cat-tissus-lycra-extensibles","9":"product_cat-tissus-mailles-jacquard","10":"product_cat-tissus-textures","12":"first","13":"instock","14":"taxable","15":"shipping-taxable","16":"purchasable","17":"product-type-simple"},"_links":{"self":[{"href":"https:\/\/staging.dyrsan.fr\/pt\/wp-json\/wp\/v2\/product\/75768","targetHints":{"allow":["GET"]}}],"collection":[{"href":"https:\/\/staging.dyrsan.fr\/pt\/wp-json\/wp\/v2\/product"}],"about":[{"href":"https:\/\/staging.dyrsan.fr\/pt\/wp-json\/wp\/v2\/types\/product"}],"replies":[{"embeddable":true,"href":"https:\/\/staging.dyrsan.fr\/pt\/wp-json\/wp\/v2\/comments?post=75768"}],"version-history":[{"count":1,"href":"https:\/\/staging.dyrsan.fr\/pt\/wp-json\/wp\/v2\/product\/75768\/revisions"}],"predecessor-version":[{"id":76431,"href":"https:\/\/staging.dyrsan.fr\/pt\/wp-json\/wp\/v2\/product\/75768\/revisions\/76431"}],"wp:featuredmedia":[{"embeddable":true,"href":"https:\/\/staging.dyrsan.fr\/pt\/wp-json\/wp\/v2\/media\/75765"}],"wp:attachment":[{"href":"https:\/\/staging.dyrsan.fr\/pt\/wp-json\/wp\/v2\/media?parent=75768"}],"wp:term":[{"taxonomy":"product_brand","embeddable":true,"href":"https:\/\/staging.dyrsan.fr\/pt\/wp-json\/wp\/v2\/product_brand?post=75768"},{"taxonomy":"product_cat","embeddable":true,"href":"https:\/\/staging.dyrsan.fr\/pt\/wp-json\/wp\/v2\/product_cat?post=75768"},{"taxonomy":"product_tag","embeddable":true,"href":"https:\/\/staging.dyrsan.fr\/pt\/wp-json\/wp\/v2\/product_tag?post=75768"}],"curies":[{"name":"wp","href":"https:\/\/api.w.org\/{rel}","templated":true}]}}