{"id":75764,"date":"2026-04-03T13:41:11","date_gmt":"2026-04-03T13:41:11","guid":{"rendered":"https:\/\/staging.dyrsan.fr\/?post_type=product&#038;p=75764"},"modified":"2026-04-14T12:37:48","modified_gmt":"2026-04-14T12:37:48","slug":"tissu-en-maille-jacquard-bleu-roi-a-motifs-de-vagues-rouleau-50m","status":"publish","type":"product","link":"https:\/\/staging.dyrsan.fr\/pt\/shop\/tissu-en-maille-jacquard-bleu-roi-a-motifs-de-vagues-rouleau-50m\/","title":{"rendered":"Tecido de malha jacquard azul royal com motivos ondulados - rolo de 50M"},"content":{"rendered":"<p>Tissu en maille jacquard bleu roi \u00e0 motifs de vagues, extensible et certifi\u00e9 OEKO-TEX\u00ae. Ce tissu jacquard offre une texture graphique \u00e9l\u00e9gante et une bonne \u00e9lasticit\u00e9, id\u00e9al pour la confection de maillots de bain modernes, pi\u00e8ces swimwear et cr\u00e9ations stretch raffin\u00e9es.<\/p>\n<p>&nbsp;<\/p>\n<p><strong>Especifica\u00e7\u00f5es t\u00e9cnicas:<\/strong><br \/>\nR\u00e9f\u00e9rence : DY2521<br \/>\nComposi\u00e7\u00e3o: 93 % poli\u00e9ster, 7 % elastano<br \/>\nPoids : 220 g\/m\u00b2<br \/>\nLargeur : 132 cm<br \/>\nCor: pode ser personalizada de acordo com o c\u00f3digo Pantone<br \/>\nCertifica\u00e7\u00e3o: OEKO-TEX<br \/>\nAspect : maille jacquard \u00e0 motifs de vagues<br \/>\nPropriedades: el\u00e1stico<\/p>\n<p><b style=\"font-family: wash;font-size: 30px\"><img class=\"alignnone wp-image-67583\" src=\"https:\/\/staging.dyrsan.fr\/wp-content\/uploads\/2025\/08\/instru-1.jpeg\" alt=\"\" width=\"153\" height=\"42\" loading=\"lazy\" decoding=\"async\" title=\"\" srcset=\"https:\/\/staging.dyrsan.fr\/wp-content\/uploads\/2025\/08\/instru-1.jpeg 698w, https:\/\/staging.dyrsan.fr\/wp-content\/uploads\/2025\/08\/instru-1-18x5.jpeg 18w\" sizes=\"auto, (max-width: 153px) 100vw, 153px\" \/><\/b><\/p>","protected":false},"excerpt":{"rendered":"<p>Tissu en maille jacquard bleu roi \u00e0 motifs de vagues, extensible et certifi\u00e9 OEKO-TEX\u00ae. Ce tissu jacquard offre une texture graphique \u00e9l\u00e9gante et une bonne \u00e9lasticit\u00e9, id\u00e9al pour la confection de maillots de bain modernes, pi\u00e8ces swimwear et cr\u00e9ations stretch raffin\u00e9es.<\/p>\n<p>&nbsp;<\/p>\n<p><strong>Especifica\u00e7\u00f5es t\u00e9cnicas:<\/strong><br \/>\nR\u00e9f\u00e9rence : DY2521<br \/>\nComposi\u00e7\u00e3o: 93 % poli\u00e9ster, 7 % elastano<br \/>\nPoids : 220 g\/m\u00b2<br \/>\nLargeur : 132 cm<br \/>\nCor: pode ser personalizada de acordo com o c\u00f3digo Pantone<br \/>\nCertifica\u00e7\u00e3o: OEKO-TEX<br \/>\nAspect : maille jacquard \u00e0 motifs de vagues<br \/>\nPropriedades: el\u00e1stico<\/p>\n<p><b style=\"font-family: wash;font-size: 30px\"><img loading=\"lazy\" decoding=\"async\" class=\"alignnone wp-image-67583\" src=\"https:\/\/staging.dyrsan.fr\/wp-content\/uploads\/2025\/08\/instru-1.jpeg\" alt=\"\" width=\"153\" height=\"42\" srcset=\"https:\/\/staging.dyrsan.fr\/wp-content\/uploads\/2025\/08\/instru-1.jpeg 698w, https:\/\/staging.dyrsan.fr\/wp-content\/uploads\/2025\/08\/instru-1-18x5.jpeg 18w\" sizes=\"auto, (max-width: 153px) 100vw, 153px\" \/><\/b><\/p>","protected":false},"featured_media":75760,"comment_status":"open","ping_status":"closed","template":"","meta":[],"product_brand":[],"product_cat":[495,150,180,213],"product_tag":[],"class_list":{"0":"post-75764","1":"product","2":"type-product","3":"status-publish","4":"has-post-thumbnail","6":"product_cat-rouleaux-de-tissus","7":"product_cat-tissus","8":"product_cat-tissus-mailles-jacquard","9":"product_cat-tissus-textures","11":"first","12":"instock","13":"taxable","14":"shipping-taxable","15":"purchasable","16":"product-type-simple"},"_links":{"self":[{"href":"https:\/\/staging.dyrsan.fr\/pt\/wp-json\/wp\/v2\/product\/75764","targetHints":{"allow":["GET"]}}],"collection":[{"href":"https:\/\/staging.dyrsan.fr\/pt\/wp-json\/wp\/v2\/product"}],"about":[{"href":"https:\/\/staging.dyrsan.fr\/pt\/wp-json\/wp\/v2\/types\/product"}],"replies":[{"embeddable":true,"href":"https:\/\/staging.dyrsan.fr\/pt\/wp-json\/wp\/v2\/comments?post=75764"}],"version-history":[{"count":2,"href":"https:\/\/staging.dyrsan.fr\/pt\/wp-json\/wp\/v2\/product\/75764\/revisions"}],"predecessor-version":[{"id":76541,"href":"https:\/\/staging.dyrsan.fr\/pt\/wp-json\/wp\/v2\/product\/75764\/revisions\/76541"}],"wp:featuredmedia":[{"embeddable":true,"href":"https:\/\/staging.dyrsan.fr\/pt\/wp-json\/wp\/v2\/media\/75760"}],"wp:attachment":[{"href":"https:\/\/staging.dyrsan.fr\/pt\/wp-json\/wp\/v2\/media?parent=75764"}],"wp:term":[{"taxonomy":"product_brand","embeddable":true,"href":"https:\/\/staging.dyrsan.fr\/pt\/wp-json\/wp\/v2\/product_brand?post=75764"},{"taxonomy":"product_cat","embeddable":true,"href":"https:\/\/staging.dyrsan.fr\/pt\/wp-json\/wp\/v2\/product_cat?post=75764"},{"taxonomy":"product_tag","embeddable":true,"href":"https:\/\/staging.dyrsan.fr\/pt\/wp-json\/wp\/v2\/product_tag?post=75764"}],"curies":[{"name":"wp","href":"https:\/\/api.w.org\/{rel}","templated":true}]}}