{"id":75746,"date":"2026-04-03T13:40:13","date_gmt":"2026-04-03T13:40:13","guid":{"rendered":"https:\/\/staging.dyrsan.fr\/?post_type=product&#038;p=75746"},"modified":"2026-04-14T12:37:51","modified_gmt":"2026-04-14T12:37:51","slug":"tissu-en-jacquard-extensible-texture-blanc-a-motif-zebre-rouleau-50m","status":"publish","type":"product","link":"https:\/\/staging.dyrsan.fr\/pt\/shop\/tissu-en-jacquard-extensible-texture-blanc-a-motif-zebre-rouleau-50m\/","title":{"rendered":"Tecido jacquard el\u00e1stico texturizado branco com padr\u00e3o de zebra - rolo de 50M"},"content":{"rendered":"<p>Tissu en jacquard extensible textur\u00e9 blanc \u00e0 motif z\u00e8bre, souple et r\u00e9sistant. Ce tissu jacquard extensible \u00e0 l\u2019aspect structur\u00e9 est id\u00e9al pour la confection de maillots de bain, v\u00eatements techniques et cr\u00e9ations mode contemporaines.<\/p>\n<p>&nbsp;<\/p>\n<p><strong>Especifica\u00e7\u00f5es t\u00e9cnicas:<\/strong><br \/>\nR\u00e9f\u00e9rence : DY2513<br \/>\nComposition : 52 % nylon, 33 % polyester, 15 % \u00e9lasthanne<br \/>\nPoids : 270 g\/m\u00b2<br \/>\nLargura: 140 cm<br \/>\nAspect : jacquard textur\u00e9 \u00e0 motif z\u00e8bre<br \/>\nPropri\u00e9t\u00e9s : extensible, r\u00e9sistant, confortable, bonne tenue<br \/>\nUtilisation : maillots de bain, beachwear, v\u00eatements stretch, pi\u00e8ces mode textur\u00e9es<br \/>\nOrigine : Hors UE<\/p>\n<p><b style=\"font-family: wash;font-size: 30px\"><img class=\"alignnone wp-image-67583\" src=\"https:\/\/staging.dyrsan.fr\/wp-content\/uploads\/2025\/08\/instru-1.jpeg\" alt=\"\" width=\"153\" height=\"42\" loading=\"lazy\" decoding=\"async\" title=\"\" srcset=\"https:\/\/staging.dyrsan.fr\/wp-content\/uploads\/2025\/08\/instru-1.jpeg 698w, https:\/\/staging.dyrsan.fr\/wp-content\/uploads\/2025\/08\/instru-1-18x5.jpeg 18w\" sizes=\"auto, (max-width: 153px) 100vw, 153px\" \/><\/b><\/p>","protected":false},"excerpt":{"rendered":"<p>Tissu en jacquard extensible textur\u00e9 blanc \u00e0 motif z\u00e8bre, souple et r\u00e9sistant. Ce tissu jacquard extensible \u00e0 l\u2019aspect structur\u00e9 est id\u00e9al pour la confection de maillots de bain, v\u00eatements techniques et cr\u00e9ations mode contemporaines.<\/p>\n<p>&nbsp;<\/p>\n<p><strong>Especifica\u00e7\u00f5es t\u00e9cnicas:<\/strong><br \/>\nR\u00e9f\u00e9rence : DY2513<br \/>\nComposition : 52 % nylon, 33 % polyester, 15 % \u00e9lasthanne<br \/>\nPoids : 270 g\/m\u00b2<br \/>\nLargura: 140 cm<br \/>\nAspect : jacquard textur\u00e9 \u00e0 motif z\u00e8bre<br \/>\nPropri\u00e9t\u00e9s : extensible, r\u00e9sistant, confortable, bonne tenue<br \/>\nUtilisation : maillots de bain, beachwear, v\u00eatements stretch, pi\u00e8ces mode textur\u00e9es<br \/>\nOrigine : Hors UE<\/p>\n<p><b style=\"font-family: wash;font-size: 30px\"><img loading=\"lazy\" decoding=\"async\" class=\"alignnone wp-image-67583\" src=\"https:\/\/staging.dyrsan.fr\/wp-content\/uploads\/2025\/08\/instru-1.jpeg\" alt=\"\" width=\"153\" height=\"42\" srcset=\"https:\/\/staging.dyrsan.fr\/wp-content\/uploads\/2025\/08\/instru-1.jpeg 698w, https:\/\/staging.dyrsan.fr\/wp-content\/uploads\/2025\/08\/instru-1-18x5.jpeg 18w\" sizes=\"auto, (max-width: 153px) 100vw, 153px\" \/><\/b><\/p>","protected":false},"featured_media":75743,"comment_status":"open","ping_status":"closed","template":"","meta":[],"product_brand":[],"product_cat":[495,150,210,180,213],"product_tag":[],"class_list":{"0":"post-75746","1":"product","2":"type-product","3":"status-publish","4":"has-post-thumbnail","6":"product_cat-rouleaux-de-tissus","7":"product_cat-tissus","8":"product_cat-tissus-imprimes-motifs-animaux","9":"product_cat-tissus-mailles-jacquard","10":"product_cat-tissus-textures","12":"first","13":"instock","14":"taxable","15":"shipping-taxable","16":"purchasable","17":"product-type-simple"},"_links":{"self":[{"href":"https:\/\/staging.dyrsan.fr\/pt\/wp-json\/wp\/v2\/product\/75746","targetHints":{"allow":["GET"]}}],"collection":[{"href":"https:\/\/staging.dyrsan.fr\/pt\/wp-json\/wp\/v2\/product"}],"about":[{"href":"https:\/\/staging.dyrsan.fr\/pt\/wp-json\/wp\/v2\/types\/product"}],"replies":[{"embeddable":true,"href":"https:\/\/staging.dyrsan.fr\/pt\/wp-json\/wp\/v2\/comments?post=75746"}],"version-history":[{"count":2,"href":"https:\/\/staging.dyrsan.fr\/pt\/wp-json\/wp\/v2\/product\/75746\/revisions"}],"predecessor-version":[{"id":76542,"href":"https:\/\/staging.dyrsan.fr\/pt\/wp-json\/wp\/v2\/product\/75746\/revisions\/76542"}],"wp:featuredmedia":[{"embeddable":true,"href":"https:\/\/staging.dyrsan.fr\/pt\/wp-json\/wp\/v2\/media\/75743"}],"wp:attachment":[{"href":"https:\/\/staging.dyrsan.fr\/pt\/wp-json\/wp\/v2\/media?parent=75746"}],"wp:term":[{"taxonomy":"product_brand","embeddable":true,"href":"https:\/\/staging.dyrsan.fr\/pt\/wp-json\/wp\/v2\/product_brand?post=75746"},{"taxonomy":"product_cat","embeddable":true,"href":"https:\/\/staging.dyrsan.fr\/pt\/wp-json\/wp\/v2\/product_cat?post=75746"},{"taxonomy":"product_tag","embeddable":true,"href":"https:\/\/staging.dyrsan.fr\/pt\/wp-json\/wp\/v2\/product_tag?post=75746"}],"curies":[{"name":"wp","href":"https:\/\/api.w.org\/{rel}","templated":true}]}}