{"id":75737,"date":"2026-04-03T13:39:46","date_gmt":"2026-04-03T13:39:46","guid":{"rendered":"https:\/\/staging.dyrsan.fr\/?post_type=product&#038;p=75737"},"modified":"2026-04-14T12:37:53","modified_gmt":"2026-04-14T12:37:53","slug":"tissu-en-maille-jacquard-a-rayures-en-relief-rouleau-50m","status":"publish","type":"product","link":"https:\/\/staging.dyrsan.fr\/pt\/shop\/tissu-en-maille-jacquard-a-rayures-en-relief-rouleau-50m\/","title":{"rendered":"Tecido de malha jacquard com riscas em relevo - rolo de 50M"},"content":{"rendered":"<p>Malha jacquard com riscas em relevo, extens\u00edvel e personaliz\u00e1vel de acordo com o c\u00f3digo Pantone. Este tecido t\u00e9cnico oferece um efeito texturado elegante, ideal para cria\u00e7\u00f5es de moda, desporto e fatos de banho.<\/p>\n<p>&nbsp;<\/p>\n<p><strong>Especifica\u00e7\u00f5es t\u00e9cnicas:<\/strong><br \/>\nN\u00famero de cat\u00e1logo: DY2511<br \/>\nComposi\u00e7\u00e3o: 70 % nylon, 15 % poli\u00e9ster, 15 % elastano<br \/>\nPeso: 190 g\/m\u00b2.<br \/>\nLargura: 160 cm<br \/>\nCor: pode ser personalizada de acordo com o c\u00f3digo Pantone<br \/>\nAspeto: riscas em relevo, malha texturada<br \/>\nPropriedades: el\u00e1stico, flex\u00edvel, confort\u00e1vel<br \/>\nUtiliza\u00e7\u00e3o: fatos de banho, roupa de desporto, lingerie, pronto-a-vestir<\/p>\n<p><b style=\"font-family: wash;font-size: 30px\"><img class=\"alignnone wp-image-67583\" src=\"https:\/\/staging.dyrsan.fr\/wp-content\/uploads\/2025\/08\/instru-1.jpeg\" alt=\"\" width=\"153\" height=\"42\" loading=\"lazy\" decoding=\"async\" title=\"\" srcset=\"https:\/\/staging.dyrsan.fr\/wp-content\/uploads\/2025\/08\/instru-1.jpeg 698w, https:\/\/staging.dyrsan.fr\/wp-content\/uploads\/2025\/08\/instru-1-18x5.jpeg 18w\" sizes=\"auto, (max-width: 153px) 100vw, 153px\" \/><\/b><\/p>\n<p>&nbsp;<\/p>\n<p style=\"font-family: wash;font-size: 30px\">","protected":false},"excerpt":{"rendered":"<p>Malha jacquard com riscas em relevo, extens\u00edvel e personaliz\u00e1vel de acordo com o c\u00f3digo Pantone. Este tecido t\u00e9cnico oferece um efeito texturado elegante, ideal para cria\u00e7\u00f5es de moda, desporto e fatos de banho.<\/p>\n<p>&nbsp;<\/p>\n<p><strong>Especifica\u00e7\u00f5es t\u00e9cnicas:<\/strong><br \/>\nN\u00famero de cat\u00e1logo: DY2511<br \/>\nComposi\u00e7\u00e3o: 70 % nylon, 15 % poli\u00e9ster, 15 % elastano<br \/>\nPeso: 190 g\/m\u00b2.<br \/>\nLargura: 160 cm<br \/>\nCor: pode ser personalizada de acordo com o c\u00f3digo Pantone<br \/>\nAspeto: riscas em relevo, malha texturada<br \/>\nPropriedades: el\u00e1stico, flex\u00edvel, confort\u00e1vel<br \/>\nUtiliza\u00e7\u00e3o: fatos de banho, roupa de desporto, lingerie, pronto-a-vestir<\/p>\n<p><b style=\"font-family: wash;font-size: 30px\"><img loading=\"lazy\" decoding=\"async\" class=\"alignnone wp-image-67583\" src=\"https:\/\/staging.dyrsan.fr\/wp-content\/uploads\/2025\/08\/instru-1.jpeg\" alt=\"\" width=\"153\" height=\"42\" srcset=\"https:\/\/staging.dyrsan.fr\/wp-content\/uploads\/2025\/08\/instru-1.jpeg 698w, https:\/\/staging.dyrsan.fr\/wp-content\/uploads\/2025\/08\/instru-1-18x5.jpeg 18w\" sizes=\"auto, (max-width: 153px) 100vw, 153px\" \/><\/b><\/p>\n<p>&nbsp;<\/p>\n<p style=\"font-family: wash;font-size: 30px\">","protected":false},"featured_media":75733,"comment_status":"open","ping_status":"closed","template":"","meta":[],"product_brand":[],"product_cat":[495,150,180,213],"product_tag":[],"class_list":{"0":"post-75737","1":"product","2":"type-product","3":"status-publish","4":"has-post-thumbnail","6":"product_cat-rouleaux-de-tissus","7":"product_cat-tissus","8":"product_cat-tissus-mailles-jacquard","9":"product_cat-tissus-textures","11":"first","12":"instock","13":"taxable","14":"shipping-taxable","15":"purchasable","16":"product-type-simple"},"_links":{"self":[{"href":"https:\/\/staging.dyrsan.fr\/pt\/wp-json\/wp\/v2\/product\/75737","targetHints":{"allow":["GET"]}}],"collection":[{"href":"https:\/\/staging.dyrsan.fr\/pt\/wp-json\/wp\/v2\/product"}],"about":[{"href":"https:\/\/staging.dyrsan.fr\/pt\/wp-json\/wp\/v2\/types\/product"}],"replies":[{"embeddable":true,"href":"https:\/\/staging.dyrsan.fr\/pt\/wp-json\/wp\/v2\/comments?post=75737"}],"version-history":[{"count":2,"href":"https:\/\/staging.dyrsan.fr\/pt\/wp-json\/wp\/v2\/product\/75737\/revisions"}],"predecessor-version":[{"id":76543,"href":"https:\/\/staging.dyrsan.fr\/pt\/wp-json\/wp\/v2\/product\/75737\/revisions\/76543"}],"wp:featuredmedia":[{"embeddable":true,"href":"https:\/\/staging.dyrsan.fr\/pt\/wp-json\/wp\/v2\/media\/75733"}],"wp:attachment":[{"href":"https:\/\/staging.dyrsan.fr\/pt\/wp-json\/wp\/v2\/media?parent=75737"}],"wp:term":[{"taxonomy":"product_brand","embeddable":true,"href":"https:\/\/staging.dyrsan.fr\/pt\/wp-json\/wp\/v2\/product_brand?post=75737"},{"taxonomy":"product_cat","embeddable":true,"href":"https:\/\/staging.dyrsan.fr\/pt\/wp-json\/wp\/v2\/product_cat?post=75737"},{"taxonomy":"product_tag","embeddable":true,"href":"https:\/\/staging.dyrsan.fr\/pt\/wp-json\/wp\/v2\/product_tag?post=75737"}],"curies":[{"name":"wp","href":"https:\/\/api.w.org\/{rel}","templated":true}]}}