{"id":75723,"date":"2026-04-03T13:39:05","date_gmt":"2026-04-03T13:39:05","guid":{"rendered":"https:\/\/staging.dyrsan.fr\/?post_type=product&#038;p=75723"},"modified":"2026-04-14T12:37:59","modified_gmt":"2026-04-14T12:37:59","slug":"tissu-en-jacquard-epais-extensible-texture-blanc-a-motif-zebre-rouleau-50m","status":"publish","type":"product","link":"https:\/\/staging.dyrsan.fr\/pt\/shop\/tissu-en-jacquard-epais-extensible-texture-blanc-a-motif-zebre-rouleau-50m\/","title":{"rendered":"Tissu en jacquard \u00e9pais extensible textur\u00e9 blanc \u00e0 motif z\u00e8bre \u2014 Rouleau 50M"},"content":{"rendered":"<p>Tecido jacquard el\u00e1stico espesso texturizado branco com padr\u00e3o de zebra, com relevo pronunciado e gramagem elevada. Este tecido jacquard el\u00e1stico espesso \u00e9 ideal para fatos de banho estruturados, fatos de banho premium e pe\u00e7as de moda que exijam suporte e textura.<\/p>\n<p>&nbsp;<\/p>\n<p><strong>Especifica\u00e7\u00f5es t\u00e9cnicas:<\/strong><br \/>\nN\u00famero de cat\u00e1logo: DY2505<br \/>\nComposi\u00e7\u00e3o: 95 % poli\u00e9ster, 5 % spandex<br \/>\nPeso: 320 g\/m\u00b2.<br \/>\nLargura: 115 cm<br \/>\nAspeto: jacquard de textura espessa com padr\u00e3o de zebra em relevo<br \/>\nPropriedades: el\u00e1stico, espesso, estruturado, resistente, confort\u00e1vel<br \/>\nUtiliza\u00e7\u00e3o: fatos de banho, roupa de praia, vestu\u00e1rio estruturado, pe\u00e7as de moda com textura<br \/>\nOrigem: fora da Uni\u00e3o Europeia<\/p>\n<p><b style=\"font-family: wash;font-size: 30px\"><img class=\"alignnone wp-image-67583\" src=\"https:\/\/staging.dyrsan.fr\/wp-content\/uploads\/2025\/08\/instru-1.jpeg\" alt=\"\" width=\"153\" height=\"42\" loading=\"lazy\" decoding=\"async\" title=\"\" srcset=\"https:\/\/staging.dyrsan.fr\/wp-content\/uploads\/2025\/08\/instru-1.jpeg 698w, https:\/\/staging.dyrsan.fr\/wp-content\/uploads\/2025\/08\/instru-1-18x5.jpeg 18w\" sizes=\"auto, (max-width: 153px) 100vw, 153px\" \/><\/b><\/p>","protected":false},"excerpt":{"rendered":"<p>Tecido jacquard el\u00e1stico espesso texturizado branco com padr\u00e3o de zebra, com relevo pronunciado e gramagem elevada. Este tecido jacquard el\u00e1stico espesso \u00e9 ideal para fatos de banho estruturados, fatos de banho premium e pe\u00e7as de moda que exijam suporte e textura.<\/p>\n<p>&nbsp;<\/p>\n<p><strong>Especifica\u00e7\u00f5es t\u00e9cnicas:<\/strong><br \/>\nN\u00famero de cat\u00e1logo: DY2505<br \/>\nComposi\u00e7\u00e3o: 95 % poli\u00e9ster, 5 % spandex<br \/>\nPeso: 320 g\/m\u00b2.<br \/>\nLargura: 115 cm<br \/>\nAspeto: jacquard de textura espessa com padr\u00e3o de zebra em relevo<br \/>\nPropriedades: el\u00e1stico, espesso, estruturado, resistente, confort\u00e1vel<br \/>\nUtiliza\u00e7\u00e3o: fatos de banho, roupa de praia, vestu\u00e1rio estruturado, pe\u00e7as de moda com textura<br \/>\nOrigem: fora da Uni\u00e3o Europeia<\/p>\n<p><b style=\"font-family: wash;font-size: 30px\"><img loading=\"lazy\" decoding=\"async\" class=\"alignnone wp-image-67583\" src=\"https:\/\/staging.dyrsan.fr\/wp-content\/uploads\/2025\/08\/instru-1.jpeg\" alt=\"\" width=\"153\" height=\"42\" srcset=\"https:\/\/staging.dyrsan.fr\/wp-content\/uploads\/2025\/08\/instru-1.jpeg 698w, https:\/\/staging.dyrsan.fr\/wp-content\/uploads\/2025\/08\/instru-1-18x5.jpeg 18w\" sizes=\"auto, (max-width: 153px) 100vw, 153px\" \/><\/b><\/p>","protected":false},"featured_media":75720,"comment_status":"open","ping_status":"closed","template":"","meta":[],"product_brand":[],"product_cat":[495,150,210,180],"product_tag":[],"class_list":{"0":"post-75723","1":"product","2":"type-product","3":"status-publish","4":"has-post-thumbnail","6":"product_cat-rouleaux-de-tissus","7":"product_cat-tissus","8":"product_cat-tissus-imprimes-motifs-animaux","9":"product_cat-tissus-mailles-jacquard","11":"first","12":"instock","13":"taxable","14":"shipping-taxable","15":"purchasable","16":"product-type-simple"},"_links":{"self":[{"href":"https:\/\/staging.dyrsan.fr\/pt\/wp-json\/wp\/v2\/product\/75723","targetHints":{"allow":["GET"]}}],"collection":[{"href":"https:\/\/staging.dyrsan.fr\/pt\/wp-json\/wp\/v2\/product"}],"about":[{"href":"https:\/\/staging.dyrsan.fr\/pt\/wp-json\/wp\/v2\/types\/product"}],"replies":[{"embeddable":true,"href":"https:\/\/staging.dyrsan.fr\/pt\/wp-json\/wp\/v2\/comments?post=75723"}],"version-history":[{"count":2,"href":"https:\/\/staging.dyrsan.fr\/pt\/wp-json\/wp\/v2\/product\/75723\/revisions"}],"predecessor-version":[{"id":76545,"href":"https:\/\/staging.dyrsan.fr\/pt\/wp-json\/wp\/v2\/product\/75723\/revisions\/76545"}],"wp:featuredmedia":[{"embeddable":true,"href":"https:\/\/staging.dyrsan.fr\/pt\/wp-json\/wp\/v2\/media\/75720"}],"wp:attachment":[{"href":"https:\/\/staging.dyrsan.fr\/pt\/wp-json\/wp\/v2\/media?parent=75723"}],"wp:term":[{"taxonomy":"product_brand","embeddable":true,"href":"https:\/\/staging.dyrsan.fr\/pt\/wp-json\/wp\/v2\/product_brand?post=75723"},{"taxonomy":"product_cat","embeddable":true,"href":"https:\/\/staging.dyrsan.fr\/pt\/wp-json\/wp\/v2\/product_cat?post=75723"},{"taxonomy":"product_tag","embeddable":true,"href":"https:\/\/staging.dyrsan.fr\/pt\/wp-json\/wp\/v2\/product_tag?post=75723"}],"curies":[{"name":"wp","href":"https:\/\/api.w.org\/{rel}","templated":true}]}}