{"id":75707,"date":"2026-04-03T13:38:13","date_gmt":"2026-04-03T13:38:13","guid":{"rendered":"https:\/\/staging.dyrsan.fr\/?post_type=product&#038;p=75707"},"modified":"2026-04-14T12:06:11","modified_gmt":"2026-04-14T12:06:11","slug":"tissu-bain-violet-polyester-elasthanne-gaufre-rouleau-50m","status":"publish","type":"product","link":"https:\/\/staging.dyrsan.fr\/pt\/shop\/tissu-bain-violet-polyester-elasthanne-gaufre-rouleau-50m\/","title":{"rendered":"Tissu bain violet polyester \u00e9lasthanne gaufr\u00e9 \u2014 Rouleau 50M"},"content":{"rendered":"<p>Tecido roxo de poli\u00e9ster elastano em relevo para fatos de banho, com 155 cm de largura e 235 g\/m\u00b2 de peso. A sua textura delicadamente ondulada confere um acabamento requintado e el\u00e1stico, ideal para fatos de banho e fatos de banho ajustados.<\/p>\n<p>&nbsp;<\/p>\n<p><strong>Especifica\u00e7\u00f5es t\u00e9cnicas:<\/strong><br \/>\nN\u00famero de cat\u00e1logo: DY80027<br \/>\nCategoria: Tecidos de banho<br \/>\nComposi\u00e7\u00e3o: 89 % poli\u00e9ster - 11 % elastano<br \/>\nLargura: 155 cm<br \/>\nPeso: 235 g\/m\u00b2.<br \/>\nAspeto : Em relevo, el\u00e1stico<br \/>\nCor: Roxo profundo (personaliz\u00e1vel de acordo com o c\u00f3digo Pantone)<\/p>\n<p>Utiliza\u00e7\u00e3o: Fatos de banho, fatos de banho, vestu\u00e1rio el\u00e1stico<\/p>","protected":false},"excerpt":{"rendered":"<p>Tecido roxo de poli\u00e9ster elastano em relevo para fatos de banho, com 155 cm de largura e 235 g\/m\u00b2 de peso. A sua textura delicadamente ondulada confere um acabamento requintado e el\u00e1stico, ideal para fatos de banho e fatos de banho ajustados.<\/p>\n<p>&nbsp;<\/p>\n<p><strong>Especifica\u00e7\u00f5es t\u00e9cnicas:<\/strong><br \/>\nN\u00famero de cat\u00e1logo: DY80027<br \/>\nCategoria: Tecidos de banho<br \/>\nComposi\u00e7\u00e3o: 89 % poli\u00e9ster - 11 % elastano<br \/>\nLargura: 155 cm<br \/>\nPeso: 235 g\/m\u00b2.<br \/>\nAspeto : Em relevo, el\u00e1stico<br \/>\nCor: Roxo profundo (personaliz\u00e1vel de acordo com o c\u00f3digo Pantone)<\/p>\n<p>Utiliza\u00e7\u00e3o: Fatos de banho, fatos de banho, vestu\u00e1rio el\u00e1stico<\/p>\n<div id=\"simple-translate\" class=\"simple-translate-system-theme\">\n<div>\n<div class=\"simple-translate-button isShow\" style=\"height: 22px;width: 22px;top: 111px;left: 178px\"><\/div>\n<div class=\"simple-translate-panel\" style=\"width: 300px;height: 200px;top: 0px;left: 0px;font-size: 13px\">\n<div class=\"simple-translate-result-wrapper\" style=\"overflow: hidden\">\n<div class=\"simple-translate-move\"><\/div>\n<div class=\"simple-translate-result-contents\">\n<p class=\"simple-translate-result\" dir=\"auto\">\n<p class=\"simple-translate-candidate\" dir=\"auto\">\n<\/div>\n<\/div>\n<\/div>\n<\/div>\n<\/div>","protected":false},"featured_media":75702,"comment_status":"open","ping_status":"closed","template":"","meta":[],"product_brand":[],"product_cat":[495,150,151,455],"product_tag":[],"class_list":{"0":"post-75707","1":"product","2":"type-product","3":"status-publish","4":"has-post-thumbnail","6":"product_cat-rouleaux-de-tissus","7":"product_cat-tissus","8":"product_cat-tissus-lycra-extensibles","9":"product_cat-tissus-maillots-de-bain","11":"first","12":"instock","13":"taxable","14":"shipping-taxable","15":"purchasable","16":"product-type-simple"},"_links":{"self":[{"href":"https:\/\/staging.dyrsan.fr\/pt\/wp-json\/wp\/v2\/product\/75707","targetHints":{"allow":["GET"]}}],"collection":[{"href":"https:\/\/staging.dyrsan.fr\/pt\/wp-json\/wp\/v2\/product"}],"about":[{"href":"https:\/\/staging.dyrsan.fr\/pt\/wp-json\/wp\/v2\/types\/product"}],"replies":[{"embeddable":true,"href":"https:\/\/staging.dyrsan.fr\/pt\/wp-json\/wp\/v2\/comments?post=75707"}],"version-history":[{"count":1,"href":"https:\/\/staging.dyrsan.fr\/pt\/wp-json\/wp\/v2\/product\/75707\/revisions"}],"predecessor-version":[{"id":76441,"href":"https:\/\/staging.dyrsan.fr\/pt\/wp-json\/wp\/v2\/product\/75707\/revisions\/76441"}],"wp:featuredmedia":[{"embeddable":true,"href":"https:\/\/staging.dyrsan.fr\/pt\/wp-json\/wp\/v2\/media\/75702"}],"wp:attachment":[{"href":"https:\/\/staging.dyrsan.fr\/pt\/wp-json\/wp\/v2\/media?parent=75707"}],"wp:term":[{"taxonomy":"product_brand","embeddable":true,"href":"https:\/\/staging.dyrsan.fr\/pt\/wp-json\/wp\/v2\/product_brand?post=75707"},{"taxonomy":"product_cat","embeddable":true,"href":"https:\/\/staging.dyrsan.fr\/pt\/wp-json\/wp\/v2\/product_cat?post=75707"},{"taxonomy":"product_tag","embeddable":true,"href":"https:\/\/staging.dyrsan.fr\/pt\/wp-json\/wp\/v2\/product_tag?post=75707"}],"curies":[{"name":"wp","href":"https:\/\/api.w.org\/{rel}","templated":true}]}}