{"id":75683,"date":"2026-04-03T13:36:30","date_gmt":"2026-04-03T13:36:30","guid":{"rendered":"https:\/\/staging.dyrsan.fr\/?post_type=product&#038;p=75683"},"modified":"2026-04-14T12:06:24","modified_gmt":"2026-04-14T12:06:24","slug":"tissu-resille-jacquard-rouge-motifs-lucky-nylon-elasthanne-rouleau-50m","status":"publish","type":"product","link":"https:\/\/staging.dyrsan.fr\/pt\/shop\/tissu-resille-jacquard-rouge-motifs-lucky-nylon-elasthanne-rouleau-50m\/","title":{"rendered":"Tissu r\u00e9sille jacquard rouge motifs Lucky nylon \u00e9lasthanne \u2014 Rouleau 50M"},"content":{"rendered":"<p>Malha jacquard vermelha com motivos Lucky em nylon e elastano, com 120 cm de largura e 115 g\/m\u00b2 de peso. A sua malha fina e flex\u00edvel \u00e9 adornada com pequenos motivos de borboletas e a palavra \u201cLucky\u201d flocada em relevo, oferecendo uma textura original e rom\u00e2ntica, ideal para lingerie, fatos de corpo ou cangas transparentes.<\/p>\n<p><strong>Especifica\u00e7\u00f5es t\u00e9cnicas:<\/strong><br \/>\nN\u00famero de cat\u00e1logo : DY98782<br \/>\nCategoria: Tecido Jacquard fishnet<br \/>\nComposi\u00e7\u00e3o: 60 nylon % - 40 elastano %<br \/>\nLargura: 120 cm<br \/>\nPeso: 115 g\/m\u00b2.<br \/>\nAspeto: Transparente, motivos \u201cLucky\u201d e borboletas em relevo<br \/>\nCor: Vermelho vivo (personaliz\u00e1vel segundo o c\u00f3digo Pantone)<br \/>\nUtiliza\u00e7\u00e3o: Lingerie, bodysuits, vestu\u00e1rio de senhora, detalhes transparentes<\/p>","protected":false},"excerpt":{"rendered":"<p>Malha jacquard vermelha com motivos Lucky em nylon e elastano, com 120 cm de largura e 115 g\/m\u00b2 de peso. A sua malha fina e flex\u00edvel \u00e9 adornada com pequenos motivos de borboletas e a palavra \u201cLucky\u201d flocada em relevo, oferecendo uma textura original e rom\u00e2ntica, ideal para lingerie, fatos de corpo ou cangas transparentes.<\/p>\n<p><strong>Especifica\u00e7\u00f5es t\u00e9cnicas:<\/strong><br \/>\nN\u00famero de cat\u00e1logo : DY98782<br \/>\nCategoria: Tecido Jacquard fishnet<br \/>\nComposi\u00e7\u00e3o: 60 nylon % - 40 elastano %<br \/>\nLargura: 120 cm<br \/>\nPeso: 115 g\/m\u00b2.<br \/>\nAspeto: Transparente, motivos \u201cLucky\u201d e borboletas em relevo<br \/>\nCor: Vermelho vivo (personaliz\u00e1vel segundo o c\u00f3digo Pantone)<br \/>\nUtiliza\u00e7\u00e3o: Lingerie, bodysuits, vestu\u00e1rio de senhora, detalhes transparentes<\/p>","protected":false},"featured_media":75677,"comment_status":"open","ping_status":"closed","template":"","meta":[],"product_brand":[],"product_cat":[495,150,209,456,179],"product_tag":[],"class_list":{"0":"post-75683","1":"product","2":"type-product","3":"status-publish","4":"has-post-thumbnail","6":"product_cat-rouleaux-de-tissus","7":"product_cat-tissus","8":"product_cat-tissus-dentelles","9":"product_cat-tissus-pour-lingerie","10":"product_cat-tissus-resilles","12":"first","13":"instock","14":"taxable","15":"shipping-taxable","16":"purchasable","17":"product-type-simple"},"_links":{"self":[{"href":"https:\/\/staging.dyrsan.fr\/pt\/wp-json\/wp\/v2\/product\/75683","targetHints":{"allow":["GET"]}}],"collection":[{"href":"https:\/\/staging.dyrsan.fr\/pt\/wp-json\/wp\/v2\/product"}],"about":[{"href":"https:\/\/staging.dyrsan.fr\/pt\/wp-json\/wp\/v2\/types\/product"}],"replies":[{"embeddable":true,"href":"https:\/\/staging.dyrsan.fr\/pt\/wp-json\/wp\/v2\/comments?post=75683"}],"version-history":[{"count":1,"href":"https:\/\/staging.dyrsan.fr\/pt\/wp-json\/wp\/v2\/product\/75683\/revisions"}],"predecessor-version":[{"id":76446,"href":"https:\/\/staging.dyrsan.fr\/pt\/wp-json\/wp\/v2\/product\/75683\/revisions\/76446"}],"wp:featuredmedia":[{"embeddable":true,"href":"https:\/\/staging.dyrsan.fr\/pt\/wp-json\/wp\/v2\/media\/75677"}],"wp:attachment":[{"href":"https:\/\/staging.dyrsan.fr\/pt\/wp-json\/wp\/v2\/media?parent=75683"}],"wp:term":[{"taxonomy":"product_brand","embeddable":true,"href":"https:\/\/staging.dyrsan.fr\/pt\/wp-json\/wp\/v2\/product_brand?post=75683"},{"taxonomy":"product_cat","embeddable":true,"href":"https:\/\/staging.dyrsan.fr\/pt\/wp-json\/wp\/v2\/product_cat?post=75683"},{"taxonomy":"product_tag","embeddable":true,"href":"https:\/\/staging.dyrsan.fr\/pt\/wp-json\/wp\/v2\/product_tag?post=75683"}],"curies":[{"name":"wp","href":"https:\/\/api.w.org\/{rel}","templated":true}]}}