{"id":75676,"date":"2026-04-03T13:36:07","date_gmt":"2026-04-03T13:36:07","guid":{"rendered":"https:\/\/staging.dyrsan.fr\/?post_type=product&#038;p=75676"},"modified":"2026-04-14T12:06:27","modified_gmt":"2026-04-14T12:06:27","slug":"tissu-resille-jacquard-rouge-nylon-elasthanne-rouleau-50m","status":"publish","type":"product","link":"https:\/\/staging.dyrsan.fr\/pt\/shop\/tissu-resille-jacquard-rouge-nylon-elasthanne-rouleau-50m\/","title":{"rendered":"Tissu r\u00e9sille jacquard rouge nylon \u00e9lasthanne \u2014 Rouleau 50M"},"content":{"rendered":"<p>Rede de pesca em jacquard de nylon elastano vermelho, com 152 cm de largura e 102 g\/m\u00b2 de peso. A sua malha fina e aberta, com um delicado padr\u00e3o jacquard, combina flexibilidade e elasticidade, sendo ideal para lingerie, cangas ou pe\u00e7as de moda refinadas.<\/p>\n<p>&nbsp;<\/p>\n<p><strong>Especifica\u00e7\u00f5es t\u00e9cnicas:<\/strong><br \/>\nN\u00famero de cat\u00e1logo: DY91536<br \/>\nCategoria: Tecido Jacquard fishnet<br \/>\nComposi\u00e7\u00e3o: 82 % nylon - 18 % elastano<br \/>\nLargura: 152 cm<br \/>\nPeso: 102 g\/m\u00b2.<br \/>\nAspeto: Aberto, fino, padr\u00e3o jacquard regular<br \/>\nCor: Vermelho vivo (personaliz\u00e1vel segundo o c\u00f3digo Pantone)<br \/>\nUtiliza\u00e7\u00e3o: Lingerie, moda, forros, cangas decorativas<\/p>","protected":false},"excerpt":{"rendered":"<p>Rede de pesca em jacquard de nylon elastano vermelho, com 152 cm de largura e 102 g\/m\u00b2 de peso. A sua malha fina e aberta, com um delicado padr\u00e3o jacquard, combina flexibilidade e elasticidade, sendo ideal para lingerie, cangas ou pe\u00e7as de moda refinadas.<\/p>\n<p>&nbsp;<\/p>\n<p><strong>Especifica\u00e7\u00f5es t\u00e9cnicas:<\/strong><br \/>\nN\u00famero de cat\u00e1logo: DY91536<br \/>\nCategoria: Tecido Jacquard fishnet<br \/>\nComposi\u00e7\u00e3o: 82 % nylon - 18 % elastano<br \/>\nLargura: 152 cm<br \/>\nPeso: 102 g\/m\u00b2.<br \/>\nAspeto: Aberto, fino, padr\u00e3o jacquard regular<br \/>\nCor: Vermelho vivo (personaliz\u00e1vel segundo o c\u00f3digo Pantone)<br \/>\nUtiliza\u00e7\u00e3o: Lingerie, moda, forros, cangas decorativas<\/p>","protected":false},"featured_media":75671,"comment_status":"open","ping_status":"closed","template":"","meta":[],"product_brand":[],"product_cat":[495,150,209,456,179],"product_tag":[],"class_list":{"0":"post-75676","1":"product","2":"type-product","3":"status-publish","4":"has-post-thumbnail","6":"product_cat-rouleaux-de-tissus","7":"product_cat-tissus","8":"product_cat-tissus-dentelles","9":"product_cat-tissus-pour-lingerie","10":"product_cat-tissus-resilles","12":"first","13":"instock","14":"taxable","15":"shipping-taxable","16":"purchasable","17":"product-type-simple"},"_links":{"self":[{"href":"https:\/\/staging.dyrsan.fr\/pt\/wp-json\/wp\/v2\/product\/75676","targetHints":{"allow":["GET"]}}],"collection":[{"href":"https:\/\/staging.dyrsan.fr\/pt\/wp-json\/wp\/v2\/product"}],"about":[{"href":"https:\/\/staging.dyrsan.fr\/pt\/wp-json\/wp\/v2\/types\/product"}],"replies":[{"embeddable":true,"href":"https:\/\/staging.dyrsan.fr\/pt\/wp-json\/wp\/v2\/comments?post=75676"}],"version-history":[{"count":1,"href":"https:\/\/staging.dyrsan.fr\/pt\/wp-json\/wp\/v2\/product\/75676\/revisions"}],"predecessor-version":[{"id":76447,"href":"https:\/\/staging.dyrsan.fr\/pt\/wp-json\/wp\/v2\/product\/75676\/revisions\/76447"}],"wp:featuredmedia":[{"embeddable":true,"href":"https:\/\/staging.dyrsan.fr\/pt\/wp-json\/wp\/v2\/media\/75671"}],"wp:attachment":[{"href":"https:\/\/staging.dyrsan.fr\/pt\/wp-json\/wp\/v2\/media?parent=75676"}],"wp:term":[{"taxonomy":"product_brand","embeddable":true,"href":"https:\/\/staging.dyrsan.fr\/pt\/wp-json\/wp\/v2\/product_brand?post=75676"},{"taxonomy":"product_cat","embeddable":true,"href":"https:\/\/staging.dyrsan.fr\/pt\/wp-json\/wp\/v2\/product_cat?post=75676"},{"taxonomy":"product_tag","embeddable":true,"href":"https:\/\/staging.dyrsan.fr\/pt\/wp-json\/wp\/v2\/product_tag?post=75676"}],"curies":[{"name":"wp","href":"https:\/\/api.w.org\/{rel}","templated":true}]}}