{"id":75658,"date":"2026-04-03T13:35:14","date_gmt":"2026-04-03T13:35:14","guid":{"rendered":"https:\/\/staging.dyrsan.fr\/?post_type=product&#038;p=75658"},"modified":"2026-04-14T12:06:35","modified_gmt":"2026-04-14T12:06:35","slug":"tissu-resille-floquee-fleurs-rose-recyclee-extensible-rouleau-50m","status":"publish","type":"product","link":"https:\/\/staging.dyrsan.fr\/pt\/shop\/tissu-resille-floquee-fleurs-rose-recyclee-extensible-rouleau-50m\/","title":{"rendered":"Tecido de rede flocado flores cor-de-rosa reciclado stretch - Rolo 50M"},"content":{"rendered":"<p>Tissu r\u00e9sille floqu\u00e9e fleurs rose recycl\u00e9e extensible, l\u00e9ger et souple, id\u00e9al pour la lingerie, la mode f\u00e9minine et les d\u00e9tails d\u00e9coratifs. Sa base en nylon recycl\u00e9 et \u00e9lasthanne offre \u00e9lasticit\u00e9, confort et r\u00e9sistance tout en valorisant une d\u00e9marche \u00e9coresponsable.<\/p>\n<p>&nbsp;<\/p>\n<p><strong>Especifica\u00e7\u00f5es t\u00e9cnicas:<\/strong><br \/>\nR\u00e9f\u00e9rence : DY50104R<br \/>\nType de tissu : R\u00e9sille floqu\u00e9e<br \/>\nLargura: 152 cm<br \/>\nPoids : 100 g\/m\u00b2<br \/>\nComposition : 90 % nylon recycl\u00e9, 10 % \u00e9lasthanne<br \/>\nCouleur : Rose (personnalisable selon le code Pantone)<br \/>\nAspect : R\u00e9sille transparente orn\u00e9e de motifs floraux floqu\u00e9s roses<br \/>\nUsage conseill\u00e9 : Lingerie, bralettes, culottes, v\u00eatements l\u00e9gers et empi\u00e8cements d\u00e9coratifs<\/p>","protected":false},"excerpt":{"rendered":"<p>Tissu r\u00e9sille floqu\u00e9e fleurs rose recycl\u00e9e extensible, l\u00e9ger et souple, id\u00e9al pour la lingerie, la mode f\u00e9minine et les d\u00e9tails d\u00e9coratifs. Sa base en nylon recycl\u00e9 et \u00e9lasthanne offre \u00e9lasticit\u00e9, confort et r\u00e9sistance tout en valorisant une d\u00e9marche \u00e9coresponsable.<\/p>\n<p>&nbsp;<\/p>\n<p><strong>Especifica\u00e7\u00f5es t\u00e9cnicas:<\/strong><br \/>\nR\u00e9f\u00e9rence : DY50104R<br \/>\nType de tissu : R\u00e9sille floqu\u00e9e<br \/>\nLargura: 152 cm<br \/>\nPoids : 100 g\/m\u00b2<br \/>\nComposition : 90 % nylon recycl\u00e9, 10 % \u00e9lasthanne<br \/>\nCouleur : Rose (personnalisable selon le code Pantone)<br \/>\nAspect : R\u00e9sille transparente orn\u00e9e de motifs floraux floqu\u00e9s roses<br \/>\nUsage conseill\u00e9 : Lingerie, bralettes, culottes, v\u00eatements l\u00e9gers et empi\u00e8cements d\u00e9coratifs<\/p>","protected":false},"featured_media":75653,"comment_status":"open","ping_status":"closed","template":"","meta":[],"product_brand":[],"product_cat":[495,150,456,197,179],"product_tag":[],"class_list":{"0":"post-75658","1":"product","2":"type-product","3":"status-publish","4":"has-post-thumbnail","6":"product_cat-rouleaux-de-tissus","7":"product_cat-tissus","8":"product_cat-tissus-pour-lingerie","9":"product_cat-tissus-recycles","10":"product_cat-tissus-resilles","12":"first","13":"instock","14":"taxable","15":"shipping-taxable","16":"purchasable","17":"product-type-simple"},"_links":{"self":[{"href":"https:\/\/staging.dyrsan.fr\/pt\/wp-json\/wp\/v2\/product\/75658","targetHints":{"allow":["GET"]}}],"collection":[{"href":"https:\/\/staging.dyrsan.fr\/pt\/wp-json\/wp\/v2\/product"}],"about":[{"href":"https:\/\/staging.dyrsan.fr\/pt\/wp-json\/wp\/v2\/types\/product"}],"replies":[{"embeddable":true,"href":"https:\/\/staging.dyrsan.fr\/pt\/wp-json\/wp\/v2\/comments?post=75658"}],"version-history":[{"count":1,"href":"https:\/\/staging.dyrsan.fr\/pt\/wp-json\/wp\/v2\/product\/75658\/revisions"}],"predecessor-version":[{"id":76450,"href":"https:\/\/staging.dyrsan.fr\/pt\/wp-json\/wp\/v2\/product\/75658\/revisions\/76450"}],"wp:featuredmedia":[{"embeddable":true,"href":"https:\/\/staging.dyrsan.fr\/pt\/wp-json\/wp\/v2\/media\/75653"}],"wp:attachment":[{"href":"https:\/\/staging.dyrsan.fr\/pt\/wp-json\/wp\/v2\/media?parent=75658"}],"wp:term":[{"taxonomy":"product_brand","embeddable":true,"href":"https:\/\/staging.dyrsan.fr\/pt\/wp-json\/wp\/v2\/product_brand?post=75658"},{"taxonomy":"product_cat","embeddable":true,"href":"https:\/\/staging.dyrsan.fr\/pt\/wp-json\/wp\/v2\/product_cat?post=75658"},{"taxonomy":"product_tag","embeddable":true,"href":"https:\/\/staging.dyrsan.fr\/pt\/wp-json\/wp\/v2\/product_tag?post=75658"}],"curies":[{"name":"wp","href":"https:\/\/api.w.org\/{rel}","templated":true}]}}