{"id":75652,"date":"2026-04-03T13:34:43","date_gmt":"2026-04-03T13:34:43","guid":{"rendered":"https:\/\/staging.dyrsan.fr\/?post_type=product&#038;p=75652"},"modified":"2026-04-14T12:06:38","modified_gmt":"2026-04-14T12:06:38","slug":"tissu-lycra-mat-rouge-intense-extensible-haute-qualite-rouleau-50m","status":"publish","type":"product","link":"https:\/\/staging.dyrsan.fr\/pt\/shop\/tissu-lycra-mat-rouge-intense-extensible-haute-qualite-rouleau-50m\/","title":{"rendered":"Lycra el\u00e1stica de alta qualidade vermelho intenso mate - rolo de 50M"},"content":{"rendered":"<p>Tecido vermelho mate de lycra el\u00e1stica de alta qualidade, ideal para fatos de banho, lingerie e vestu\u00e1rio desportivo. Leve e resistente, oferece um conforto excecional, uma boa opacidade e uma total liberdade de movimentos.<\/p>\n<p>&nbsp;<\/p>\n<p><strong>Especifica\u00e7\u00f5es t\u00e9cnicas:<\/strong><\/p>\n<p>Refer\u00eancia : DY92085B<br \/>\nComposi\u00e7\u00e3o: 82 % poliamida, 18 % elastano<br \/>\nPeso: 190 g\/m\u00b2.<br \/>\nLargura: 150 cm<br \/>\nCor: Vermelho mate intenso (personaliz\u00e1vel segundo o c\u00f3digo Pantone)<br \/>\nAspeto: Liso, macio e extens\u00edvel nas 4 direc\u00e7\u00f5es<br \/>\nPropriedades: Respir\u00e1vel, de secagem r\u00e1pida, apoio \u00f3timo e toque sedoso<br \/>\nUtiliza\u00e7\u00e3o: fatos de banho, lingerie, vestu\u00e1rio t\u00e9cnico ou desportivo<\/p>\n<p><b><img class=\"alignnone wp-image-67583\" src=\"https:\/\/staging.dyrsan.fr\/wp-content\/uploads\/2025\/08\/instru-1.jpeg\" alt=\"\" width=\"153\" height=\"42\" loading=\"lazy\" decoding=\"async\" title=\"\" srcset=\"https:\/\/staging.dyrsan.fr\/wp-content\/uploads\/2025\/08\/instru-1.jpeg 698w, https:\/\/staging.dyrsan.fr\/wp-content\/uploads\/2025\/08\/instru-1-18x5.jpeg 18w\" sizes=\"auto, (max-width: 153px) 100vw, 153px\" \/><\/b><\/p>\n<p><strong>Vendido em unidades de 50 cm de comprimento<\/strong>\u00a0(Para encomendar 1m selecionar 2 unidades)<\/p>","protected":false},"excerpt":{"rendered":"<p>Tecido vermelho mate de lycra el\u00e1stica de alta qualidade, ideal para fatos de banho, lingerie e vestu\u00e1rio desportivo. Leve e resistente, oferece um conforto excecional, uma boa opacidade e uma total liberdade de movimentos.<\/p>\n<p>&nbsp;<\/p>\n<p><strong>Especifica\u00e7\u00f5es t\u00e9cnicas:<\/strong><\/p>\n<p>Refer\u00eancia : DY92085B<br \/>\nComposi\u00e7\u00e3o: 82 % poliamida, 18 % elastano<br \/>\nPeso: 190 g\/m\u00b2.<br \/>\nLargura: 150 cm<br \/>\nCor: Vermelho mate intenso (personaliz\u00e1vel segundo o c\u00f3digo Pantone)<br \/>\nAspeto: Liso, macio e extens\u00edvel nas 4 direc\u00e7\u00f5es<br \/>\nPropriedades: Respir\u00e1vel, de secagem r\u00e1pida, apoio \u00f3timo e toque sedoso<br \/>\nUtiliza\u00e7\u00e3o: fatos de banho, lingerie, vestu\u00e1rio t\u00e9cnico ou desportivo<\/p>\n<p><b><img loading=\"lazy\" decoding=\"async\" class=\"alignnone wp-image-67583\" src=\"https:\/\/staging.dyrsan.fr\/wp-content\/uploads\/2025\/08\/instru-1.jpeg\" alt=\"\" width=\"153\" height=\"42\" srcset=\"https:\/\/staging.dyrsan.fr\/wp-content\/uploads\/2025\/08\/instru-1.jpeg 698w, https:\/\/staging.dyrsan.fr\/wp-content\/uploads\/2025\/08\/instru-1-18x5.jpeg 18w\" sizes=\"auto, (max-width: 153px) 100vw, 153px\" \/><\/b><\/p>\n<p><strong>Vendido em unidades de 50 cm de comprimento<\/strong>\u00a0(Para encomendar 1m selecionar 2 unidades)<\/p>","protected":false},"featured_media":75648,"comment_status":"open","ping_status":"closed","template":"","meta":[],"product_brand":[],"product_cat":[458,495,150,151],"product_tag":[],"class_list":{"0":"post-75652","1":"product","2":"type-product","3":"status-publish","4":"has-post-thumbnail","6":"product_cat-dernieres-pieces","7":"product_cat-rouleaux-de-tissus","8":"product_cat-tissus","9":"product_cat-tissus-lycra-extensibles","11":"first","12":"instock","13":"taxable","14":"shipping-taxable","15":"purchasable","16":"product-type-simple"},"_links":{"self":[{"href":"https:\/\/staging.dyrsan.fr\/pt\/wp-json\/wp\/v2\/product\/75652","targetHints":{"allow":["GET"]}}],"collection":[{"href":"https:\/\/staging.dyrsan.fr\/pt\/wp-json\/wp\/v2\/product"}],"about":[{"href":"https:\/\/staging.dyrsan.fr\/pt\/wp-json\/wp\/v2\/types\/product"}],"replies":[{"embeddable":true,"href":"https:\/\/staging.dyrsan.fr\/pt\/wp-json\/wp\/v2\/comments?post=75652"}],"version-history":[{"count":1,"href":"https:\/\/staging.dyrsan.fr\/pt\/wp-json\/wp\/v2\/product\/75652\/revisions"}],"predecessor-version":[{"id":76451,"href":"https:\/\/staging.dyrsan.fr\/pt\/wp-json\/wp\/v2\/product\/75652\/revisions\/76451"}],"wp:featuredmedia":[{"embeddable":true,"href":"https:\/\/staging.dyrsan.fr\/pt\/wp-json\/wp\/v2\/media\/75648"}],"wp:attachment":[{"href":"https:\/\/staging.dyrsan.fr\/pt\/wp-json\/wp\/v2\/media?parent=75652"}],"wp:term":[{"taxonomy":"product_brand","embeddable":true,"href":"https:\/\/staging.dyrsan.fr\/pt\/wp-json\/wp\/v2\/product_brand?post=75652"},{"taxonomy":"product_cat","embeddable":true,"href":"https:\/\/staging.dyrsan.fr\/pt\/wp-json\/wp\/v2\/product_cat?post=75652"},{"taxonomy":"product_tag","embeddable":true,"href":"https:\/\/staging.dyrsan.fr\/pt\/wp-json\/wp\/v2\/product_tag?post=75652"}],"curies":[{"name":"wp","href":"https:\/\/api.w.org\/{rel}","templated":true}]}}