{"id":75643,"date":"2026-04-03T13:34:11","date_gmt":"2026-04-03T13:34:11","guid":{"rendered":"https:\/\/staging.dyrsan.fr\/?post_type=product&#038;p=75643"},"modified":"2026-04-14T12:06:44","modified_gmt":"2026-04-14T12:06:44","slug":"resille-noire-stretch-a-pois-rouleau-50m","status":"publish","type":"product","link":"https:\/\/staging.dyrsan.fr\/pt\/shop\/resille-noire-stretch-a-pois-rouleau-50m\/","title":{"rendered":"Rede el\u00e1stica preta com bolinhas - rolo de 50M"},"content":{"rendered":"<p>Rede el\u00e1stica preta com bolinhas, leve e el\u00e1stica, certificada OEKO-TEX\u00ae. Esta rede em jacquard oferece um acabamento subtil e delicado gra\u00e7as ao seu padr\u00e3o de bolinhas, garantindo ao mesmo tempo conforto e elasticidade. Ideal para lingerie requintada e fatos de banho.<\/p>\n<p>&nbsp;<\/p>\n<p><strong>Especifica\u00e7\u00f5es t\u00e9cnicas:<\/strong><br \/>\nN\u00famero de cat\u00e1logo: DY85376A<br \/>\nComposi\u00e7\u00e3o: 82 % nylon, 18 % spandex<br \/>\nPeso: 95 g\/m\u00b2.<br \/>\nLargura: 150 cm<br \/>\nComprimento do rolo: 143 cm<br \/>\nCor: pode ser personalizada de acordo com o c\u00f3digo Pantone<br \/>\nCertifica\u00e7\u00e3o: OEKO-TEX<br \/>\nAspeto: malha jacquard com bolinhas<br \/>\nPropriedades : esticar<br \/>\nUtiliza\u00e7\u00e3o: lingerie, fatos de banho<br \/>\nOrigem: China<\/p>","protected":false},"excerpt":{"rendered":"<p>Rede el\u00e1stica preta com bolinhas, leve e el\u00e1stica, certificada OEKO-TEX\u00ae. Esta rede em jacquard oferece um acabamento subtil e delicado gra\u00e7as ao seu padr\u00e3o de bolinhas, garantindo ao mesmo tempo conforto e elasticidade. Ideal para lingerie requintada e fatos de banho.<\/p>\n<p>&nbsp;<\/p>\n<p><strong>Especifica\u00e7\u00f5es t\u00e9cnicas:<\/strong><br \/>\nN\u00famero de cat\u00e1logo: DY85376A<br \/>\nComposi\u00e7\u00e3o: 82 % nylon, 18 % spandex<br \/>\nPeso: 95 g\/m\u00b2.<br \/>\nLargura: 150 cm<br \/>\nComprimento do rolo: 143 cm<br \/>\nCor: pode ser personalizada de acordo com o c\u00f3digo Pantone<br \/>\nCertifica\u00e7\u00e3o: OEKO-TEX<br \/>\nAspeto: malha jacquard com bolinhas<br \/>\nPropriedades : esticar<br \/>\nUtiliza\u00e7\u00e3o: lingerie, fatos de banho<br \/>\nOrigem: China<\/p>","protected":false},"featured_media":75641,"comment_status":"open","ping_status":"closed","template":"","meta":[],"product_brand":[],"product_cat":[495,150,184,179],"product_tag":[],"class_list":{"0":"post-75643","1":"product","2":"type-product","3":"status-publish","4":"has-post-thumbnail","6":"product_cat-rouleaux-de-tissus","7":"product_cat-tissus","8":"product_cat-tissus-eco-responsables","9":"product_cat-tissus-resilles","11":"first","12":"instock","13":"taxable","14":"shipping-taxable","15":"purchasable","16":"product-type-simple"},"_links":{"self":[{"href":"https:\/\/staging.dyrsan.fr\/pt\/wp-json\/wp\/v2\/product\/75643","targetHints":{"allow":["GET"]}}],"collection":[{"href":"https:\/\/staging.dyrsan.fr\/pt\/wp-json\/wp\/v2\/product"}],"about":[{"href":"https:\/\/staging.dyrsan.fr\/pt\/wp-json\/wp\/v2\/types\/product"}],"replies":[{"embeddable":true,"href":"https:\/\/staging.dyrsan.fr\/pt\/wp-json\/wp\/v2\/comments?post=75643"}],"version-history":[{"count":1,"href":"https:\/\/staging.dyrsan.fr\/pt\/wp-json\/wp\/v2\/product\/75643\/revisions"}],"predecessor-version":[{"id":76453,"href":"https:\/\/staging.dyrsan.fr\/pt\/wp-json\/wp\/v2\/product\/75643\/revisions\/76453"}],"wp:featuredmedia":[{"embeddable":true,"href":"https:\/\/staging.dyrsan.fr\/pt\/wp-json\/wp\/v2\/media\/75641"}],"wp:attachment":[{"href":"https:\/\/staging.dyrsan.fr\/pt\/wp-json\/wp\/v2\/media?parent=75643"}],"wp:term":[{"taxonomy":"product_brand","embeddable":true,"href":"https:\/\/staging.dyrsan.fr\/pt\/wp-json\/wp\/v2\/product_brand?post=75643"},{"taxonomy":"product_cat","embeddable":true,"href":"https:\/\/staging.dyrsan.fr\/pt\/wp-json\/wp\/v2\/product_cat?post=75643"},{"taxonomy":"product_tag","embeddable":true,"href":"https:\/\/staging.dyrsan.fr\/pt\/wp-json\/wp\/v2\/product_tag?post=75643"}],"curies":[{"name":"wp","href":"https:\/\/api.w.org\/{rel}","templated":true}]}}