{"id":75640,"date":"2026-04-03T13:34:01","date_gmt":"2026-04-03T13:34:01","guid":{"rendered":"https:\/\/staging.dyrsan.fr\/?post_type=product&#038;p=75640"},"modified":"2026-04-14T12:06:47","modified_gmt":"2026-04-14T12:06:47","slug":"resille-jacquard-marron-a-motifs-geometriques-rouleau-50m","status":"publish","type":"product","link":"https:\/\/staging.dyrsan.fr\/pt\/shop\/resille-jacquard-marron-a-motifs-geometriques-rouleau-50m\/","title":{"rendered":"R\u00e9sille jacquard marron \u00e0 motifs g\u00e9om\u00e9triques \u2014 Rouleau 50M"},"content":{"rendered":"<p>R\u00e9sille jacquard marron \u00e0 motifs g\u00e9om\u00e9triques, l\u00e9g\u00e8re et extensible, certifi\u00e9e OEKO-TEX\u00ae. Cette maille jacquard en r\u00e9sille offre un rendu graphique et subtil, id\u00e9al pour la confection de lingerie d\u00e9licate, pi\u00e8ces transparentes et cr\u00e9ations \u00e9l\u00e9gantes n\u00e9cessitant finesse et \u00e9lasticit\u00e9.<\/p>\n<p>&nbsp;<\/p>\n<p><strong>Especifica\u00e7\u00f5es t\u00e9cnicas:<\/strong><br \/>\nR\u00e9f\u00e9rence : DY91601<br \/>\nComposi\u00e7\u00e3o: 82 % nylon, 18 % spandex<br \/>\nPeso: 95 g\/m\u00b2.<br \/>\nLargura: 150 cm<br \/>\nComprimento do rolo: 143 cm<br \/>\nCouleur : marron (personnalisable selon code Pantone)<br \/>\nCertifica\u00e7\u00e3o: OEKO-TEX<br \/>\nAspect : maille jacquard en r\u00e9sille \u00e0 motifs g\u00e9om\u00e9triques<br \/>\nPropri\u00e9t\u00e9s : extensible, l\u00e9g\u00e8re, respirante<br \/>\nUtilisation : lingerie, pi\u00e8ces d\u00e9licates, d\u00e9tails transparents<br \/>\nOrigem: China<\/p>","protected":false},"excerpt":{"rendered":"<p>R\u00e9sille jacquard marron \u00e0 motifs g\u00e9om\u00e9triques, l\u00e9g\u00e8re et extensible, certifi\u00e9e OEKO-TEX\u00ae. Cette maille jacquard en r\u00e9sille offre un rendu graphique et subtil, id\u00e9al pour la confection de lingerie d\u00e9licate, pi\u00e8ces transparentes et cr\u00e9ations \u00e9l\u00e9gantes n\u00e9cessitant finesse et \u00e9lasticit\u00e9.<\/p>\n<p>&nbsp;<\/p>\n<p><strong>`Caract\u00e9ristiques techniques:<\/strong><br \/>\nR\u00e9f\u00e9rence : DY91601<br \/>\nComposi\u00e7\u00e3o: 82 % nylon, 18 % spandex<br \/>\nPeso: 95 g\/m\u00b2.<br \/>\nLargura: 150 cm<br \/>\nComprimento do rolo: 143 cm<br \/>\nCouleur : marron (personnalisable selon code Pantone)<br \/>\nCertifica\u00e7\u00e3o: OEKO-TEX<br \/>\nAspect : maille jacquard en r\u00e9sille \u00e0 motifs g\u00e9om\u00e9triques<br \/>\nPropri\u00e9t\u00e9s : extensible, l\u00e9g\u00e8re, respirante<br \/>\nUtilisation : lingerie, pi\u00e8ces d\u00e9licates, d\u00e9tails transparents<br \/>\nOrigem: China<\/p>","protected":false},"featured_media":75637,"comment_status":"open","ping_status":"closed","template":"","meta":[],"product_brand":[],"product_cat":[495,150,209,184,180,179],"product_tag":[],"class_list":{"0":"post-75640","1":"product","2":"type-product","3":"status-publish","4":"has-post-thumbnail","6":"product_cat-rouleaux-de-tissus","7":"product_cat-tissus","8":"product_cat-tissus-dentelles","9":"product_cat-tissus-eco-responsables","10":"product_cat-tissus-mailles-jacquard","11":"product_cat-tissus-resilles","13":"first","14":"instock","15":"taxable","16":"shipping-taxable","17":"purchasable","18":"product-type-simple"},"_links":{"self":[{"href":"https:\/\/staging.dyrsan.fr\/pt\/wp-json\/wp\/v2\/product\/75640","targetHints":{"allow":["GET"]}}],"collection":[{"href":"https:\/\/staging.dyrsan.fr\/pt\/wp-json\/wp\/v2\/product"}],"about":[{"href":"https:\/\/staging.dyrsan.fr\/pt\/wp-json\/wp\/v2\/types\/product"}],"replies":[{"embeddable":true,"href":"https:\/\/staging.dyrsan.fr\/pt\/wp-json\/wp\/v2\/comments?post=75640"}],"version-history":[{"count":1,"href":"https:\/\/staging.dyrsan.fr\/pt\/wp-json\/wp\/v2\/product\/75640\/revisions"}],"predecessor-version":[{"id":76454,"href":"https:\/\/staging.dyrsan.fr\/pt\/wp-json\/wp\/v2\/product\/75640\/revisions\/76454"}],"wp:featuredmedia":[{"embeddable":true,"href":"https:\/\/staging.dyrsan.fr\/pt\/wp-json\/wp\/v2\/media\/75637"}],"wp:attachment":[{"href":"https:\/\/staging.dyrsan.fr\/pt\/wp-json\/wp\/v2\/media?parent=75640"}],"wp:term":[{"taxonomy":"product_brand","embeddable":true,"href":"https:\/\/staging.dyrsan.fr\/pt\/wp-json\/wp\/v2\/product_brand?post=75640"},{"taxonomy":"product_cat","embeddable":true,"href":"https:\/\/staging.dyrsan.fr\/pt\/wp-json\/wp\/v2\/product_cat?post=75640"},{"taxonomy":"product_tag","embeddable":true,"href":"https:\/\/staging.dyrsan.fr\/pt\/wp-json\/wp\/v2\/product_tag?post=75640"}],"curies":[{"name":"wp","href":"https:\/\/api.w.org\/{rel}","templated":true}]}}