{"id":75636,"date":"2026-04-03T13:33:51","date_gmt":"2026-04-03T13:33:51","guid":{"rendered":"https:\/\/staging.dyrsan.fr\/?post_type=product&#038;p=75636"},"modified":"2026-04-14T12:06:50","modified_gmt":"2026-04-14T12:06:50","slug":"maille-en-jacquard-resille-rouge-motif-coeur-rouleau-50m","status":"publish","type":"product","link":"https:\/\/staging.dyrsan.fr\/pt\/shop\/maille-en-jacquard-resille-rouge-motif-coeur-rouleau-50m\/","title":{"rendered":"Maille en jacquard r\u00e9sille rouge motif c\u0153ur \u2014 Rouleau 50M"},"content":{"rendered":"<p>Maille en jacquard r\u00e9sille rouge motif c\u0153ur, l\u00e9g\u00e8re et extensible. Cette maille r\u00e9sille rouge est certifi\u00e9e OEKO-TEX\u00ae et adapt\u00e9e aux cr\u00e9ations de lingerie et pi\u00e8ces d\u00e9licates.<\/p>\n<p>&nbsp;<\/p>\n<p><strong>Especifica\u00e7\u00f5es t\u00e9cnicas:<\/strong><br \/>\nR\u00e9f\u00e9rence : DY91577<br \/>\nComposition : 84 % nylon, 16 % spandex<br \/>\nPoids : 93 g\/m\u00b2<br \/>\nLargura: 130 cm<br \/>\nCertifica\u00e7\u00e3o: OEKO-TEX<br \/>\nUtiliza\u00e7\u00e3o: lingerie<br \/>\nOrigem : China<\/p>","protected":false},"excerpt":{"rendered":"<p>Maille en jacquard r\u00e9sille rouge motif c\u0153ur, l\u00e9g\u00e8re et extensible. Cette maille r\u00e9sille rouge est certifi\u00e9e OEKO-TEX\u00ae et adapt\u00e9e aux cr\u00e9ations de lingerie et pi\u00e8ces d\u00e9licates.<\/p>\n<p>&nbsp;<\/p>\n<p><strong>Especifica\u00e7\u00f5es t\u00e9cnicas:<\/strong><br \/>\nR\u00e9f\u00e9rence : DY91577<br \/>\nComposition : 84 % nylon, 16 % spandex<br \/>\nPoids : 93 g\/m\u00b2<br \/>\nLargura: 130 cm<br \/>\nCertifica\u00e7\u00e3o: OEKO-TEX<br \/>\nUtiliza\u00e7\u00e3o: lingerie<br \/>\nOrigem : China<\/p>","protected":false},"featured_media":75633,"comment_status":"open","ping_status":"closed","template":"","meta":[],"product_brand":[],"product_cat":[495,150,209,184,179],"product_tag":[],"class_list":{"0":"post-75636","1":"product","2":"type-product","3":"status-publish","4":"has-post-thumbnail","6":"product_cat-rouleaux-de-tissus","7":"product_cat-tissus","8":"product_cat-tissus-dentelles","9":"product_cat-tissus-eco-responsables","10":"product_cat-tissus-resilles","12":"first","13":"instock","14":"taxable","15":"shipping-taxable","16":"purchasable","17":"product-type-simple"},"_links":{"self":[{"href":"https:\/\/staging.dyrsan.fr\/pt\/wp-json\/wp\/v2\/product\/75636","targetHints":{"allow":["GET"]}}],"collection":[{"href":"https:\/\/staging.dyrsan.fr\/pt\/wp-json\/wp\/v2\/product"}],"about":[{"href":"https:\/\/staging.dyrsan.fr\/pt\/wp-json\/wp\/v2\/types\/product"}],"replies":[{"embeddable":true,"href":"https:\/\/staging.dyrsan.fr\/pt\/wp-json\/wp\/v2\/comments?post=75636"}],"version-history":[{"count":1,"href":"https:\/\/staging.dyrsan.fr\/pt\/wp-json\/wp\/v2\/product\/75636\/revisions"}],"predecessor-version":[{"id":76455,"href":"https:\/\/staging.dyrsan.fr\/pt\/wp-json\/wp\/v2\/product\/75636\/revisions\/76455"}],"wp:featuredmedia":[{"embeddable":true,"href":"https:\/\/staging.dyrsan.fr\/pt\/wp-json\/wp\/v2\/media\/75633"}],"wp:attachment":[{"href":"https:\/\/staging.dyrsan.fr\/pt\/wp-json\/wp\/v2\/media?parent=75636"}],"wp:term":[{"taxonomy":"product_brand","embeddable":true,"href":"https:\/\/staging.dyrsan.fr\/pt\/wp-json\/wp\/v2\/product_brand?post=75636"},{"taxonomy":"product_cat","embeddable":true,"href":"https:\/\/staging.dyrsan.fr\/pt\/wp-json\/wp\/v2\/product_cat?post=75636"},{"taxonomy":"product_tag","embeddable":true,"href":"https:\/\/staging.dyrsan.fr\/pt\/wp-json\/wp\/v2\/product_tag?post=75636"}],"curies":[{"name":"wp","href":"https:\/\/api.w.org\/{rel}","templated":true}]}}