{"id":75632,"date":"2026-04-03T13:33:39","date_gmt":"2026-04-03T13:33:39","guid":{"rendered":"https:\/\/staging.dyrsan.fr\/?post_type=product&#038;p=75632"},"modified":"2026-04-14T12:06:53","modified_gmt":"2026-04-14T12:06:53","slug":"tissu-jacquard-marron-fluide-rouleau-50m","status":"publish","type":"product","link":"https:\/\/staging.dyrsan.fr\/pt\/shop\/tissu-jacquard-marron-fluide-rouleau-50m\/","title":{"rendered":"Tissu jacquard marron fluide \u2014 Rouleau 50M"},"content":{"rendered":"<p>Tissu jacquard marron fluide, doux et l\u00e9ger, certifi\u00e9 OEKO-TEX\u00ae. Ce tissu jacquard fluide offre un toucher agr\u00e9able et une belle souplesse, id\u00e9al pour la confection \u00e9l\u00e9gante de lingerie et de maillots de bain, avec un rendu raffin\u00e9 et confortable.<\/p>\n<p>&nbsp;<\/p>\n<p><strong>Especifica\u00e7\u00f5es t\u00e9cnicas:<\/strong><br \/>\nR\u00e9f\u00e9rence : DY98107<br \/>\nComposition : 79 % nylon, 21 % spandex<br \/>\nPoids : 167 g\/m\u00b2<br \/>\nLargeur : 165 cm<br \/>\nCouleur : marron (personnalisable selon code Pantone)<br \/>\nCertifica\u00e7\u00e3o: OEKO-TEX<br \/>\nAspect : jacquard fluide, doux et l\u00e9ger<br \/>\nPropri\u00e9t\u00e9s : souple, confortable<br \/>\nUtiliza\u00e7\u00e3o: lingerie, fatos de banho<br \/>\nOrigem : China<\/p>","protected":false},"excerpt":{"rendered":"<p>Tissu jacquard marron fluide, doux et l\u00e9ger, certifi\u00e9 OEKO-TEX\u00ae. Ce tissu jacquard fluide offre un toucher agr\u00e9able et une belle souplesse, id\u00e9al pour la confection \u00e9l\u00e9gante de lingerie et de maillots de bain, avec un rendu raffin\u00e9 et confortable.<\/p>\n<p>&nbsp;<\/p>\n<p><strong>Especifica\u00e7\u00f5es t\u00e9cnicas:<\/strong><br \/>\nR\u00e9f\u00e9rence : DY98107<br \/>\nComposition : 79 % nylon, 21 % spandex<br \/>\nPoids : 167 g\/m\u00b2<br \/>\nLargeur : 165 cm<br \/>\nCouleur : marron (personnalisable selon code Pantone)<br \/>\nCertifica\u00e7\u00e3o: OEKO-TEX<br \/>\nAspect : jacquard fluide, doux et l\u00e9ger<br \/>\nPropri\u00e9t\u00e9s : souple, confortable<br \/>\nUtiliza\u00e7\u00e3o: lingerie, fatos de banho<br \/>\nOrigem : China<\/p>","protected":false},"featured_media":75630,"comment_status":"open","ping_status":"closed","template":"","meta":[],"product_brand":[],"product_cat":[495,150,151,180],"product_tag":[],"class_list":{"0":"post-75632","1":"product","2":"type-product","3":"status-publish","4":"has-post-thumbnail","6":"product_cat-rouleaux-de-tissus","7":"product_cat-tissus","8":"product_cat-tissus-lycra-extensibles","9":"product_cat-tissus-mailles-jacquard","11":"first","12":"instock","13":"taxable","14":"shipping-taxable","15":"purchasable","16":"product-type-simple"},"_links":{"self":[{"href":"https:\/\/staging.dyrsan.fr\/pt\/wp-json\/wp\/v2\/product\/75632","targetHints":{"allow":["GET"]}}],"collection":[{"href":"https:\/\/staging.dyrsan.fr\/pt\/wp-json\/wp\/v2\/product"}],"about":[{"href":"https:\/\/staging.dyrsan.fr\/pt\/wp-json\/wp\/v2\/types\/product"}],"replies":[{"embeddable":true,"href":"https:\/\/staging.dyrsan.fr\/pt\/wp-json\/wp\/v2\/comments?post=75632"}],"version-history":[{"count":1,"href":"https:\/\/staging.dyrsan.fr\/pt\/wp-json\/wp\/v2\/product\/75632\/revisions"}],"predecessor-version":[{"id":76456,"href":"https:\/\/staging.dyrsan.fr\/pt\/wp-json\/wp\/v2\/product\/75632\/revisions\/76456"}],"wp:featuredmedia":[{"embeddable":true,"href":"https:\/\/staging.dyrsan.fr\/pt\/wp-json\/wp\/v2\/media\/75630"}],"wp:attachment":[{"href":"https:\/\/staging.dyrsan.fr\/pt\/wp-json\/wp\/v2\/media?parent=75632"}],"wp:term":[{"taxonomy":"product_brand","embeddable":true,"href":"https:\/\/staging.dyrsan.fr\/pt\/wp-json\/wp\/v2\/product_brand?post=75632"},{"taxonomy":"product_cat","embeddable":true,"href":"https:\/\/staging.dyrsan.fr\/pt\/wp-json\/wp\/v2\/product_cat?post=75632"},{"taxonomy":"product_tag","embeddable":true,"href":"https:\/\/staging.dyrsan.fr\/pt\/wp-json\/wp\/v2\/product_tag?post=75632"}],"curies":[{"name":"wp","href":"https:\/\/api.w.org\/{rel}","templated":true}]}}