{"id":75621,"date":"2026-04-03T13:33:05","date_gmt":"2026-04-03T13:33:05","guid":{"rendered":"https:\/\/staging.dyrsan.fr\/?post_type=product&#038;p=75621"},"modified":"2026-04-14T12:07:02","modified_gmt":"2026-04-14T12:07:02","slug":"resille-extensible-noire-avec-flocage-leopard-velours-rouleau-50m","status":"publish","type":"product","link":"https:\/\/staging.dyrsan.fr\/pt\/shop\/resille-extensible-noire-avec-flocage-leopard-velours-rouleau-50m\/","title":{"rendered":"R\u00e9sille extensible noire avec flocage l\u00e9opard velours \u2014 Rouleau 50M"},"content":{"rendered":"<p>R\u00e9sille extensible noire avec flocage l\u00e9opard velours, l\u00e9g\u00e8re et d\u00e9corative, certifi\u00e9e OEKO-TEX\u00ae. Cette r\u00e9sille fine et extensible offre un contraste \u00e9l\u00e9gant entre transparence et motif velours, id\u00e9ale pour la confection de lingerie cr\u00e9ative, d\u00e9tails mode et pi\u00e8ces audacieuses \u00e0 forte identit\u00e9 visuelle.<\/p>\n<p>&nbsp;<\/p>\n<p><strong>Especifica\u00e7\u00f5es t\u00e9cnicas:<\/strong><br \/>\nR\u00e9f\u00e9rence : DY68077<br \/>\nComposition : 87 % nylon, 13 % spandex<br \/>\nPeso: 67 g\/m\u00b2.<br \/>\nLargura: 152 cm<br \/>\nComprimento do rolo: 147 cm<br \/>\nCouleur : noir \u00e0 flocage l\u00e9opard velours (personnalisable selon code Pantone)<br \/>\nCertifica\u00e7\u00e3o: OEKO-TEX<br \/>\nAspect : r\u00e9sille fine avec flocage velours l\u00e9opard<br \/>\nPropri\u00e9t\u00e9s : extensible, l\u00e9g\u00e8re, d\u00e9corative<br \/>\nUtilisation : lingerie, empi\u00e8cements mode, d\u00e9tails d\u00e9coratifs, cr\u00e9ations cr\u00e9atives<br \/>\nOrigem: China<\/p>","protected":false},"excerpt":{"rendered":"<p>R\u00e9sille extensible noire avec flocage l\u00e9opard velours, l\u00e9g\u00e8re et d\u00e9corative, certifi\u00e9e OEKO-TEX\u00ae. Cette r\u00e9sille fine et extensible offre un contraste \u00e9l\u00e9gant entre transparence et motif velours, id\u00e9ale pour la confection de lingerie cr\u00e9ative, d\u00e9tails mode et pi\u00e8ces audacieuses \u00e0 forte identit\u00e9 visuelle.<\/p>\n<p>&nbsp;<\/p>\n<p><strong>Especifica\u00e7\u00f5es t\u00e9cnicas:<\/strong><br \/>\nR\u00e9f\u00e9rence : DY68077<br \/>\nComposition : 87 % nylon, 13 % spandex<br \/>\nPeso: 67 g\/m\u00b2.<br \/>\nLargura: 152 cm<br \/>\nComprimento do rolo: 147 cm<br \/>\nCouleur : noir \u00e0 flocage l\u00e9opard velours (personnalisable selon code Pantone)<br \/>\nCertifica\u00e7\u00e3o: OEKO-TEX<br \/>\nAspect : r\u00e9sille fine avec flocage velours l\u00e9opard<br \/>\nPropri\u00e9t\u00e9s : extensible, l\u00e9g\u00e8re, d\u00e9corative<br \/>\nUtilisation : lingerie, empi\u00e8cements mode, d\u00e9tails d\u00e9coratifs, cr\u00e9ations cr\u00e9atives<br \/>\nOrigem: China<\/p>","protected":false},"featured_media":75618,"comment_status":"open","ping_status":"closed","template":"","meta":[],"product_brand":[],"product_cat":[495,150,184,210,179],"product_tag":[],"class_list":{"0":"post-75621","1":"product","2":"type-product","3":"status-publish","4":"has-post-thumbnail","6":"product_cat-rouleaux-de-tissus","7":"product_cat-tissus","8":"product_cat-tissus-eco-responsables","9":"product_cat-tissus-imprimes-motifs-animaux","10":"product_cat-tissus-resilles","12":"first","13":"instock","14":"taxable","15":"shipping-taxable","16":"purchasable","17":"product-type-simple"},"_links":{"self":[{"href":"https:\/\/staging.dyrsan.fr\/pt\/wp-json\/wp\/v2\/product\/75621","targetHints":{"allow":["GET"]}}],"collection":[{"href":"https:\/\/staging.dyrsan.fr\/pt\/wp-json\/wp\/v2\/product"}],"about":[{"href":"https:\/\/staging.dyrsan.fr\/pt\/wp-json\/wp\/v2\/types\/product"}],"replies":[{"embeddable":true,"href":"https:\/\/staging.dyrsan.fr\/pt\/wp-json\/wp\/v2\/comments?post=75621"}],"version-history":[{"count":1,"href":"https:\/\/staging.dyrsan.fr\/pt\/wp-json\/wp\/v2\/product\/75621\/revisions"}],"predecessor-version":[{"id":76459,"href":"https:\/\/staging.dyrsan.fr\/pt\/wp-json\/wp\/v2\/product\/75621\/revisions\/76459"}],"wp:featuredmedia":[{"embeddable":true,"href":"https:\/\/staging.dyrsan.fr\/pt\/wp-json\/wp\/v2\/media\/75618"}],"wp:attachment":[{"href":"https:\/\/staging.dyrsan.fr\/pt\/wp-json\/wp\/v2\/media?parent=75621"}],"wp:term":[{"taxonomy":"product_brand","embeddable":true,"href":"https:\/\/staging.dyrsan.fr\/pt\/wp-json\/wp\/v2\/product_brand?post=75621"},{"taxonomy":"product_cat","embeddable":true,"href":"https:\/\/staging.dyrsan.fr\/pt\/wp-json\/wp\/v2\/product_cat?post=75621"},{"taxonomy":"product_tag","embeddable":true,"href":"https:\/\/staging.dyrsan.fr\/pt\/wp-json\/wp\/v2\/product_tag?post=75621"}],"curies":[{"name":"wp","href":"https:\/\/api.w.org\/{rel}","templated":true}]}}