{"id":75605,"date":"2026-04-03T13:32:18","date_gmt":"2026-04-03T13:32:18","guid":{"rendered":"https:\/\/staging.dyrsan.fr\/?post_type=product&#038;p=75605"},"modified":"2026-04-14T12:07:13","modified_gmt":"2026-04-14T12:07:13","slug":"tissu-jacquard-marron-extensible-rouleau-50m","status":"publish","type":"product","link":"https:\/\/staging.dyrsan.fr\/pt\/shop\/tissu-jacquard-marron-extensible-rouleau-50m\/","title":{"rendered":"Tissu jacquard marron extensible \u2014 Rouleau 50M"},"content":{"rendered":"<p>Tissu jacquard marron extensible, au toucher structur\u00e9 et dense. Ce tissu jacquard offre une excellente tenue gr\u00e2ce \u00e0 son grammage \u00e9lev\u00e9 et une \u00e9lasticit\u00e9 adapt\u00e9e aux cr\u00e9ations techniques. Id\u00e9al pour la confection de maillots de bain, v\u00eatements pr\u00e8s du corps et pi\u00e8ces mode n\u00e9cessitant maintien et durabilit\u00e9.<\/p>\n<p>&nbsp;<\/p>\n<p><strong>Especifica\u00e7\u00f5es t\u00e9cnicas:<\/strong><br \/>\nR\u00e9f\u00e9rence : DY97282<br \/>\nComposi\u00e7\u00e3o: 92 % nylon, 8 % spandex<br \/>\nPeso: 230 g\/m\u00b2.<br \/>\nLargura: 150 cm<br \/>\nCouleur : marron (personnalisable selon le code Pantone)<br \/>\nAspect : jacquard<br \/>\nPropriedades: el\u00e1stico<br \/>\nUtilisation : maillots de bain, v\u00eatements techniques, pi\u00e8ces mode structur\u00e9es<\/p>","protected":false},"excerpt":{"rendered":"<p>Tissu jacquard marron extensible, au toucher structur\u00e9 et dense. Ce tissu jacquard offre une excellente tenue gr\u00e2ce \u00e0 son grammage \u00e9lev\u00e9 et une \u00e9lasticit\u00e9 adapt\u00e9e aux cr\u00e9ations techniques. Id\u00e9al pour la confection de maillots de bain, v\u00eatements pr\u00e8s du corps et pi\u00e8ces mode n\u00e9cessitant maintien et durabilit\u00e9.<\/p>\n<p>&nbsp;<\/p>\n<p><strong>Especifica\u00e7\u00f5es t\u00e9cnicas:<\/strong><br \/>\nR\u00e9f\u00e9rence : DY97282<br \/>\nComposi\u00e7\u00e3o: 92 % nylon, 8 % spandex<br \/>\nPeso: 230 g\/m\u00b2.<br \/>\nLargura: 150 cm<br \/>\nCouleur : marron (personnalisable selon le code Pantone)<br \/>\nAspect : jacquard<br \/>\nPropriedades: el\u00e1stico<br \/>\nUtilisation : maillots de bain, v\u00eatements techniques, pi\u00e8ces mode structur\u00e9es<\/p>","protected":false},"featured_media":75602,"comment_status":"open","ping_status":"closed","template":"","meta":[],"product_brand":[],"product_cat":[495,150,184,180],"product_tag":[],"class_list":{"0":"post-75605","1":"product","2":"type-product","3":"status-publish","4":"has-post-thumbnail","6":"product_cat-rouleaux-de-tissus","7":"product_cat-tissus","8":"product_cat-tissus-eco-responsables","9":"product_cat-tissus-mailles-jacquard","11":"first","12":"instock","13":"taxable","14":"shipping-taxable","15":"purchasable","16":"product-type-simple"},"_links":{"self":[{"href":"https:\/\/staging.dyrsan.fr\/pt\/wp-json\/wp\/v2\/product\/75605","targetHints":{"allow":["GET"]}}],"collection":[{"href":"https:\/\/staging.dyrsan.fr\/pt\/wp-json\/wp\/v2\/product"}],"about":[{"href":"https:\/\/staging.dyrsan.fr\/pt\/wp-json\/wp\/v2\/types\/product"}],"replies":[{"embeddable":true,"href":"https:\/\/staging.dyrsan.fr\/pt\/wp-json\/wp\/v2\/comments?post=75605"}],"version-history":[{"count":1,"href":"https:\/\/staging.dyrsan.fr\/pt\/wp-json\/wp\/v2\/product\/75605\/revisions"}],"predecessor-version":[{"id":76463,"href":"https:\/\/staging.dyrsan.fr\/pt\/wp-json\/wp\/v2\/product\/75605\/revisions\/76463"}],"wp:featuredmedia":[{"embeddable":true,"href":"https:\/\/staging.dyrsan.fr\/pt\/wp-json\/wp\/v2\/media\/75602"}],"wp:attachment":[{"href":"https:\/\/staging.dyrsan.fr\/pt\/wp-json\/wp\/v2\/media?parent=75605"}],"wp:term":[{"taxonomy":"product_brand","embeddable":true,"href":"https:\/\/staging.dyrsan.fr\/pt\/wp-json\/wp\/v2\/product_brand?post=75605"},{"taxonomy":"product_cat","embeddable":true,"href":"https:\/\/staging.dyrsan.fr\/pt\/wp-json\/wp\/v2\/product_cat?post=75605"},{"taxonomy":"product_tag","embeddable":true,"href":"https:\/\/staging.dyrsan.fr\/pt\/wp-json\/wp\/v2\/product_tag?post=75605"}],"curies":[{"name":"wp","href":"https:\/\/api.w.org\/{rel}","templated":true}]}}