{"id":75583,"date":"2026-04-03T13:31:10","date_gmt":"2026-04-03T13:31:10","guid":{"rendered":"https:\/\/staging.dyrsan.fr\/?post_type=product&#038;p=75583"},"modified":"2026-04-14T12:38:05","modified_gmt":"2026-04-14T12:38:05","slug":"tissu-en-microfibre-recycle-lisse-et-doux-rouleau-50m","status":"publish","type":"product","link":"https:\/\/staging.dyrsan.fr\/pt\/shop\/tissu-en-microfibre-recycle-lisse-et-doux-rouleau-50m\/","title":{"rendered":"Tecido de microfibra reciclado suave e macio - rolo de 50M"},"content":{"rendered":"<p>Tecido de microfibra reciclada suave, macio, el\u00e1stico e confort\u00e1vel. Este tecido de microfibra reciclada tem um toque sedoso, excelente elasticidade e bom suporte, tornando-o ideal para fatos de banho elegantes, duradouros e de alto desempenho.<\/p>\n<p>&nbsp;<\/p>\n<p><strong>Especifica\u00e7\u00f5es t\u00e9cnicas:<\/strong><br \/>\nN\u00famero de cat\u00e1logo: DY92085BR<br \/>\nComposi\u00e7\u00e3o: 66 % nylon reciclado, 34 % spandex<br \/>\nPeso: 200 g\/m\u00b2.<br \/>\nLargura: 150 cm<br \/>\nCor: pode ser personalizada de acordo com o c\u00f3digo Pantone<br \/>\nCertifica\u00e7\u00e3o: OEKO-TEX\u00ae - GRS<br \/>\nAspeto: microfibra lisa e macia<br \/>\nPropriedades: el\u00e1stico, suave ao toque, respir\u00e1vel, resistente ao desgaste, secagem r\u00e1pida<br \/>\nUtiliza\u00e7\u00e3o: fatos de banho, lingerie, roupa de desporto, roupa de praia<\/p>","protected":false},"excerpt":{"rendered":"<p>Tecido de microfibra reciclada suave, macio, el\u00e1stico e confort\u00e1vel. Este tecido de microfibra reciclada tem um toque sedoso, excelente elasticidade e bom suporte, tornando-o ideal para fatos de banho elegantes, duradouros e de alto desempenho.<\/p>\n<p>&nbsp;<\/p>\n<p><strong>Especifica\u00e7\u00f5es t\u00e9cnicas:<\/strong><br \/>\nN\u00famero de cat\u00e1logo: DY92085BR<br \/>\nComposi\u00e7\u00e3o: 66 % nylon reciclado, 34 % spandex<br \/>\nPeso: 200 g\/m\u00b2.<br \/>\nLargura: 150 cm<br \/>\nCor: pode ser personalizada de acordo com o c\u00f3digo Pantone<br \/>\nCertifica\u00e7\u00e3o: OEKO-TEX\u00ae - GRS<br \/>\nAspeto: microfibra lisa e macia<br \/>\nPropriedades: el\u00e1stico, suave ao toque, respir\u00e1vel, resistente ao desgaste, secagem r\u00e1pida<br \/>\nUtiliza\u00e7\u00e3o: fatos de banho, lingerie, roupa de desporto, roupa de praia<\/p>\n<div id=\"simple-translate\" class=\"simple-translate-system-theme\">\n<div>\n<div class=\"simple-translate-button isShow\" style=\"height: 22px;width: 22px;top: 115px;left: 196px\"><\/div>\n<div class=\"simple-translate-panel\" style=\"width: 300px;height: 200px;top: 0px;left: 0px;font-size: 13px\">\n<div class=\"simple-translate-result-wrapper\" style=\"overflow: hidden\">\n<div class=\"simple-translate-move\"><\/div>\n<div class=\"simple-translate-result-contents\">\n<p class=\"simple-translate-result\" dir=\"auto\">\n<p class=\"simple-translate-candidate\" dir=\"auto\">\n<\/div>\n<\/div>\n<\/div>\n<\/div>\n<\/div>","protected":false},"featured_media":75580,"comment_status":"open","ping_status":"closed","template":"","meta":[],"product_brand":[],"product_cat":[495,150,184,151,178,197],"product_tag":[],"class_list":{"0":"post-75583","1":"product","2":"type-product","3":"status-publish","4":"has-post-thumbnail","6":"product_cat-rouleaux-de-tissus","7":"product_cat-tissus","8":"product_cat-tissus-eco-responsables","9":"product_cat-tissus-lycra-extensibles","10":"product_cat-tissus-microfibres","11":"product_cat-tissus-recycles","13":"first","14":"instock","15":"taxable","16":"shipping-taxable","17":"purchasable","18":"product-type-simple"},"_links":{"self":[{"href":"https:\/\/staging.dyrsan.fr\/pt\/wp-json\/wp\/v2\/product\/75583","targetHints":{"allow":["GET"]}}],"collection":[{"href":"https:\/\/staging.dyrsan.fr\/pt\/wp-json\/wp\/v2\/product"}],"about":[{"href":"https:\/\/staging.dyrsan.fr\/pt\/wp-json\/wp\/v2\/types\/product"}],"replies":[{"embeddable":true,"href":"https:\/\/staging.dyrsan.fr\/pt\/wp-json\/wp\/v2\/comments?post=75583"}],"version-history":[{"count":2,"href":"https:\/\/staging.dyrsan.fr\/pt\/wp-json\/wp\/v2\/product\/75583\/revisions"}],"predecessor-version":[{"id":76547,"href":"https:\/\/staging.dyrsan.fr\/pt\/wp-json\/wp\/v2\/product\/75583\/revisions\/76547"}],"wp:featuredmedia":[{"embeddable":true,"href":"https:\/\/staging.dyrsan.fr\/pt\/wp-json\/wp\/v2\/media\/75580"}],"wp:attachment":[{"href":"https:\/\/staging.dyrsan.fr\/pt\/wp-json\/wp\/v2\/media?parent=75583"}],"wp:term":[{"taxonomy":"product_brand","embeddable":true,"href":"https:\/\/staging.dyrsan.fr\/pt\/wp-json\/wp\/v2\/product_brand?post=75583"},{"taxonomy":"product_cat","embeddable":true,"href":"https:\/\/staging.dyrsan.fr\/pt\/wp-json\/wp\/v2\/product_cat?post=75583"},{"taxonomy":"product_tag","embeddable":true,"href":"https:\/\/staging.dyrsan.fr\/pt\/wp-json\/wp\/v2\/product_tag?post=75583"}],"curies":[{"name":"wp","href":"https:\/\/api.w.org\/{rel}","templated":true}]}}