{"id":75579,"date":"2026-04-03T13:30:57","date_gmt":"2026-04-03T13:30:57","guid":{"rendered":"https:\/\/staging.dyrsan.fr\/?post_type=product&#038;p=75579"},"modified":"2026-04-14T12:07:33","modified_gmt":"2026-04-14T12:07:33","slug":"resille-noire-a-motifs-transparents-legere-et-extensible-certifiee-oeko-tex-rouleau-50m","status":"publish","type":"product","link":"https:\/\/staging.dyrsan.fr\/pt\/shop\/resille-noire-a-motifs-transparents-legere-et-extensible-certifiee-oeko-tex-rouleau-50m\/","title":{"rendered":"R\u00e9sille noire \u00e0 motifs transparents l\u00e9g\u00e8re et extensible certifi\u00e9e OEKO-TEX\u00ae \u2014 Rouleau 50M"},"content":{"rendered":"<p>R\u00e9sille noire \u00e0 motifs transparents l\u00e9g\u00e8re et extensible certifi\u00e9e OEKO-TEX\u00ae. Cette r\u00e9sille fine (112 g\/m\u00b2) offre un rendu subtil et \u00e9l\u00e9gant, id\u00e9ale pour la confection de lingerie d\u00e9licate et de pi\u00e8ces n\u00e9cessitant transparence et l\u00e9g\u00e8ret\u00e9.<\/p>\n<p>&nbsp;<\/p>\n<p><strong>Especifica\u00e7\u00f5es t\u00e9cnicas:<\/strong><br \/>\nR\u00e9f\u00e9rence : DY91250<br \/>\nComposi\u00e7\u00e3o: 82 % nylon, 18 % spandex<br \/>\nPoids : 112 g\/m\u00b2<br \/>\nLargura: 150 cm<br \/>\nCor: preto (personaliz\u00e1vel segundo o c\u00f3digo Pantone)<br \/>\nCertifica\u00e7\u00e3o: OEKO-TEX<br \/>\nAspect : r\u00e9sille \u00e0 motifs transparents<br \/>\nPropri\u00e9t\u00e9s : l\u00e9g\u00e8re, extensible<br \/>\nUtiliza\u00e7\u00e3o: lingerie<br \/>\nOrigem : China<\/p>","protected":false},"excerpt":{"rendered":"<p>R\u00e9sille noire \u00e0 motifs transparents l\u00e9g\u00e8re et extensible certifi\u00e9e OEKO-TEX\u00ae. Cette r\u00e9sille fine (112 g\/m\u00b2) offre un rendu subtil et \u00e9l\u00e9gant, id\u00e9ale pour la confection de lingerie d\u00e9licate et de pi\u00e8ces n\u00e9cessitant transparence et l\u00e9g\u00e8ret\u00e9.<\/p>\n<p>&nbsp;<\/p>\n<p><strong>Especifica\u00e7\u00f5es t\u00e9cnicas:<\/strong><br \/>\nR\u00e9f\u00e9rence : DY91250<br \/>\nComposi\u00e7\u00e3o: 82 % nylon, 18 % spandex<br \/>\nPoids : 112 g\/m\u00b2<br \/>\nLargura: 150 cm<br \/>\nCor: preto (personaliz\u00e1vel segundo o c\u00f3digo Pantone)<br \/>\nCertifica\u00e7\u00e3o: OEKO-TEX<br \/>\nAspect : r\u00e9sille \u00e0 motifs transparents<br \/>\nPropri\u00e9t\u00e9s : l\u00e9g\u00e8re, extensible<br \/>\nUtiliza\u00e7\u00e3o: lingerie<br \/>\nOrigem : China<\/p>","protected":false},"featured_media":75577,"comment_status":"open","ping_status":"closed","template":"","meta":[],"product_brand":[],"product_cat":[495,150,209,179],"product_tag":[],"class_list":{"0":"post-75579","1":"product","2":"type-product","3":"status-publish","4":"has-post-thumbnail","6":"product_cat-rouleaux-de-tissus","7":"product_cat-tissus","8":"product_cat-tissus-dentelles","9":"product_cat-tissus-resilles","11":"first","12":"instock","13":"taxable","14":"shipping-taxable","15":"purchasable","16":"product-type-simple"},"_links":{"self":[{"href":"https:\/\/staging.dyrsan.fr\/pt\/wp-json\/wp\/v2\/product\/75579","targetHints":{"allow":["GET"]}}],"collection":[{"href":"https:\/\/staging.dyrsan.fr\/pt\/wp-json\/wp\/v2\/product"}],"about":[{"href":"https:\/\/staging.dyrsan.fr\/pt\/wp-json\/wp\/v2\/types\/product"}],"replies":[{"embeddable":true,"href":"https:\/\/staging.dyrsan.fr\/pt\/wp-json\/wp\/v2\/comments?post=75579"}],"version-history":[{"count":1,"href":"https:\/\/staging.dyrsan.fr\/pt\/wp-json\/wp\/v2\/product\/75579\/revisions"}],"predecessor-version":[{"id":76470,"href":"https:\/\/staging.dyrsan.fr\/pt\/wp-json\/wp\/v2\/product\/75579\/revisions\/76470"}],"wp:featuredmedia":[{"embeddable":true,"href":"https:\/\/staging.dyrsan.fr\/pt\/wp-json\/wp\/v2\/media\/75577"}],"wp:attachment":[{"href":"https:\/\/staging.dyrsan.fr\/pt\/wp-json\/wp\/v2\/media?parent=75579"}],"wp:term":[{"taxonomy":"product_brand","embeddable":true,"href":"https:\/\/staging.dyrsan.fr\/pt\/wp-json\/wp\/v2\/product_brand?post=75579"},{"taxonomy":"product_cat","embeddable":true,"href":"https:\/\/staging.dyrsan.fr\/pt\/wp-json\/wp\/v2\/product_cat?post=75579"},{"taxonomy":"product_tag","embeddable":true,"href":"https:\/\/staging.dyrsan.fr\/pt\/wp-json\/wp\/v2\/product_tag?post=75579"}],"curies":[{"name":"wp","href":"https:\/\/api.w.org\/{rel}","templated":true}]}}