{"id":75572,"date":"2026-04-03T13:30:33","date_gmt":"2026-04-03T13:30:33","guid":{"rendered":"https:\/\/staging.dyrsan.fr\/?post_type=product&#038;p=75572"},"modified":"2026-04-14T12:07:39","modified_gmt":"2026-04-14T12:07:39","slug":"maille-jacquard-extensible-rose-rouleau-50m","status":"publish","type":"product","link":"https:\/\/staging.dyrsan.fr\/pt\/shop\/maille-jacquard-extensible-rose-rouleau-50m\/","title":{"rendered":"Maille jacquard extensible rose \u2014 Rouleau 50M"},"content":{"rendered":"<p>Maille jacquard extensible rose, certifi\u00e9e OEKO-TEX\u00ae. Cette maille jacquard offre une texture discr\u00e8tement textur\u00e9e, une excellente \u00e9lasticit\u00e9 et un toucher doux. Elle est id\u00e9ale pour la confection de maillots de bain, lingerie et v\u00eatements techniques n\u00e9cessitant confort et maintien.<\/p>\n<p>&nbsp;<\/p>\n<p><strong>Especifica\u00e7\u00f5es t\u00e9cnicas:<\/strong><br \/>\nR\u00e9f\u00e9rence : DY98072<br \/>\nComposition : 68 % nylon, 32 % spandex<br \/>\nPoids : 170 g\/m\u00b2<br \/>\nLargura: 160 cm<br \/>\nLongueur du rouleau : 155 cm<br \/>\nCouleur : rose (personnalisable selon code Pantone)<br \/>\nCertifica\u00e7\u00e3o: OEKO-TEX<br \/>\nAspect : maille jacquard textur\u00e9e<br \/>\nPropriedades: el\u00e1stico<br \/>\nUtilisation : maillots de bain, lingerie, v\u00eatements stretch<\/p>","protected":false},"excerpt":{"rendered":"<p>Maille jacquard extensible rose, certifi\u00e9e OEKO-TEX\u00ae. Cette maille jacquard offre une texture discr\u00e8tement textur\u00e9e, une excellente \u00e9lasticit\u00e9 et un toucher doux. Elle est id\u00e9ale pour la confection de maillots de bain, lingerie et v\u00eatements techniques n\u00e9cessitant confort et maintien.<\/p>\n<p>&nbsp;<\/p>\n<p><strong>Especifica\u00e7\u00f5es t\u00e9cnicas:<\/strong><br \/>\nR\u00e9f\u00e9rence : DY98072<br \/>\nComposition : 68 % nylon, 32 % spandex<br \/>\nPoids : 170 g\/m\u00b2<br \/>\nLargura: 160 cm<br \/>\nLongueur du rouleau : 155 cm<br \/>\nCouleur : rose (personnalisable selon code Pantone)<br \/>\nCertifica\u00e7\u00e3o: OEKO-TEX<br \/>\nAspect : maille jacquard textur\u00e9e<br \/>\nPropriedades: el\u00e1stico<br \/>\nUtilisation : maillots de bain, lingerie, v\u00eatements stretch<\/p>","protected":false},"featured_media":75569,"comment_status":"open","ping_status":"closed","template":"","meta":[],"product_brand":[],"product_cat":[495,150,180,456],"product_tag":[],"class_list":{"0":"post-75572","1":"product","2":"type-product","3":"status-publish","4":"has-post-thumbnail","6":"product_cat-rouleaux-de-tissus","7":"product_cat-tissus","8":"product_cat-tissus-mailles-jacquard","9":"product_cat-tissus-pour-lingerie","11":"first","12":"instock","13":"taxable","14":"shipping-taxable","15":"purchasable","16":"product-type-simple"},"_links":{"self":[{"href":"https:\/\/staging.dyrsan.fr\/pt\/wp-json\/wp\/v2\/product\/75572","targetHints":{"allow":["GET"]}}],"collection":[{"href":"https:\/\/staging.dyrsan.fr\/pt\/wp-json\/wp\/v2\/product"}],"about":[{"href":"https:\/\/staging.dyrsan.fr\/pt\/wp-json\/wp\/v2\/types\/product"}],"replies":[{"embeddable":true,"href":"https:\/\/staging.dyrsan.fr\/pt\/wp-json\/wp\/v2\/comments?post=75572"}],"version-history":[{"count":1,"href":"https:\/\/staging.dyrsan.fr\/pt\/wp-json\/wp\/v2\/product\/75572\/revisions"}],"predecessor-version":[{"id":76472,"href":"https:\/\/staging.dyrsan.fr\/pt\/wp-json\/wp\/v2\/product\/75572\/revisions\/76472"}],"wp:featuredmedia":[{"embeddable":true,"href":"https:\/\/staging.dyrsan.fr\/pt\/wp-json\/wp\/v2\/media\/75569"}],"wp:attachment":[{"href":"https:\/\/staging.dyrsan.fr\/pt\/wp-json\/wp\/v2\/media?parent=75572"}],"wp:term":[{"taxonomy":"product_brand","embeddable":true,"href":"https:\/\/staging.dyrsan.fr\/pt\/wp-json\/wp\/v2\/product_brand?post=75572"},{"taxonomy":"product_cat","embeddable":true,"href":"https:\/\/staging.dyrsan.fr\/pt\/wp-json\/wp\/v2\/product_cat?post=75572"},{"taxonomy":"product_tag","embeddable":true,"href":"https:\/\/staging.dyrsan.fr\/pt\/wp-json\/wp\/v2\/product_tag?post=75572"}],"curies":[{"name":"wp","href":"https:\/\/api.w.org\/{rel}","templated":true}]}}