{"id":75498,"date":"2026-04-03T13:26:43","date_gmt":"2026-04-03T13:26:43","guid":{"rendered":"https:\/\/staging.dyrsan.fr\/?post_type=product&#038;p=75498"},"modified":"2026-04-14T12:08:40","modified_gmt":"2026-04-14T12:08:40","slug":"tissu-mesh-vert-leger-et-respirant-rouleau-50m","status":"publish","type":"product","link":"https:\/\/staging.dyrsan.fr\/pt\/shop\/tissu-mesh-vert-leger-et-respirant-rouleau-50m\/","title":{"rendered":"Tecido de malha verde leve e respir\u00e1vel - rolo de 50M"},"content":{"rendered":"<p>Tissu mesh vert l\u00e9ger et respirant. Cette r\u00e9sille fine en nylon offre une excellente transparence et une grande l\u00e9g\u00e8ret\u00e9, id\u00e9ale pour la confection de lingerie d\u00e9licate, d\u2019empi\u00e8cements techniques ou de d\u00e9tails d\u00e9coratifs, alliant finesse, confort et modernit\u00e9.<\/p>\n<p>&nbsp;<\/p>\n<p><strong>Especifica\u00e7\u00f5es t\u00e9cnicas:<\/strong><br \/>\nR\u00e9f\u00e9rence : DY68282<br \/>\nComposition : 100 % nylon<br \/>\nPoids : 37 g\/m\u00b2<br \/>\nLargura: 152 cm<br \/>\nCouleur : vert (personnalisable selon code Pantone)<br \/>\nAspect : mesh fin, transparent<br \/>\nPropri\u00e9t\u00e9s : l\u00e9ger, respirant, souple<br \/>\nUtilisation : lingerie fine, empi\u00e8cements, doublures l\u00e9g\u00e8res, d\u00e9tails d\u00e9coratifs<br \/>\nOrigem: China<\/p>","protected":false},"excerpt":{"rendered":"<p>Tissu mesh vert l\u00e9ger et respirant. Cette r\u00e9sille fine en nylon offre une excellente transparence et une grande l\u00e9g\u00e8ret\u00e9, id\u00e9ale pour la confection de lingerie d\u00e9licate, d\u2019empi\u00e8cements techniques ou de d\u00e9tails d\u00e9coratifs, alliant finesse, confort et modernit\u00e9.<\/p>\n<p>&nbsp;<\/p>\n<p><strong>Especifica\u00e7\u00f5es t\u00e9cnicas:<\/strong><br \/>\nR\u00e9f\u00e9rence : DY68282<br \/>\nComposition : 100 % nylon<br \/>\nPoids : 37 g\/m\u00b2<br \/>\nLargura: 152 cm<br \/>\nCouleur : vert (personnalisable selon code Pantone)<br \/>\nAspect : mesh fin, transparent<br \/>\nPropri\u00e9t\u00e9s : l\u00e9ger, respirant, souple<br \/>\nUtilisation : lingerie fine, empi\u00e8cements, doublures l\u00e9g\u00e8res, d\u00e9tails d\u00e9coratifs<br \/>\nOrigem: China<\/p>","protected":false},"featured_media":75495,"comment_status":"open","ping_status":"closed","template":"","meta":[],"product_brand":[],"product_cat":[495,150,180,197],"product_tag":[],"class_list":{"0":"post-75498","1":"product","2":"type-product","3":"status-publish","4":"has-post-thumbnail","6":"product_cat-rouleaux-de-tissus","7":"product_cat-tissus","8":"product_cat-tissus-mailles-jacquard","9":"product_cat-tissus-recycles","11":"first","12":"instock","13":"taxable","14":"shipping-taxable","15":"purchasable","16":"product-type-simple"},"_links":{"self":[{"href":"https:\/\/staging.dyrsan.fr\/pt\/wp-json\/wp\/v2\/product\/75498","targetHints":{"allow":["GET"]}}],"collection":[{"href":"https:\/\/staging.dyrsan.fr\/pt\/wp-json\/wp\/v2\/product"}],"about":[{"href":"https:\/\/staging.dyrsan.fr\/pt\/wp-json\/wp\/v2\/types\/product"}],"replies":[{"embeddable":true,"href":"https:\/\/staging.dyrsan.fr\/pt\/wp-json\/wp\/v2\/comments?post=75498"}],"version-history":[{"count":1,"href":"https:\/\/staging.dyrsan.fr\/pt\/wp-json\/wp\/v2\/product\/75498\/revisions"}],"predecessor-version":[{"id":76493,"href":"https:\/\/staging.dyrsan.fr\/pt\/wp-json\/wp\/v2\/product\/75498\/revisions\/76493"}],"wp:featuredmedia":[{"embeddable":true,"href":"https:\/\/staging.dyrsan.fr\/pt\/wp-json\/wp\/v2\/media\/75495"}],"wp:attachment":[{"href":"https:\/\/staging.dyrsan.fr\/pt\/wp-json\/wp\/v2\/media?parent=75498"}],"wp:term":[{"taxonomy":"product_brand","embeddable":true,"href":"https:\/\/staging.dyrsan.fr\/pt\/wp-json\/wp\/v2\/product_brand?post=75498"},{"taxonomy":"product_cat","embeddable":true,"href":"https:\/\/staging.dyrsan.fr\/pt\/wp-json\/wp\/v2\/product_cat?post=75498"},{"taxonomy":"product_tag","embeddable":true,"href":"https:\/\/staging.dyrsan.fr\/pt\/wp-json\/wp\/v2\/product_tag?post=75498"}],"curies":[{"name":"wp","href":"https:\/\/api.w.org\/{rel}","templated":true}]}}