{"id":75494,"date":"2026-04-03T13:26:31","date_gmt":"2026-04-03T13:26:31","guid":{"rendered":"https:\/\/staging.dyrsan.fr\/?post_type=product&#038;p=75494"},"modified":"2026-04-14T12:08:44","modified_gmt":"2026-04-14T12:08:44","slug":"tissu-double-maille-jaune-doux-et-extensible-rouleau-50m","status":"publish","type":"product","link":"https:\/\/staging.dyrsan.fr\/pt\/shop\/tissu-double-maille-jaune-doux-et-extensible-rouleau-50m\/","title":{"rendered":"Tecido de malha dupla amarelo macio e el\u00e1stico - rolo de 50M"},"content":{"rendered":"<p>Tissu double maille jaune doux et extensible. Ce tissu double face offre un toucher lisse, une bonne opacit\u00e9 et un confort optimal gr\u00e2ce \u00e0 sa structure \u00e9quilibr\u00e9e. Id\u00e9al pour la confection de v\u00eatements confort premium, de doublures techniques ou de v\u00eatements mode alliant maintien, douceur et polyvalence.<\/p>\n<p>&nbsp;<\/p>\n<p><strong>Especifica\u00e7\u00f5es t\u00e9cnicas:<\/strong><br \/>\nR\u00e9f\u00e9rence : DY72206<br \/>\nComposition : 46 % polyester, 47 % polyester teint masse, 7 % spandex<br \/>\nPoids : 181 g\/m\u00b2<br \/>\nLargeur : 178 cm<br \/>\nCouleur : jaune (personnalisable selon code Pantone)<br \/>\nAspect : double maille lisse, uniforme<br \/>\nPropri\u00e9t\u00e9s : extensible, doux, bonne tenue, confortable<br \/>\nUtilisation : v\u00eatements confort, doublures, pi\u00e8ces mode<\/p>","protected":false},"excerpt":{"rendered":"<p>Tissu double maille jaune doux et extensible. Ce tissu double face offre un toucher lisse, une bonne opacit\u00e9 et un confort optimal gr\u00e2ce \u00e0 sa structure \u00e9quilibr\u00e9e. Id\u00e9al pour la confection de v\u00eatements confort premium, de doublures techniques ou de v\u00eatements mode alliant maintien, douceur et polyvalence.<\/p>\n<p>&nbsp;<\/p>\n<p><strong>Especifica\u00e7\u00f5es t\u00e9cnicas:<\/strong><br \/>\nR\u00e9f\u00e9rence : DY72206<br \/>\nComposition : 46 % polyester, 47 % polyester teint masse, 7 % spandex<br \/>\nPoids : 181 g\/m\u00b2<br \/>\nLargeur : 178 cm<br \/>\nCouleur : jaune (personnalisable selon code Pantone)<br \/>\nAspect : double maille lisse, uniforme<br \/>\nPropri\u00e9t\u00e9s : extensible, doux, bonne tenue, confortable<br \/>\nUtilisation : v\u00eatements confort, doublures, pi\u00e8ces mode<\/p>","protected":false},"featured_media":75491,"comment_status":"open","ping_status":"closed","template":"","meta":[],"product_brand":[],"product_cat":[495,150,197,250],"product_tag":[],"class_list":{"0":"post-75494","1":"product","2":"type-product","3":"status-publish","4":"has-post-thumbnail","6":"product_cat-rouleaux-de-tissus","7":"product_cat-tissus","8":"product_cat-tissus-recycles","9":"product_cat-tissus-velours","11":"first","12":"instock","13":"taxable","14":"shipping-taxable","15":"purchasable","16":"product-type-simple"},"_links":{"self":[{"href":"https:\/\/staging.dyrsan.fr\/pt\/wp-json\/wp\/v2\/product\/75494","targetHints":{"allow":["GET"]}}],"collection":[{"href":"https:\/\/staging.dyrsan.fr\/pt\/wp-json\/wp\/v2\/product"}],"about":[{"href":"https:\/\/staging.dyrsan.fr\/pt\/wp-json\/wp\/v2\/types\/product"}],"replies":[{"embeddable":true,"href":"https:\/\/staging.dyrsan.fr\/pt\/wp-json\/wp\/v2\/comments?post=75494"}],"version-history":[{"count":1,"href":"https:\/\/staging.dyrsan.fr\/pt\/wp-json\/wp\/v2\/product\/75494\/revisions"}],"predecessor-version":[{"id":76494,"href":"https:\/\/staging.dyrsan.fr\/pt\/wp-json\/wp\/v2\/product\/75494\/revisions\/76494"}],"wp:featuredmedia":[{"embeddable":true,"href":"https:\/\/staging.dyrsan.fr\/pt\/wp-json\/wp\/v2\/media\/75491"}],"wp:attachment":[{"href":"https:\/\/staging.dyrsan.fr\/pt\/wp-json\/wp\/v2\/media?parent=75494"}],"wp:term":[{"taxonomy":"product_brand","embeddable":true,"href":"https:\/\/staging.dyrsan.fr\/pt\/wp-json\/wp\/v2\/product_brand?post=75494"},{"taxonomy":"product_cat","embeddable":true,"href":"https:\/\/staging.dyrsan.fr\/pt\/wp-json\/wp\/v2\/product_cat?post=75494"},{"taxonomy":"product_tag","embeddable":true,"href":"https:\/\/staging.dyrsan.fr\/pt\/wp-json\/wp\/v2\/product_tag?post=75494"}],"curies":[{"name":"wp","href":"https:\/\/api.w.org\/{rel}","templated":true}]}}