{"id":75477,"date":"2026-04-03T13:25:34","date_gmt":"2026-04-03T13:25:34","guid":{"rendered":"https:\/\/staging.dyrsan.fr\/?post_type=product&#038;p=75477"},"modified":"2026-04-14T12:09:01","modified_gmt":"2026-04-14T12:09:01","slug":"tissu-jacquard-rose-texture-extensible-au-relief-discret-et-regulier-rouleau-50m","status":"publish","type":"product","link":"https:\/\/staging.dyrsan.fr\/pt\/shop\/tissu-jacquard-rose-texture-extensible-au-relief-discret-et-regulier-rouleau-50m\/","title":{"rendered":"Tissu jacquard rose textur\u00e9 extensible au relief discret et r\u00e9gulier \u2014 Rouleau 50M"},"content":{"rendered":"<p>Tissu jacquard rose textur\u00e9 extensible au relief discret et r\u00e9gulier. Ce jacquard pr\u00e9sente une structure \u00e9l\u00e9gante avec un bon \u00e9quilibre entre tenue et souplesse. Id\u00e9al pour la confection de maillots de bain, de lingerie et de pi\u00e8ces mode n\u00e9cessitant confort, extensibilit\u00e9 et esth\u00e9tique textur\u00e9e.<\/p>\n<p>&nbsp;<\/p>\n<p><strong>Especifica\u00e7\u00f5es t\u00e9cnicas:<\/strong><br \/>\nR\u00e9f\u00e9rence : DY80115<br \/>\nComposition : 95 % nylon, 5 % spandex<br \/>\nPoids : 225 g\/m\u00b2<br \/>\nLargura: 150 cm<br \/>\nCouleur : rose (personnalisable selon code Pantone)<br \/>\nAspect : jacquard textur\u00e9 en relief r\u00e9gulier<br \/>\nPropri\u00e9t\u00e9s : extensible, bonne tenue, toucher textur\u00e9, confortable<br \/>\nUtilisation : maillots de bain, lingerie, v\u00eatements ajust\u00e9s, pi\u00e8ces mode<\/p>","protected":false},"excerpt":{"rendered":"<p>Tissu jacquard rose textur\u00e9 extensible au relief discret et r\u00e9gulier. Ce jacquard pr\u00e9sente une structure \u00e9l\u00e9gante avec un bon \u00e9quilibre entre tenue et souplesse. Id\u00e9al pour la confection de maillots de bain, de lingerie et de pi\u00e8ces mode n\u00e9cessitant confort, extensibilit\u00e9 et esth\u00e9tique textur\u00e9e.<\/p>\n<p>&nbsp;<\/p>\n<p><strong>Especifica\u00e7\u00f5es t\u00e9cnicas:<\/strong><br \/>\nR\u00e9f\u00e9rence : DY80115<br \/>\nComposition : 95 % nylon, 5 % spandex<br \/>\nPoids : 225 g\/m\u00b2<br \/>\nLargura: 150 cm<br \/>\nCouleur : rose (personnalisable selon code Pantone)<br \/>\nAspect : jacquard textur\u00e9 en relief r\u00e9gulier<br \/>\nPropri\u00e9t\u00e9s : extensible, bonne tenue, toucher textur\u00e9, confortable<br \/>\nUtilisation : maillots de bain, lingerie, v\u00eatements ajust\u00e9s, pi\u00e8ces mode<br \/>\nOrigem: China<\/p>\n<div id=\"simple-translate\" class=\"simple-translate-system-theme\">\n<div>\n<div class=\"simple-translate-button isShow\" style=\"height: 22px;width: 22px;top: 191px;left: 216px\"><\/div>\n<div class=\"simple-translate-panel\" style=\"width: 300px;height: 200px;top: 0px;left: 0px;font-size: 13px\">\n<div class=\"simple-translate-result-wrapper\" style=\"overflow: hidden\">\n<div class=\"simple-translate-move\"><\/div>\n<div class=\"simple-translate-result-contents\">\n<p class=\"simple-translate-result\" dir=\"auto\">\n<p class=\"simple-translate-candidate\" dir=\"auto\">\n<\/div>\n<\/div>\n<\/div>\n<\/div>\n<\/div>","protected":false},"featured_media":75473,"comment_status":"open","ping_status":"closed","template":"","meta":[],"product_brand":[],"product_cat":[495,150,180,455,179],"product_tag":[],"class_list":{"0":"post-75477","1":"product","2":"type-product","3":"status-publish","4":"has-post-thumbnail","6":"product_cat-rouleaux-de-tissus","7":"product_cat-tissus","8":"product_cat-tissus-mailles-jacquard","9":"product_cat-tissus-maillots-de-bain","10":"product_cat-tissus-resilles","12":"first","13":"instock","14":"taxable","15":"shipping-taxable","16":"purchasable","17":"product-type-simple"},"_links":{"self":[{"href":"https:\/\/staging.dyrsan.fr\/pt\/wp-json\/wp\/v2\/product\/75477","targetHints":{"allow":["GET"]}}],"collection":[{"href":"https:\/\/staging.dyrsan.fr\/pt\/wp-json\/wp\/v2\/product"}],"about":[{"href":"https:\/\/staging.dyrsan.fr\/pt\/wp-json\/wp\/v2\/types\/product"}],"replies":[{"embeddable":true,"href":"https:\/\/staging.dyrsan.fr\/pt\/wp-json\/wp\/v2\/comments?post=75477"}],"version-history":[{"count":1,"href":"https:\/\/staging.dyrsan.fr\/pt\/wp-json\/wp\/v2\/product\/75477\/revisions"}],"predecessor-version":[{"id":76499,"href":"https:\/\/staging.dyrsan.fr\/pt\/wp-json\/wp\/v2\/product\/75477\/revisions\/76499"}],"wp:featuredmedia":[{"embeddable":true,"href":"https:\/\/staging.dyrsan.fr\/pt\/wp-json\/wp\/v2\/media\/75473"}],"wp:attachment":[{"href":"https:\/\/staging.dyrsan.fr\/pt\/wp-json\/wp\/v2\/media?parent=75477"}],"wp:term":[{"taxonomy":"product_brand","embeddable":true,"href":"https:\/\/staging.dyrsan.fr\/pt\/wp-json\/wp\/v2\/product_brand?post=75477"},{"taxonomy":"product_cat","embeddable":true,"href":"https:\/\/staging.dyrsan.fr\/pt\/wp-json\/wp\/v2\/product_cat?post=75477"},{"taxonomy":"product_tag","embeddable":true,"href":"https:\/\/staging.dyrsan.fr\/pt\/wp-json\/wp\/v2\/product_tag?post=75477"}],"curies":[{"name":"wp","href":"https:\/\/api.w.org\/{rel}","templated":true}]}}