{"id":74017,"date":"2026-03-18T10:22:03","date_gmt":"2026-03-18T10:22:03","guid":{"rendered":"https:\/\/staging.dyrsan.fr\/?post_type=product&#038;p=74017"},"modified":"2026-03-18T10:23:17","modified_gmt":"2026-03-18T10:23:17","slug":"tissu-lurex-metallise-extensible","status":"publish","type":"product","link":"https:\/\/staging.dyrsan.fr\/pt\/shop\/tissu-lurex-metallise-extensible\/","title":{"rendered":"Tecido de lurex el\u00e1stico met\u00e1lico"},"content":{"rendered":"<p>Tissu lurex m\u00e9tallis\u00e9 extensible. Ce tissu stretch \u00e0 l\u2019aspect subtilement scintillant apporte une touche lumineuse et sophistiqu\u00e9e. L\u00e9ger et confortable, il est id\u00e9al pour la confection de maillots de bain \u00e9l\u00e9gants, de lingerie moderne et de pi\u00e8ces mode \u00e0 l\u2019esth\u00e9tique premium.<\/p>\n<p>&nbsp;<\/p>\n<p><strong>Especifica\u00e7\u00f5es t\u00e9cnicas:<\/strong><br \/>\nR\u00e9f\u00e9rence : DY98276<br \/>\nComposition : 72 % nylon, 15 % spandex, 13 % fil m\u00e9tallis\u00e9<br \/>\nPoids : 170 g\/m\u00b2<br \/>\nLargura: 150 cm<br \/>\nCouleur : gris m\u00e9tallis\u00e9 (personnalisable selon code Pantone)<br \/>\nAspect : jacquard fin avec effet m\u00e9tallis\u00e9<br \/>\nPropri\u00e9t\u00e9s : extensible, l\u00e9ger, souple, effet brillant discret<br \/>\nUtilisation : maillots de bain, lingerie mode, v\u00eatements stretch<\/p>","protected":false},"excerpt":{"rendered":"<p>Tissu lurex m\u00e9tallis\u00e9 extensible. Ce tissu stretch \u00e0 l\u2019aspect subtilement scintillant apporte une touche lumineuse et sophistiqu\u00e9e. L\u00e9ger et confortable, il est id\u00e9al pour la confection de maillots de bain \u00e9l\u00e9gants, de lingerie moderne et de pi\u00e8ces mode \u00e0 l\u2019esth\u00e9tique premium.<\/p>\n<p>&nbsp;<\/p>\n<p><strong>Especifica\u00e7\u00f5es t\u00e9cnicas:<\/strong><br \/>\nR\u00e9f\u00e9rence : DY98276<br \/>\nComposition : 72 % nylon, 15 % spandex, 13 % fil m\u00e9tallis\u00e9<br \/>\nPoids : 170 g\/m\u00b2<br \/>\nLargura: 150 cm<br \/>\nCouleur : gris m\u00e9tallis\u00e9 (personnalisable selon code Pantone)<br \/>\nAspect : jacquard fin avec effet m\u00e9tallis\u00e9<br \/>\nPropri\u00e9t\u00e9s : extensible, l\u00e9ger, souple, effet brillant discret<br \/>\nUtilisation : maillots de bain, lingerie mode, v\u00eatements stretch<\/p>","protected":false},"featured_media":74257,"comment_status":"open","ping_status":"closed","template":"","meta":[],"product_brand":[370],"product_cat":[150,193,180,455],"product_tag":[],"class_list":{"0":"post-74017","1":"product","2":"type-product","3":"status-publish","4":"has-post-thumbnail","6":"product_brand-dyrsan","7":"product_cat-tissus","8":"product_cat-tissus-lurex-brillants","9":"product_cat-tissus-mailles-jacquard","10":"product_cat-tissus-maillots-de-bain","12":"first","13":"instock","14":"taxable","15":"shipping-taxable","16":"purchasable","17":"product-type-simple"},"_links":{"self":[{"href":"https:\/\/staging.dyrsan.fr\/pt\/wp-json\/wp\/v2\/product\/74017","targetHints":{"allow":["GET"]}}],"collection":[{"href":"https:\/\/staging.dyrsan.fr\/pt\/wp-json\/wp\/v2\/product"}],"about":[{"href":"https:\/\/staging.dyrsan.fr\/pt\/wp-json\/wp\/v2\/types\/product"}],"replies":[{"embeddable":true,"href":"https:\/\/staging.dyrsan.fr\/pt\/wp-json\/wp\/v2\/comments?post=74017"}],"version-history":[{"count":6,"href":"https:\/\/staging.dyrsan.fr\/pt\/wp-json\/wp\/v2\/product\/74017\/revisions"}],"predecessor-version":[{"id":74946,"href":"https:\/\/staging.dyrsan.fr\/pt\/wp-json\/wp\/v2\/product\/74017\/revisions\/74946"}],"wp:featuredmedia":[{"embeddable":true,"href":"https:\/\/staging.dyrsan.fr\/pt\/wp-json\/wp\/v2\/media\/74257"}],"wp:attachment":[{"href":"https:\/\/staging.dyrsan.fr\/pt\/wp-json\/wp\/v2\/media?parent=74017"}],"wp:term":[{"taxonomy":"product_brand","embeddable":true,"href":"https:\/\/staging.dyrsan.fr\/pt\/wp-json\/wp\/v2\/product_brand?post=74017"},{"taxonomy":"product_cat","embeddable":true,"href":"https:\/\/staging.dyrsan.fr\/pt\/wp-json\/wp\/v2\/product_cat?post=74017"},{"taxonomy":"product_tag","embeddable":true,"href":"https:\/\/staging.dyrsan.fr\/pt\/wp-json\/wp\/v2\/product_tag?post=74017"}],"curies":[{"name":"wp","href":"https:\/\/api.w.org\/{rel}","templated":true}]}}