{"id":73781,"date":"2026-01-31T16:00:34","date_gmt":"2026-01-31T16:00:34","guid":{"rendered":"https:\/\/staging.dyrsan.fr\/?post_type=product&#038;p=73781"},"modified":"2026-04-03T17:49:39","modified_gmt":"2026-04-03T17:49:39","slug":"connecteur-decoratif-en-dore-orne-de-strass","status":"publish","type":"product","link":"https:\/\/staging.dyrsan.fr\/pt\/shop\/connecteur-decoratif-en-dore-orne-de-strass\/","title":{"rendered":"Fecho de strass de 20 mm em metal dourado"},"content":{"rendered":"<p>Fecho em metal dourado adornado com strass de 20 mm, ideal para dar um toque brilhante e elegante aos fatos de banho, biqu\u00ednis e cria\u00e7\u00f5es de fatos de banho. O seu design requintado torna-o o acess\u00f3rio perfeito para colec\u00e7\u00f5es chiques e femininas.<\/p>\n<p>&nbsp;<\/p>\n<p><strong>Especifica\u00e7\u00f5es t\u00e9cnicas:<\/strong><br \/>\nN\u00famero de cat\u00e1logo : DY2335<br \/>\nDimens\u00f5es: 2,2 cm \u00d7 2 cm<br \/>\nPeso: 0,005 kg<\/p>","protected":false},"excerpt":{"rendered":"<p>Fecho em metal dourado adornado com strass de 20 mm, ideal para dar um toque brilhante e elegante aos fatos de banho, biqu\u00ednis e cria\u00e7\u00f5es de fatos de banho. O seu design requintado torna-o o acess\u00f3rio perfeito para colec\u00e7\u00f5es chiques e femininas.<\/p>\n<p>&nbsp;<\/p>\n<p><strong>Especifica\u00e7\u00f5es t\u00e9cnicas:<\/strong><br \/>\nN\u00famero de cat\u00e1logo : DY2335<br \/>\nDimens\u00f5es: 2,2 cm \u00d7 2 cm<br \/>\nPeso: 0,005 kg<\/p>","protected":false},"featured_media":72793,"comment_status":"open","ping_status":"closed","template":"","meta":[],"product_brand":[370],"product_cat":[140,149],"product_tag":[],"class_list":{"0":"post-73781","1":"product","2":"type-product","3":"status-publish","4":"has-post-thumbnail","6":"product_brand-dyrsan","7":"product_cat-accessoires","8":"product_cat-connecteurs","10":"first","11":"instock","12":"taxable","13":"shipping-taxable","14":"purchasable","15":"product-type-simple"},"_links":{"self":[{"href":"https:\/\/staging.dyrsan.fr\/pt\/wp-json\/wp\/v2\/product\/73781","targetHints":{"allow":["GET"]}}],"collection":[{"href":"https:\/\/staging.dyrsan.fr\/pt\/wp-json\/wp\/v2\/product"}],"about":[{"href":"https:\/\/staging.dyrsan.fr\/pt\/wp-json\/wp\/v2\/types\/product"}],"replies":[{"embeddable":true,"href":"https:\/\/staging.dyrsan.fr\/pt\/wp-json\/wp\/v2\/comments?post=73781"}],"version-history":[{"count":4,"href":"https:\/\/staging.dyrsan.fr\/pt\/wp-json\/wp\/v2\/product\/73781\/revisions"}],"predecessor-version":[{"id":74097,"href":"https:\/\/staging.dyrsan.fr\/pt\/wp-json\/wp\/v2\/product\/73781\/revisions\/74097"}],"wp:featuredmedia":[{"embeddable":true,"href":"https:\/\/staging.dyrsan.fr\/pt\/wp-json\/wp\/v2\/media\/72793"}],"wp:attachment":[{"href":"https:\/\/staging.dyrsan.fr\/pt\/wp-json\/wp\/v2\/media?parent=73781"}],"wp:term":[{"taxonomy":"product_brand","embeddable":true,"href":"https:\/\/staging.dyrsan.fr\/pt\/wp-json\/wp\/v2\/product_brand?post=73781"},{"taxonomy":"product_cat","embeddable":true,"href":"https:\/\/staging.dyrsan.fr\/pt\/wp-json\/wp\/v2\/product_cat?post=73781"},{"taxonomy":"product_tag","embeddable":true,"href":"https:\/\/staging.dyrsan.fr\/pt\/wp-json\/wp\/v2\/product_tag?post=73781"}],"curies":[{"name":"wp","href":"https:\/\/api.w.org\/{rel}","templated":true}]}}