{"id":73759,"date":"2026-01-31T17:00:34","date_gmt":"2026-01-31T17:00:34","guid":{"rendered":"https:\/\/staging.dyrsan.fr\/?post_type=product&#038;p=73759"},"modified":"2026-04-03T17:49:33","modified_gmt":"2026-04-03T17:49:33","slug":"anneau-connecteur-rond-en-metal-dore","status":"publish","type":"product","link":"https:\/\/staging.dyrsan.fr\/pt\/shop\/anneau-connecteur-rond-en-metal-dore\/","title":{"rendered":"Anel de liga\u00e7\u00e3o redondo em metal dourado"},"content":{"rendered":"<p>Cet anneau connecteur rond en m\u00e9tal dor\u00e9 se distingue par sa finition textur\u00e9e \u00e9l\u00e9gante. Id\u00e9al pour la confection et la personnalisation de maillots de bain et bikinis.<\/p>\n<p><strong>Especifica\u00e7\u00f5es t\u00e9cnicas:<\/strong><br \/>\nR\u00e9f\u00e9rence : DY0213<br \/>\nCor: dourado<br \/>\nDimensions : 3 cm \u00d7 3 cm<br \/>\nPoids : 0,007 kg<\/p>","protected":false},"excerpt":{"rendered":"<p>Cet anneau connecteur rond en m\u00e9tal dor\u00e9 se distingue par sa finition textur\u00e9e \u00e9l\u00e9gante. Id\u00e9al pour la confection et la personnalisation de maillots de bain et bikinis.<\/p>\n<p><strong>Especifica\u00e7\u00f5es t\u00e9cnicas:<\/strong><br \/>\nR\u00e9f\u00e9rence : DY0213<br \/>\nCor: dourado<br \/>\nDimensions : 3 cm \u00d7 3 cm<br \/>\nPoids : 0,007 kg<\/p>","protected":false},"featured_media":72804,"comment_status":"open","ping_status":"closed","template":"","meta":[],"product_brand":[370],"product_cat":[149,140,148],"product_tag":[],"class_list":{"0":"post-73759","1":"product","2":"type-product","3":"status-publish","4":"has-post-thumbnail","6":"product_brand-dyrsan","7":"product_cat-connecteurs","8":"product_cat-accessoires","9":"product_cat-boucles","11":"first","12":"instock","13":"taxable","14":"shipping-taxable","15":"purchasable","16":"product-type-simple"},"_links":{"self":[{"href":"https:\/\/staging.dyrsan.fr\/pt\/wp-json\/wp\/v2\/product\/73759","targetHints":{"allow":["GET"]}}],"collection":[{"href":"https:\/\/staging.dyrsan.fr\/pt\/wp-json\/wp\/v2\/product"}],"about":[{"href":"https:\/\/staging.dyrsan.fr\/pt\/wp-json\/wp\/v2\/types\/product"}],"replies":[{"embeddable":true,"href":"https:\/\/staging.dyrsan.fr\/pt\/wp-json\/wp\/v2\/comments?post=73759"}],"version-history":[{"count":5,"href":"https:\/\/staging.dyrsan.fr\/pt\/wp-json\/wp\/v2\/product\/73759\/revisions"}],"predecessor-version":[{"id":74103,"href":"https:\/\/staging.dyrsan.fr\/pt\/wp-json\/wp\/v2\/product\/73759\/revisions\/74103"}],"wp:featuredmedia":[{"embeddable":true,"href":"https:\/\/staging.dyrsan.fr\/pt\/wp-json\/wp\/v2\/media\/72804"}],"wp:attachment":[{"href":"https:\/\/staging.dyrsan.fr\/pt\/wp-json\/wp\/v2\/media?parent=73759"}],"wp:term":[{"taxonomy":"product_brand","embeddable":true,"href":"https:\/\/staging.dyrsan.fr\/pt\/wp-json\/wp\/v2\/product_brand?post=73759"},{"taxonomy":"product_cat","embeddable":true,"href":"https:\/\/staging.dyrsan.fr\/pt\/wp-json\/wp\/v2\/product_cat?post=73759"},{"taxonomy":"product_tag","embeddable":true,"href":"https:\/\/staging.dyrsan.fr\/pt\/wp-json\/wp\/v2\/product_tag?post=73759"}],"curies":[{"name":"wp","href":"https:\/\/api.w.org\/{rel}","templated":true}]}}