{"id":73708,"date":"2026-01-23T14:11:18","date_gmt":"2026-01-23T14:11:18","guid":{"rendered":"https:\/\/staging.dyrsan.fr\/?post_type=product&#038;p=73708"},"modified":"2026-04-03T17:50:22","modified_gmt":"2026-04-03T17:50:22","slug":"passant-decoratif-en-forme-de-soleil","status":"publish","type":"product","link":"https:\/\/staging.dyrsan.fr\/pt\/shop\/passant-decoratif-en-forme-de-soleil\/","title":{"rendered":"La\u00e7o decorativo em forma de sol"},"content":{"rendered":"<p>Este la\u00e7o decorativo em forma de sol foi concebido para real\u00e7ar fatos de banho, biqu\u00ednis e acess\u00f3rios de praia. Fabricado em metal dourado, confere um toque solarengo, luminoso e elegante, ideal para colec\u00e7\u00f5es de fatos de banho e de praia topo de gama.<\/p>\n<p>&nbsp;<\/p>\n<p><strong>Especifica\u00e7\u00f5es t\u00e9cnicas:<\/strong><br \/>\nN\u00famero de cat\u00e1logo : DY0323<br \/>\nTipo : La\u00e7o decorativo para fatos de banho<br \/>\nMaterial(is): Metal<br \/>\nCor: dourado<br \/>\nMotivo: Sol radiante<br \/>\nDimens\u00f5es: 6 cm \u00d7 6 cm<br \/>\nPeso: 0,022 kg<br \/>\nPre\u00e7o : Pre\u00e7o a pedido<\/p>","protected":false},"excerpt":{"rendered":"<p>Este la\u00e7o decorativo em forma de sol foi concebido para real\u00e7ar fatos de banho, biqu\u00ednis e acess\u00f3rios de praia. Fabricado em metal dourado, confere um toque solarengo, luminoso e elegante, ideal para colec\u00e7\u00f5es de fatos de banho e de praia topo de gama.<\/p>\n<p>&nbsp;<\/p>\n<p><strong>Especifica\u00e7\u00f5es t\u00e9cnicas:<\/strong><br \/>\nN\u00famero de cat\u00e1logo : DY0323<br \/>\nTipo : La\u00e7o decorativo para fatos de banho<br \/>\nMaterial(is): Metal<br \/>\nCor: dourado<br \/>\nMotivo: Sol radiante<br \/>\nDimens\u00f5es: 6 cm \u00d7 6 cm<br \/>\nPeso: 0,022 kg<br \/>\nPre\u00e7o : Pre\u00e7o a pedido<\/p>","protected":false},"featured_media":72878,"comment_status":"open","ping_status":"closed","template":"","meta":[],"product_brand":[],"product_cat":[140,212],"product_tag":[],"class_list":{"0":"post-73708","1":"product","2":"type-product","3":"status-publish","4":"has-post-thumbnail","6":"product_cat-accessoires","7":"product_cat-passants","8":"prix-sur-demande-enabled","10":"first","11":"instock","12":"taxable","13":"shipping-taxable","14":"product-type-simple"},"_links":{"self":[{"href":"https:\/\/staging.dyrsan.fr\/pt\/wp-json\/wp\/v2\/product\/73708","targetHints":{"allow":["GET"]}}],"collection":[{"href":"https:\/\/staging.dyrsan.fr\/pt\/wp-json\/wp\/v2\/product"}],"about":[{"href":"https:\/\/staging.dyrsan.fr\/pt\/wp-json\/wp\/v2\/types\/product"}],"replies":[{"embeddable":true,"href":"https:\/\/staging.dyrsan.fr\/pt\/wp-json\/wp\/v2\/comments?post=73708"}],"version-history":[{"count":1,"href":"https:\/\/staging.dyrsan.fr\/pt\/wp-json\/wp\/v2\/product\/73708\/revisions"}],"predecessor-version":[{"id":73709,"href":"https:\/\/staging.dyrsan.fr\/pt\/wp-json\/wp\/v2\/product\/73708\/revisions\/73709"}],"wp:featuredmedia":[{"embeddable":true,"href":"https:\/\/staging.dyrsan.fr\/pt\/wp-json\/wp\/v2\/media\/72878"}],"wp:attachment":[{"href":"https:\/\/staging.dyrsan.fr\/pt\/wp-json\/wp\/v2\/media?parent=73708"}],"wp:term":[{"taxonomy":"product_brand","embeddable":true,"href":"https:\/\/staging.dyrsan.fr\/pt\/wp-json\/wp\/v2\/product_brand?post=73708"},{"taxonomy":"product_cat","embeddable":true,"href":"https:\/\/staging.dyrsan.fr\/pt\/wp-json\/wp\/v2\/product_cat?post=73708"},{"taxonomy":"product_tag","embeddable":true,"href":"https:\/\/staging.dyrsan.fr\/pt\/wp-json\/wp\/v2\/product_tag?post=73708"}],"curies":[{"name":"wp","href":"https:\/\/api.w.org\/{rel}","templated":true}]}}