{"id":73704,"date":"2026-01-24T07:09:49","date_gmt":"2026-01-24T07:09:49","guid":{"rendered":"https:\/\/staging.dyrsan.fr\/?post_type=product&#038;p=73704"},"modified":"2026-04-03T17:50:12","modified_gmt":"2026-04-03T17:50:12","slug":"bijou-pour-maillot-de-bain-en-forme-de-corail","status":"publish","type":"product","link":"https:\/\/staging.dyrsan.fr\/pt\/shop\/bijou-pour-maillot-de-bain-en-forme-de-corail\/","title":{"rendered":"Joia de fato de banho em forma de coral"},"content":{"rendered":"<p>Bijou pour maillot de bain en forme de corail, associ\u00e9 \u00e0 une perle pendante, est con\u00e7u pour sublimer les cr\u00e9ations de maillots de bain et accessoires baln\u00e9aires.<\/p>\n<p><strong>Especifica\u00e7\u00f5es t\u00e9cnicas:<\/strong><br \/>\nR\u00e9f\u00e9rence : DY9565<br \/>\nMaterial(is): Metal<br \/>\nCor: dourado<br \/>\nMotif : Corail avec perle pendante<br \/>\nDimensions : 8 cm \u00d7 4 cm<br \/>\nPeso: 0,006 kg<\/p>","protected":false},"excerpt":{"rendered":"<p>Bijou pour maillot de bain en forme de corail, associ\u00e9 \u00e0 une perle pendante, est con\u00e7u pour sublimer les cr\u00e9ations de maillots de bain et accessoires baln\u00e9aires.<\/p>\n<p><strong>Especifica\u00e7\u00f5es t\u00e9cnicas:<\/strong><br \/>\nR\u00e9f\u00e9rence : DY9565<br \/>\nMaterial(is): Metal<br \/>\nCor: dourado<br \/>\nMotif : Corail avec perle pendante<br \/>\nDimensions : 8 cm \u00d7 4 cm<br \/>\nPeso: 0,006 kg<\/p>","protected":false},"featured_media":72882,"comment_status":"open","ping_status":"closed","template":"","meta":[],"product_brand":[370],"product_cat":[140,434,467],"product_tag":[],"class_list":{"0":"post-73704","1":"product","2":"type-product","3":"status-publish","4":"has-post-thumbnail","6":"product_brand-dyrsan","7":"product_cat-accessoires","8":"product_cat-chaines","9":"product_cat-charms","10":"prix-sur-demande-enabled","12":"first","13":"instock","14":"taxable","15":"shipping-taxable","16":"product-type-simple"},"_links":{"self":[{"href":"https:\/\/staging.dyrsan.fr\/pt\/wp-json\/wp\/v2\/product\/73704","targetHints":{"allow":["GET"]}}],"collection":[{"href":"https:\/\/staging.dyrsan.fr\/pt\/wp-json\/wp\/v2\/product"}],"about":[{"href":"https:\/\/staging.dyrsan.fr\/pt\/wp-json\/wp\/v2\/types\/product"}],"replies":[{"embeddable":true,"href":"https:\/\/staging.dyrsan.fr\/pt\/wp-json\/wp\/v2\/comments?post=73704"}],"version-history":[{"count":4,"href":"https:\/\/staging.dyrsan.fr\/pt\/wp-json\/wp\/v2\/product\/73704\/revisions"}],"predecessor-version":[{"id":73800,"href":"https:\/\/staging.dyrsan.fr\/pt\/wp-json\/wp\/v2\/product\/73704\/revisions\/73800"}],"wp:featuredmedia":[{"embeddable":true,"href":"https:\/\/staging.dyrsan.fr\/pt\/wp-json\/wp\/v2\/media\/72882"}],"wp:attachment":[{"href":"https:\/\/staging.dyrsan.fr\/pt\/wp-json\/wp\/v2\/media?parent=73704"}],"wp:term":[{"taxonomy":"product_brand","embeddable":true,"href":"https:\/\/staging.dyrsan.fr\/pt\/wp-json\/wp\/v2\/product_brand?post=73704"},{"taxonomy":"product_cat","embeddable":true,"href":"https:\/\/staging.dyrsan.fr\/pt\/wp-json\/wp\/v2\/product_cat?post=73704"},{"taxonomy":"product_tag","embeddable":true,"href":"https:\/\/staging.dyrsan.fr\/pt\/wp-json\/wp\/v2\/product_tag?post=73704"}],"curies":[{"name":"wp","href":"https:\/\/api.w.org\/{rel}","templated":true}]}}