{"id":73699,"date":"2026-01-24T07:16:35","date_gmt":"2026-01-24T07:16:35","guid":{"rendered":"https:\/\/staging.dyrsan.fr\/?post_type=product&#038;p=73699"},"modified":"2026-04-03T17:50:09","modified_gmt":"2026-04-03T17:50:09","slug":"bijou-pour-maillot-de-bain-a-coquillage-et-perles-en-metal-dore","status":"publish","type":"product","link":"https:\/\/staging.dyrsan.fr\/pt\/shop\/bijou-pour-maillot-de-bain-a-coquillage-et-perles-en-metal-dore\/","title":{"rendered":"Bijutaria para nadar com conchas e contas de metal dourado"},"content":{"rendered":"<p>As j\u00f3ias de conchas e contas em metal dourado para fatos de banho foram concebidas para real\u00e7ar as cria\u00e7\u00f5es de fatos de banho e t\u00eaxteis topo de gama. Elemento ornamental elegante, confere um toque marinho refinado e um acabamento de joia aos modelos de fatos de banho e acess\u00f3rios de ver\u00e3o.<\/p>\n<p>&nbsp;<\/p>\n<p><strong>Especifica\u00e7\u00f5es t\u00e9cnicas:<\/strong><br \/>\nN\u00famero de cat\u00e1logo : DY0109<br \/>\nTipo : Bijutaria decorativa para fatos de banho<br \/>\nMaterial(is): Metal<br \/>\nCor: dourado<br \/>\nElementos decorativos : Conchas e p\u00e9rolas<br \/>\nTamanho: 5 cm \u00d7 1 cm<br \/>\nPeso: 0,003 kg<\/p>","protected":false},"excerpt":{"rendered":"<p>As j\u00f3ias de conchas e contas em metal dourado para fatos de banho foram concebidas para real\u00e7ar as cria\u00e7\u00f5es de fatos de banho e t\u00eaxteis topo de gama. Elemento ornamental elegante, confere um toque marinho refinado e um acabamento de joia aos modelos de fatos de banho e acess\u00f3rios de ver\u00e3o.<\/p>\n<p>&nbsp;<\/p>\n<p><strong>Especifica\u00e7\u00f5es t\u00e9cnicas:<\/strong><br \/>\nN\u00famero de cat\u00e1logo : DY0109<br \/>\nTipo : Bijutaria decorativa para fatos de banho<br \/>\nMaterial(is): Metal<br \/>\nCor: dourado<br \/>\nElementos decorativos : Conchas e p\u00e9rolas<br \/>\nTamanho: 5 cm \u00d7 1 cm<br \/>\nPeso: 0,003 kg<\/p>","protected":false},"featured_media":72886,"comment_status":"open","ping_status":"closed","template":"","meta":[],"product_brand":[370],"product_cat":[140,434,467],"product_tag":[],"class_list":{"0":"post-73699","1":"product","2":"type-product","3":"status-publish","4":"has-post-thumbnail","6":"product_brand-dyrsan","7":"product_cat-accessoires","8":"product_cat-chaines","9":"product_cat-charms","10":"prix-sur-demande-enabled","12":"first","13":"instock","14":"taxable","15":"shipping-taxable","16":"product-type-simple"},"_links":{"self":[{"href":"https:\/\/staging.dyrsan.fr\/pt\/wp-json\/wp\/v2\/product\/73699","targetHints":{"allow":["GET"]}}],"collection":[{"href":"https:\/\/staging.dyrsan.fr\/pt\/wp-json\/wp\/v2\/product"}],"about":[{"href":"https:\/\/staging.dyrsan.fr\/pt\/wp-json\/wp\/v2\/types\/product"}],"replies":[{"embeddable":true,"href":"https:\/\/staging.dyrsan.fr\/pt\/wp-json\/wp\/v2\/comments?post=73699"}],"version-history":[{"count":3,"href":"https:\/\/staging.dyrsan.fr\/pt\/wp-json\/wp\/v2\/product\/73699\/revisions"}],"predecessor-version":[{"id":73804,"href":"https:\/\/staging.dyrsan.fr\/pt\/wp-json\/wp\/v2\/product\/73699\/revisions\/73804"}],"wp:featuredmedia":[{"embeddable":true,"href":"https:\/\/staging.dyrsan.fr\/pt\/wp-json\/wp\/v2\/media\/72886"}],"wp:attachment":[{"href":"https:\/\/staging.dyrsan.fr\/pt\/wp-json\/wp\/v2\/media?parent=73699"}],"wp:term":[{"taxonomy":"product_brand","embeddable":true,"href":"https:\/\/staging.dyrsan.fr\/pt\/wp-json\/wp\/v2\/product_brand?post=73699"},{"taxonomy":"product_cat","embeddable":true,"href":"https:\/\/staging.dyrsan.fr\/pt\/wp-json\/wp\/v2\/product_cat?post=73699"},{"taxonomy":"product_tag","embeddable":true,"href":"https:\/\/staging.dyrsan.fr\/pt\/wp-json\/wp\/v2\/product_tag?post=73699"}],"curies":[{"name":"wp","href":"https:\/\/api.w.org\/{rel}","templated":true}]}}