{"id":73685,"date":"2026-01-23T14:53:11","date_gmt":"2026-01-23T14:53:11","guid":{"rendered":"https:\/\/staging.dyrsan.fr\/?post_type=product&#038;p=73685"},"modified":"2026-04-03T17:50:16","modified_gmt":"2026-04-03T17:50:16","slug":"separateur-en-forme-de-v-en-metal-recouvert-de-nylon","status":"publish","type":"product","link":"https:\/\/staging.dyrsan.fr\/pt\/shop\/separateur-en-forme-de-v-en-metal-recouvert-de-nylon\/","title":{"rendered":"Separador em forma de V em metal revestido a nylon"},"content":{"rendered":"<p>Separador em forma de V em metal revestido a nylon<\/p>\n<p><strong>Especifica\u00e7\u00f5es t\u00e9cnicas:<\/strong><br \/>\nR\u00e9f\u00e9rence : DYS2110039<br \/>\nType : Baleine en forme de V<br \/>\nMat\u00e9riau(x) : M\u00e9tal\/Nylon<br \/>\nCouleur : Blanc<br \/>\nForma: U<br \/>\nTaille : 1,5 \u00d7 1,5 cm<br \/>\nPoids : 0,001 kg<br \/>\nPrix : 3,10 \u20ac<\/p>\n<div id=\"simple-translate\" class=\"simple-translate-system-theme\">\n<div>\n<div class=\"simple-translate-button\" style=\"background-image: url('chrome-extension:\/\/cllnohpbfenopiakdcjmjcbaeapmkcdl\/icons\/512.png'); height: 22px; width: 22px; top: 10px; left: 10px;\"><\/div>\n<div class=\"simple-translate-panel\" style=\"width: 300px; height: 200px; top: 0px; left: 0px; font-size: 13px;\">\n<div class=\"simple-translate-result-wrapper\" style=\"overflow: hidden;\">\n<div class=\"simple-translate-move\" draggable=\"true\"><\/div>\n<div class=\"simple-translate-result-contents\">\n<p class=\"simple-translate-result\" dir=\"auto\">\n<p class=\"simple-translate-candidate\" dir=\"auto\">\n<\/div>\n<\/div>\n<\/div>\n<\/div>\n<\/div>","protected":false},"excerpt":{"rendered":"<p><strong>Especifica\u00e7\u00f5es t\u00e9cnicas:<\/strong><br \/>\nR\u00e9f\u00e9rence : DYS2110039<br \/>\nType : Baleine en forme de V<br \/>\nMat\u00e9riau(x) : M\u00e9tal\/Nylon<br \/>\nCouleur : Blanc<br \/>\nForma: U<br \/>\nTaille : 1,5 \u00d7 1,5 cm<br \/>\nPoids : 0,001 kg<br \/>\nPrix : 3,10 \u20ac<\/p>","protected":false},"featured_media":72918,"comment_status":"open","ping_status":"closed","template":"","meta":[],"product_brand":[370],"product_cat":[140,156],"product_tag":[],"class_list":{"0":"post-73685","1":"product","2":"type-product","3":"status-publish","4":"has-post-thumbnail","6":"product_brand-dyrsan","7":"product_cat-accessoires","8":"product_cat-separateurs","10":"first","11":"instock","12":"sold-individually","13":"taxable","14":"shipping-taxable","15":"purchasable","16":"product-type-simple"},"_links":{"self":[{"href":"https:\/\/staging.dyrsan.fr\/pt\/wp-json\/wp\/v2\/product\/73685","targetHints":{"allow":["GET"]}}],"collection":[{"href":"https:\/\/staging.dyrsan.fr\/pt\/wp-json\/wp\/v2\/product"}],"about":[{"href":"https:\/\/staging.dyrsan.fr\/pt\/wp-json\/wp\/v2\/types\/product"}],"replies":[{"embeddable":true,"href":"https:\/\/staging.dyrsan.fr\/pt\/wp-json\/wp\/v2\/comments?post=73685"}],"version-history":[{"count":6,"href":"https:\/\/staging.dyrsan.fr\/pt\/wp-json\/wp\/v2\/product\/73685\/revisions"}],"predecessor-version":[{"id":73778,"href":"https:\/\/staging.dyrsan.fr\/pt\/wp-json\/wp\/v2\/product\/73685\/revisions\/73778"}],"wp:featuredmedia":[{"embeddable":true,"href":"https:\/\/staging.dyrsan.fr\/pt\/wp-json\/wp\/v2\/media\/72918"}],"wp:attachment":[{"href":"https:\/\/staging.dyrsan.fr\/pt\/wp-json\/wp\/v2\/media?parent=73685"}],"wp:term":[{"taxonomy":"product_brand","embeddable":true,"href":"https:\/\/staging.dyrsan.fr\/pt\/wp-json\/wp\/v2\/product_brand?post=73685"},{"taxonomy":"product_cat","embeddable":true,"href":"https:\/\/staging.dyrsan.fr\/pt\/wp-json\/wp\/v2\/product_cat?post=73685"},{"taxonomy":"product_tag","embeddable":true,"href":"https:\/\/staging.dyrsan.fr\/pt\/wp-json\/wp\/v2\/product_tag?post=73685"}],"curies":[{"name":"wp","href":"https:\/\/api.w.org\/{rel}","templated":true}]}}