{"id":73646,"date":"2026-03-04T10:50:33","date_gmt":"2026-03-04T10:50:33","guid":{"rendered":"https:\/\/staging.dyrsan.fr\/?post_type=product&#038;p=73646"},"modified":"2026-04-14T10:23:25","modified_gmt":"2026-04-14T10:23:25","slug":"chaine-connecteur-decorative-en-metal-dore","status":"publish","type":"product","link":"https:\/\/staging.dyrsan.fr\/pt\/shop\/chaine-connecteur-decorative-en-metal-dore\/","title":{"rendered":"Corrente de liga\u00e7\u00e3o decorativa em metal dourado"},"content":{"rendered":"<p>Cette cha\u00eene connecteur d\u00e9corative en m\u00e9tal dor\u00e9 est con\u00e7ue pour sublimer les cr\u00e9ations textiles et baln\u00e9aires haut de gamme. Elle apporte une finition bijou \u00e9l\u00e9gante et contemporaine aux maillots de bain, bikinis et v\u00eatements premium, tout en assurant une fonction de liaison solide et durable.<\/p>\n<p>&nbsp;<\/p>\n<p><strong>Especifica\u00e7\u00f5es t\u00e9cnicas:<\/strong><br \/>\nR\u00e9f\u00e9rence : F-2762<br \/>\nType : Cha\u00eene connecteur d\u00e9corative<br \/>\nMaterial(is): Metal<br \/>\nCor: dourado<br \/>\nDimensions : 7 cm \u00d7 2,5 cm<br \/>\nPoids : 0,007 kg<\/p>","protected":false},"excerpt":{"rendered":"<p>Cette cha\u00eene connecteur d\u00e9corative en m\u00e9tal dor\u00e9 est con\u00e7ue pour sublimer les cr\u00e9ations textiles et baln\u00e9aires haut de gamme. Elle apporte une finition bijou \u00e9l\u00e9gante et contemporaine aux maillots de bain, bikinis et v\u00eatements premium, tout en assurant une fonction de liaison solide et durable.<\/p>\n<p>&nbsp;<\/p>\n<p><strong>Especifica\u00e7\u00f5es t\u00e9cnicas:<\/strong><br \/>\nR\u00e9f\u00e9rence : F-2762<br \/>\nType : Cha\u00eene connecteur d\u00e9corative<br \/>\nMaterial(is): Metal<br \/>\nCor: dourado<br \/>\nDimensions : 7 cm \u00d7 2,5 cm<br \/>\nPoids : 0,007 kg<\/p>","protected":false},"featured_media":72775,"comment_status":"open","ping_status":"closed","template":"","meta":[],"product_brand":[370],"product_cat":[140,434,149,212],"product_tag":[],"class_list":{"0":"post-73646","1":"product","2":"type-product","3":"status-publish","4":"has-post-thumbnail","6":"product_brand-dyrsan","7":"product_cat-accessoires","8":"product_cat-chaines","9":"product_cat-connecteurs","10":"product_cat-passants","12":"first","13":"instock","14":"taxable","15":"shipping-taxable","16":"purchasable","17":"product-type-simple"},"_links":{"self":[{"href":"https:\/\/staging.dyrsan.fr\/pt\/wp-json\/wp\/v2\/product\/73646","targetHints":{"allow":["GET"]}}],"collection":[{"href":"https:\/\/staging.dyrsan.fr\/pt\/wp-json\/wp\/v2\/product"}],"about":[{"href":"https:\/\/staging.dyrsan.fr\/pt\/wp-json\/wp\/v2\/types\/product"}],"replies":[{"embeddable":true,"href":"https:\/\/staging.dyrsan.fr\/pt\/wp-json\/wp\/v2\/comments?post=73646"}],"version-history":[{"count":3,"href":"https:\/\/staging.dyrsan.fr\/pt\/wp-json\/wp\/v2\/product\/73646\/revisions"}],"predecessor-version":[{"id":73869,"href":"https:\/\/staging.dyrsan.fr\/pt\/wp-json\/wp\/v2\/product\/73646\/revisions\/73869"}],"wp:featuredmedia":[{"embeddable":true,"href":"https:\/\/staging.dyrsan.fr\/pt\/wp-json\/wp\/v2\/media\/72775"}],"wp:attachment":[{"href":"https:\/\/staging.dyrsan.fr\/pt\/wp-json\/wp\/v2\/media?parent=73646"}],"wp:term":[{"taxonomy":"product_brand","embeddable":true,"href":"https:\/\/staging.dyrsan.fr\/pt\/wp-json\/wp\/v2\/product_brand?post=73646"},{"taxonomy":"product_cat","embeddable":true,"href":"https:\/\/staging.dyrsan.fr\/pt\/wp-json\/wp\/v2\/product_cat?post=73646"},{"taxonomy":"product_tag","embeddable":true,"href":"https:\/\/staging.dyrsan.fr\/pt\/wp-json\/wp\/v2\/product_tag?post=73646"}],"curies":[{"name":"wp","href":"https:\/\/api.w.org\/{rel}","templated":true}]}}