{"id":73641,"date":"2026-03-04T10:51:02","date_gmt":"2026-03-04T10:51:02","guid":{"rendered":"https:\/\/staging.dyrsan.fr\/?post_type=product&#038;p=73641"},"modified":"2026-04-14T10:29:04","modified_gmt":"2026-04-14T10:29:04","slug":"connecteur-double-anneau-en-metal-dore","status":"publish","type":"product","link":"https:\/\/staging.dyrsan.fr\/pt\/shop\/connecteur-double-anneau-en-metal-dore\/","title":{"rendered":"Conector met\u00e1lico de anel duplo banhado a ouro"},"content":{"rendered":"<p>Ce connecteur double anneau en m\u00e9tal dor\u00e9 est con\u00e7u pour la confection de maillots de bain, bikinis et cr\u00e9ations textiles haut de gamme. \u00c0 la fois fonctionnel et d\u00e9coratif, il permet une liaison \u00e9l\u00e9gante entre les liens ou bretelles tout en apportant une finition bijou moderne et raffin\u00e9e.<\/p>\n<p>&nbsp;<\/p>\n<p><strong>Especifica\u00e7\u00f5es t\u00e9cnicas:<\/strong><br \/>\nR\u00e9f\u00e9rence : DYS1902<br \/>\nType : Connecteur pour maillot de bain<br \/>\nMaterial(is): Metal<br \/>\nCor: dourado<br \/>\nForme : Double anneau<br \/>\nUtilisation : Connexion et maintien de liens ou bretelles<br \/>\nDimensions : 4 cm \u00d7 2 cm<br \/>\nPoids : 0,004 kg<\/p>","protected":false},"excerpt":{"rendered":"<p>Ce connecteur double anneau en m\u00e9tal dor\u00e9 est con\u00e7u pour la confection de maillots de bain, bikinis et cr\u00e9ations textiles haut de gamme. \u00c0 la fois fonctionnel et d\u00e9coratif, il permet une liaison \u00e9l\u00e9gante entre les liens ou bretelles tout en apportant une finition bijou moderne et raffin\u00e9e.<\/p>\n<p>&nbsp;<\/p>\n<p><strong>Especifica\u00e7\u00f5es t\u00e9cnicas:<\/strong><br \/>\nR\u00e9f\u00e9rence : DYS1902<br \/>\nType : Connecteur pour maillot de bain<br \/>\nMaterial(is): Metal<br \/>\nCor: dourado<br \/>\nForme : Double anneau<br \/>\nUtilisation : Connexion et maintien de liens ou bretelles<br \/>\nDimensions : 4 cm \u00d7 2 cm<br \/>\nPoids : 0,004 kg<\/p>","protected":false},"featured_media":72872,"comment_status":"open","ping_status":"closed","template":"","meta":[],"product_brand":[370],"product_cat":[140,148,149],"product_tag":[],"class_list":{"0":"post-73641","1":"product","2":"type-product","3":"status-publish","4":"has-post-thumbnail","6":"product_brand-dyrsan","7":"product_cat-accessoires","8":"product_cat-boucles","9":"product_cat-connecteurs","11":"first","12":"instock","13":"taxable","14":"shipping-taxable","15":"purchasable","16":"product-type-simple"},"_links":{"self":[{"href":"https:\/\/staging.dyrsan.fr\/pt\/wp-json\/wp\/v2\/product\/73641","targetHints":{"allow":["GET"]}}],"collection":[{"href":"https:\/\/staging.dyrsan.fr\/pt\/wp-json\/wp\/v2\/product"}],"about":[{"href":"https:\/\/staging.dyrsan.fr\/pt\/wp-json\/wp\/v2\/types\/product"}],"replies":[{"embeddable":true,"href":"https:\/\/staging.dyrsan.fr\/pt\/wp-json\/wp\/v2\/comments?post=73641"}],"version-history":[{"count":2,"href":"https:\/\/staging.dyrsan.fr\/pt\/wp-json\/wp\/v2\/product\/73641\/revisions"}],"predecessor-version":[{"id":73868,"href":"https:\/\/staging.dyrsan.fr\/pt\/wp-json\/wp\/v2\/product\/73641\/revisions\/73868"}],"wp:featuredmedia":[{"embeddable":true,"href":"https:\/\/staging.dyrsan.fr\/pt\/wp-json\/wp\/v2\/media\/72872"}],"wp:attachment":[{"href":"https:\/\/staging.dyrsan.fr\/pt\/wp-json\/wp\/v2\/media?parent=73641"}],"wp:term":[{"taxonomy":"product_brand","embeddable":true,"href":"https:\/\/staging.dyrsan.fr\/pt\/wp-json\/wp\/v2\/product_brand?post=73641"},{"taxonomy":"product_cat","embeddable":true,"href":"https:\/\/staging.dyrsan.fr\/pt\/wp-json\/wp\/v2\/product_cat?post=73641"},{"taxonomy":"product_tag","embeddable":true,"href":"https:\/\/staging.dyrsan.fr\/pt\/wp-json\/wp\/v2\/product_tag?post=73641"}],"curies":[{"name":"wp","href":"https:\/\/api.w.org\/{rel}","templated":true}]}}