{"id":73548,"date":"2026-01-21T15:37:37","date_gmt":"2026-01-21T15:37:37","guid":{"rendered":"https:\/\/staging.dyrsan.fr\/?post_type=product&#038;p=73548"},"modified":"2026-04-14T09:40:29","modified_gmt":"2026-04-14T09:40:29","slug":"separateur-en-metal-argente-en-forme-de-u-courbee","status":"publish","type":"product","link":"https:\/\/staging.dyrsan.fr\/pt\/shop\/separateur-en-metal-argente-en-forme-de-u-courbee\/","title":{"rendered":"S\u00e9parateur en m\u00e9tal argent\u00e9 en forme de U courb\u00e9e"},"content":{"rendered":"<p>Ce s\u00e9parateur en m\u00e9tal argent\u00e9 en forme de U courb\u00e9e est con\u00e7u pour les applications textiles et lingerie n\u00e9cessitant un \u00e9l\u00e9ment de maintien r\u00e9sistant.<\/p>\n<p><strong>Especifica\u00e7\u00f5es t\u00e9cnicas:<\/strong><br \/>\nMaterial(is): Metal<br \/>\nCor: Prateado<br \/>\nForme : U courb\u00e9<br \/>\nDimensions : 10 cm x 5 cm<br \/>\nPoids : 0,004 kg<\/p>","protected":false},"excerpt":{"rendered":"<p>Ce s\u00e9parateur en m\u00e9tal argent\u00e9 en forme de U courb\u00e9e est con\u00e7u pour les applications textiles et lingerie n\u00e9cessitant un \u00e9l\u00e9ment de maintien r\u00e9sistant.<\/p>\n<p>&nbsp;<\/p>\n<p><strong>Especifica\u00e7\u00f5es t\u00e9cnicas:<\/strong><br \/>\nMaterial(is): Metal<br \/>\nCor: Prateado<br \/>\nForme : U courb\u00e9<br \/>\nDimensions : 10 cm x 5 cm<br \/>\nPoids : 0,004 kg<\/p>","protected":false},"featured_media":72908,"comment_status":"open","ping_status":"closed","template":"","meta":[],"product_brand":[370],"product_cat":[140,458,156],"product_tag":[],"class_list":{"0":"post-73548","1":"product","2":"type-product","3":"status-publish","4":"has-post-thumbnail","6":"product_brand-dyrsan","7":"product_cat-accessoires","8":"product_cat-dernieres-pieces","9":"product_cat-separateurs","11":"first","12":"instock","13":"sold-individually","14":"taxable","15":"shipping-taxable","16":"purchasable","17":"product-type-simple"},"_links":{"self":[{"href":"https:\/\/staging.dyrsan.fr\/pt\/wp-json\/wp\/v2\/product\/73548","targetHints":{"allow":["GET"]}}],"collection":[{"href":"https:\/\/staging.dyrsan.fr\/pt\/wp-json\/wp\/v2\/product"}],"about":[{"href":"https:\/\/staging.dyrsan.fr\/pt\/wp-json\/wp\/v2\/types\/product"}],"replies":[{"embeddable":true,"href":"https:\/\/staging.dyrsan.fr\/pt\/wp-json\/wp\/v2\/comments?post=73548"}],"version-history":[{"count":5,"href":"https:\/\/staging.dyrsan.fr\/pt\/wp-json\/wp\/v2\/product\/73548\/revisions"}],"predecessor-version":[{"id":74525,"href":"https:\/\/staging.dyrsan.fr\/pt\/wp-json\/wp\/v2\/product\/73548\/revisions\/74525"}],"wp:featuredmedia":[{"embeddable":true,"href":"https:\/\/staging.dyrsan.fr\/pt\/wp-json\/wp\/v2\/media\/72908"}],"wp:attachment":[{"href":"https:\/\/staging.dyrsan.fr\/pt\/wp-json\/wp\/v2\/media?parent=73548"}],"wp:term":[{"taxonomy":"product_brand","embeddable":true,"href":"https:\/\/staging.dyrsan.fr\/pt\/wp-json\/wp\/v2\/product_brand?post=73548"},{"taxonomy":"product_cat","embeddable":true,"href":"https:\/\/staging.dyrsan.fr\/pt\/wp-json\/wp\/v2\/product_cat?post=73548"},{"taxonomy":"product_tag","embeddable":true,"href":"https:\/\/staging.dyrsan.fr\/pt\/wp-json\/wp\/v2\/product_tag?post=73548"}],"curies":[{"name":"wp","href":"https:\/\/api.w.org\/{rel}","templated":true}]}}