{"id":70770,"date":"2025-12-12T18:59:28","date_gmt":"2025-12-12T18:59:28","guid":{"rendered":"https:\/\/staging.dyrsan.fr\/?post_type=product&#038;p=70770"},"modified":"2026-04-14T09:43:09","modified_gmt":"2026-04-14T09:43:09","slug":"chaine-bijou-decorative-en-metal-dore-rose-avec-anneaux","status":"publish","type":"product","link":"https:\/\/staging.dyrsan.fr\/pt\/shop\/chaine-bijou-decorative-en-metal-dore-rose-avec-anneaux\/","title":{"rendered":"Corrente decorativa para j\u00f3ias em metal dourado rosa com argolas"},"content":{"rendered":"<p>Esta corrente decorativa para j\u00f3ias em metal ouro rosa com argolas foi concebida para real\u00e7ar as cria\u00e7\u00f5es t\u00eaxteis e de fatos de banho de alta gama. Elegante e moderna, funciona como um conetor ornamental ideal para fatos de banho, biqu\u00ednis e pe\u00e7as de vestu\u00e1rio de qualidade superior, proporcionando um acabamento de joia refinado.<\/p>\n<p>&nbsp;<\/p>\n<p><strong>Especifica\u00e7\u00f5es t\u00e9cnicas:<\/strong><br \/>\nN\u00famero de cat\u00e1logo: DY6690<br \/>\nMaterial(is): Metal<br \/>\nCor: Ouro rosa<br \/>\nTamanho: 7 cm x 1cm<br \/>\nPeso: 0,003 kg<br \/>\nAspeto: Corrente decorativa com argolas<\/p>","protected":false},"excerpt":{"rendered":"<p>Esta corrente decorativa para j\u00f3ias em metal ouro rosa com argolas foi concebida para real\u00e7ar as cria\u00e7\u00f5es t\u00eaxteis e de fatos de banho de alta gama. Elegante e moderna, funciona como um conetor ornamental ideal para fatos de banho, biqu\u00ednis e pe\u00e7as de vestu\u00e1rio de qualidade superior, proporcionando um acabamento de joia refinado.<\/p>\n<p>&nbsp;<\/p>\n<p><strong>Especifica\u00e7\u00f5es t\u00e9cnicas:<\/strong><br \/>\nN\u00famero de cat\u00e1logo: DY6690<br \/>\nMaterial(is): Metal<br \/>\nCor: Ouro rosa<br \/>\nTamanho: 7 cm x 1 mm<br \/>\nPeso: 0,003 kg<br \/>\nAspeto: Corrente decorativa com argolas<\/p>","protected":false},"featured_media":70771,"comment_status":"open","ping_status":"closed","template":"","meta":[],"product_brand":[370],"product_cat":[140,434,149,458],"product_tag":[],"class_list":{"0":"post-70770","1":"product","2":"type-product","3":"status-publish","4":"has-post-thumbnail","6":"product_brand-dyrsan","7":"product_cat-accessoires","8":"product_cat-chaines","9":"product_cat-connecteurs","10":"product_cat-dernieres-pieces","12":"first","13":"instock","14":"sold-individually","15":"taxable","16":"shipping-taxable","17":"purchasable","18":"product-type-simple"},"_links":{"self":[{"href":"https:\/\/staging.dyrsan.fr\/pt\/wp-json\/wp\/v2\/product\/70770","targetHints":{"allow":["GET"]}}],"collection":[{"href":"https:\/\/staging.dyrsan.fr\/pt\/wp-json\/wp\/v2\/product"}],"about":[{"href":"https:\/\/staging.dyrsan.fr\/pt\/wp-json\/wp\/v2\/types\/product"}],"replies":[{"embeddable":true,"href":"https:\/\/staging.dyrsan.fr\/pt\/wp-json\/wp\/v2\/comments?post=70770"}],"version-history":[{"count":9,"href":"https:\/\/staging.dyrsan.fr\/pt\/wp-json\/wp\/v2\/product\/70770\/revisions"}],"predecessor-version":[{"id":73823,"href":"https:\/\/staging.dyrsan.fr\/pt\/wp-json\/wp\/v2\/product\/70770\/revisions\/73823"}],"wp:featuredmedia":[{"embeddable":true,"href":"https:\/\/staging.dyrsan.fr\/pt\/wp-json\/wp\/v2\/media\/70771"}],"wp:attachment":[{"href":"https:\/\/staging.dyrsan.fr\/pt\/wp-json\/wp\/v2\/media?parent=70770"}],"wp:term":[{"taxonomy":"product_brand","embeddable":true,"href":"https:\/\/staging.dyrsan.fr\/pt\/wp-json\/wp\/v2\/product_brand?post=70770"},{"taxonomy":"product_cat","embeddable":true,"href":"https:\/\/staging.dyrsan.fr\/pt\/wp-json\/wp\/v2\/product_cat?post=70770"},{"taxonomy":"product_tag","embeddable":true,"href":"https:\/\/staging.dyrsan.fr\/pt\/wp-json\/wp\/v2\/product_tag?post=70770"}],"curies":[{"name":"wp","href":"https:\/\/api.w.org\/{rel}","templated":true}]}}