{"id":70751,"date":"2025-12-12T18:35:42","date_gmt":"2025-12-12T18:35:42","guid":{"rendered":"https:\/\/staging.dyrsan.fr\/?post_type=product&#038;p=70751"},"modified":"2026-04-14T09:43:19","modified_gmt":"2026-04-14T09:43:19","slug":"chaine-bijou-en-metal-dore-avec-anneau-central","status":"publish","type":"product","link":"https:\/\/staging.dyrsan.fr\/pt\/shop\/chaine-bijou-en-metal-dore-avec-anneau-central\/","title":{"rendered":"Corrente para j\u00f3ias banhada a ouro com anel central"},"content":{"rendered":"<p>Cette cha\u00eene bijou en m\u00e9tal dor\u00e9 avec anneau central est con\u00e7ue pour un assemblage d\u00e9coratif \u00e9l\u00e9gant et \u00e9quilibr\u00e9. Elle apporte une finition soign\u00e9e aux cr\u00e9ations baln\u00e9aires, v\u00eatements et accessoires.<\/p>\n<p>&nbsp;<\/p>\n<p><strong>Especifica\u00e7\u00f5es t\u00e9cnicas:<\/strong><\/p>\n<p>R\u00e9f\u00e9rence : DY-7051<br \/>\nMaterial(is): Metal<br \/>\nCor: dourado<br \/>\nTamanho: 7 cm x 1 mm<br \/>\nPoids : 1g<\/p>","protected":false},"excerpt":{"rendered":"<p>Cette cha\u00eene bijou en m\u00e9tal dor\u00e9 avec anneau central est con\u00e7ue pour un assemblage d\u00e9coratif \u00e9l\u00e9gant et \u00e9quilibr\u00e9. Elle apporte une finition soign\u00e9e aux cr\u00e9ations baln\u00e9aires, v\u00eatements et accessoires.<\/p>\n<p>&nbsp;<\/p>\n<p><strong>Especifica\u00e7\u00f5es t\u00e9cnicas:<\/strong><\/p>\n<p>R\u00e9f\u00e9rence : DY-7051<br \/>\nMaterial(is): Metal<br \/>\nCor: dourado<br \/>\nTamanho: 7 cm x 1 mm<br \/>\nPoids : 1g<\/p>","protected":false},"featured_media":70752,"comment_status":"open","ping_status":"closed","template":"","meta":[],"product_brand":[370],"product_cat":[140,467,458],"product_tag":[],"class_list":{"0":"post-70751","1":"product","2":"type-product","3":"status-publish","4":"has-post-thumbnail","6":"product_brand-dyrsan","7":"product_cat-accessoires","8":"product_cat-charms","9":"product_cat-dernieres-pieces","11":"first","12":"instock","13":"sold-individually","14":"taxable","15":"shipping-taxable","16":"purchasable","17":"product-type-simple"},"_links":{"self":[{"href":"https:\/\/staging.dyrsan.fr\/pt\/wp-json\/wp\/v2\/product\/70751","targetHints":{"allow":["GET"]}}],"collection":[{"href":"https:\/\/staging.dyrsan.fr\/pt\/wp-json\/wp\/v2\/product"}],"about":[{"href":"https:\/\/staging.dyrsan.fr\/pt\/wp-json\/wp\/v2\/types\/product"}],"replies":[{"embeddable":true,"href":"https:\/\/staging.dyrsan.fr\/pt\/wp-json\/wp\/v2\/comments?post=70751"}],"version-history":[{"count":9,"href":"https:\/\/staging.dyrsan.fr\/pt\/wp-json\/wp\/v2\/product\/70751\/revisions"}],"predecessor-version":[{"id":72929,"href":"https:\/\/staging.dyrsan.fr\/pt\/wp-json\/wp\/v2\/product\/70751\/revisions\/72929"}],"wp:featuredmedia":[{"embeddable":true,"href":"https:\/\/staging.dyrsan.fr\/pt\/wp-json\/wp\/v2\/media\/70752"}],"wp:attachment":[{"href":"https:\/\/staging.dyrsan.fr\/pt\/wp-json\/wp\/v2\/media?parent=70751"}],"wp:term":[{"taxonomy":"product_brand","embeddable":true,"href":"https:\/\/staging.dyrsan.fr\/pt\/wp-json\/wp\/v2\/product_brand?post=70751"},{"taxonomy":"product_cat","embeddable":true,"href":"https:\/\/staging.dyrsan.fr\/pt\/wp-json\/wp\/v2\/product_cat?post=70751"},{"taxonomy":"product_tag","embeddable":true,"href":"https:\/\/staging.dyrsan.fr\/pt\/wp-json\/wp\/v2\/product_tag?post=70751"}],"curies":[{"name":"wp","href":"https:\/\/api.w.org\/{rel}","templated":true}]}}