{"id":70702,"date":"2025-12-12T00:00:00","date_gmt":"2025-12-12T00:00:00","guid":{"rendered":"https:\/\/staging.dyrsan.fr\/?post_type=product&#038;p=70702"},"modified":"2026-04-14T10:23:12","modified_gmt":"2026-04-14T10:23:12","slug":"chaine-decorative-en-resine-ambre-et-metal-dore","status":"publish","type":"product","link":"https:\/\/staging.dyrsan.fr\/pt\/shop\/chaine-decorative-en-resine-ambre-et-metal-dore\/","title":{"rendered":"Corrente decorativa em resina \u00e2mbar e metal dourado"},"content":{"rendered":"<p>Cette cha\u00eene d\u00e9corative en r\u00e9sine ambre et m\u00e9tal dor\u00e9 est un \u00e9l\u00e9ment ornemental au style moderne et raffin\u00e9. Elle apporte une finition \u00e9l\u00e9gante aux maillots de bain, v\u00eatements et accessoires d\u00e9coratifs.<\/p>\n<p>&nbsp;<\/p>\n<p><strong>Especifica\u00e7\u00f5es t\u00e9cnicas:<\/strong><\/p>\n<p>R\u00e9f\u00e9rence : A-8109<br \/>\nMat\u00e9riau(x) : R\u00e9sine et m\u00e9tal<br \/>\nCouleur : ambre et dor\u00e9<br \/>\nTaille : 13 cm x 2 cm<br \/>\nPoids : 31g<\/p>","protected":false},"excerpt":{"rendered":"<p>Cette cha\u00eene d\u00e9corative en r\u00e9sine ambre et m\u00e9tal dor\u00e9 est un \u00e9l\u00e9ment ornemental au style moderne et raffin\u00e9. Elle apporte une finition \u00e9l\u00e9gante aux maillots de bain, v\u00eatements et accessoires d\u00e9coratifs.<\/p>\n<p>&nbsp;<\/p>\n<p><strong>Especifica\u00e7\u00f5es t\u00e9cnicas:<\/strong><\/p>\n<p>R\u00e9f\u00e9rence : A-8109<br \/>\nMat\u00e9riau(x) : R\u00e9sine et m\u00e9tal<br \/>\nCouleur : ambre et dor\u00e9<br \/>\nTaille : 13 cm x 2 cm<br \/>\nPoids : 31g<\/p>","protected":false},"featured_media":70704,"comment_status":"open","ping_status":"closed","template":"","meta":[],"product_brand":[370],"product_cat":[140,434],"product_tag":[],"class_list":{"0":"post-70702","1":"product","2":"type-product","3":"status-publish","4":"has-post-thumbnail","6":"product_brand-dyrsan","7":"product_cat-accessoires","8":"product_cat-chaines","10":"first","11":"instock","12":"sold-individually","13":"taxable","14":"shipping-taxable","15":"purchasable","16":"product-type-simple"},"_links":{"self":[{"href":"https:\/\/staging.dyrsan.fr\/pt\/wp-json\/wp\/v2\/product\/70702","targetHints":{"allow":["GET"]}}],"collection":[{"href":"https:\/\/staging.dyrsan.fr\/pt\/wp-json\/wp\/v2\/product"}],"about":[{"href":"https:\/\/staging.dyrsan.fr\/pt\/wp-json\/wp\/v2\/types\/product"}],"replies":[{"embeddable":true,"href":"https:\/\/staging.dyrsan.fr\/pt\/wp-json\/wp\/v2\/comments?post=70702"}],"version-history":[{"count":4,"href":"https:\/\/staging.dyrsan.fr\/pt\/wp-json\/wp\/v2\/product\/70702\/revisions"}],"predecessor-version":[{"id":72936,"href":"https:\/\/staging.dyrsan.fr\/pt\/wp-json\/wp\/v2\/product\/70702\/revisions\/72936"}],"wp:featuredmedia":[{"embeddable":true,"href":"https:\/\/staging.dyrsan.fr\/pt\/wp-json\/wp\/v2\/media\/70704"}],"wp:attachment":[{"href":"https:\/\/staging.dyrsan.fr\/pt\/wp-json\/wp\/v2\/media?parent=70702"}],"wp:term":[{"taxonomy":"product_brand","embeddable":true,"href":"https:\/\/staging.dyrsan.fr\/pt\/wp-json\/wp\/v2\/product_brand?post=70702"},{"taxonomy":"product_cat","embeddable":true,"href":"https:\/\/staging.dyrsan.fr\/pt\/wp-json\/wp\/v2\/product_cat?post=70702"},{"taxonomy":"product_tag","embeddable":true,"href":"https:\/\/staging.dyrsan.fr\/pt\/wp-json\/wp\/v2\/product_tag?post=70702"}],"curies":[{"name":"wp","href":"https:\/\/api.w.org\/{rel}","templated":true}]}}