{"id":70699,"date":"2025-12-12T13:30:44","date_gmt":"2025-12-12T13:30:44","guid":{"rendered":"https:\/\/staging.dyrsan.fr\/?post_type=product&#038;p=70699"},"modified":"2026-04-14T09:43:42","modified_gmt":"2026-04-14T09:43:42","slug":"chaine-decorative-en-metal-dore-avec-perles-goutte","status":"publish","type":"product","link":"https:\/\/staging.dyrsan.fr\/pt\/shop\/chaine-decorative-en-metal-dore-avec-perles-goutte\/","title":{"rendered":"Corrente decorativa em metal dourado com contas de gota"},"content":{"rendered":"<p>Esta corrente decorativa em metal dourado com contas em forma de gota \u00e9 um elemento ornamental requintado para as cria\u00e7\u00f5es de fatos de banho. A sua malha fina e os pingentes em forma de gota conferem um acabamento elegante aos fatos de banho e ao vestu\u00e1rio.<\/p>\n<p>&nbsp;<\/p>\n<p><strong>Especifica\u00e7\u00f5es t\u00e9cnicas:<\/strong><\/p>\n<p>N\u00famero de cat\u00e1logo: DY7071<br \/>\nMaterial(is): Metal<br \/>\nCor: dourado e branco<br \/>\nTamanho: 30 cm x 1 mm<br \/>\nPeso : 4g<\/p>","protected":false},"excerpt":{"rendered":"<p>Esta corrente decorativa em metal dourado com contas em forma de gota \u00e9 um elemento ornamental requintado para as cria\u00e7\u00f5es de fatos de banho. A sua malha fina e os pingentes em forma de gota conferem um acabamento elegante aos fatos de banho e ao vestu\u00e1rio.<\/p>\n<p>&nbsp;<\/p>\n<p><strong>Especifica\u00e7\u00f5es t\u00e9cnicas:<\/strong><\/p>\n<p>N\u00famero de cat\u00e1logo: DY7071<br \/>\nMaterial(is): Metal<br \/>\nCor: dourado e branco<br \/>\nTamanho: 30 cm x 1 mm<br \/>\nPeso : 4g<\/p>","protected":false},"featured_media":69937,"comment_status":"open","ping_status":"closed","template":"","meta":[],"product_brand":[370],"product_cat":[140,434,458],"product_tag":[],"class_list":{"0":"post-70699","1":"product","2":"type-product","3":"status-publish","4":"has-post-thumbnail","6":"product_brand-dyrsan","7":"product_cat-accessoires","8":"product_cat-chaines","9":"product_cat-dernieres-pieces","11":"first","12":"instock","13":"sold-individually","14":"taxable","15":"shipping-taxable","16":"purchasable","17":"product-type-simple"},"_links":{"self":[{"href":"https:\/\/staging.dyrsan.fr\/pt\/wp-json\/wp\/v2\/product\/70699","targetHints":{"allow":["GET"]}}],"collection":[{"href":"https:\/\/staging.dyrsan.fr\/pt\/wp-json\/wp\/v2\/product"}],"about":[{"href":"https:\/\/staging.dyrsan.fr\/pt\/wp-json\/wp\/v2\/types\/product"}],"replies":[{"embeddable":true,"href":"https:\/\/staging.dyrsan.fr\/pt\/wp-json\/wp\/v2\/comments?post=70699"}],"version-history":[{"count":5,"href":"https:\/\/staging.dyrsan.fr\/pt\/wp-json\/wp\/v2\/product\/70699\/revisions"}],"predecessor-version":[{"id":72935,"href":"https:\/\/staging.dyrsan.fr\/pt\/wp-json\/wp\/v2\/product\/70699\/revisions\/72935"}],"wp:featuredmedia":[{"embeddable":true,"href":"https:\/\/staging.dyrsan.fr\/pt\/wp-json\/wp\/v2\/media\/69937"}],"wp:attachment":[{"href":"https:\/\/staging.dyrsan.fr\/pt\/wp-json\/wp\/v2\/media?parent=70699"}],"wp:term":[{"taxonomy":"product_brand","embeddable":true,"href":"https:\/\/staging.dyrsan.fr\/pt\/wp-json\/wp\/v2\/product_brand?post=70699"},{"taxonomy":"product_cat","embeddable":true,"href":"https:\/\/staging.dyrsan.fr\/pt\/wp-json\/wp\/v2\/product_cat?post=70699"},{"taxonomy":"product_tag","embeddable":true,"href":"https:\/\/staging.dyrsan.fr\/pt\/wp-json\/wp\/v2\/product_tag?post=70699"}],"curies":[{"name":"wp","href":"https:\/\/api.w.org\/{rel}","templated":true}]}}