{"id":70613,"date":"2025-12-09T10:27:56","date_gmt":"2025-12-09T10:27:56","guid":{"rendered":"https:\/\/staging.dyrsan.fr\/?post_type=product&#038;p=70613"},"modified":"2026-04-14T09:43:46","modified_gmt":"2026-04-14T09:43:46","slug":"chaine-decorative-en-metal-dore-a-breloques","status":"publish","type":"product","link":"https:\/\/staging.dyrsan.fr\/pt\/shop\/chaine-decorative-en-metal-dore-a-breloques\/","title":{"rendered":"Corrente decorativa em metal dourado com pingentes"},"content":{"rendered":"<p>Cette cha\u00eene d\u00e9corative en m\u00e9tal dor\u00e9 \u00e0 breloques est id\u00e9ale pour sublimer les maillots de bain, bikinis et v\u00eatements. Ses breloques sph\u00e9riques apportent une finition \u00e9l\u00e9gante et raffin\u00e9e aux cr\u00e9ations textiles et baln\u00e9aires.<\/p>\n<p>&nbsp;<\/p>\n<p><strong>Especifica\u00e7\u00f5es t\u00e9cnicas:<\/strong><\/p>\n<p>R\u00e9f\u00e9rence : DY5082<br \/>\nMaterial(is): Metal<br \/>\nCor: dourado<br \/>\nTaille : 26 cm \u00d7 1 mm<br \/>\nPeso : 10 g<\/p>","protected":false},"excerpt":{"rendered":"<p>Cette cha\u00eene d\u00e9corative en m\u00e9tal dor\u00e9 \u00e0 breloques est id\u00e9ale pour sublimer les maillots de bain, bikinis et v\u00eatements. Ses breloques sph\u00e9riques apportent une finition \u00e9l\u00e9gante et raffin\u00e9e aux cr\u00e9ations textiles et baln\u00e9aires.<\/p>\n<p>&nbsp;<\/p>\n<p><strong>Especifica\u00e7\u00f5es t\u00e9cnicas:<\/strong><\/p>\n<p>R\u00e9f\u00e9rence : DY5082<br \/>\nMaterial(is): Metal<br \/>\nCor: dourado<br \/>\nTaille : 26 cm \u00d7 1 mm<br \/>\nPeso : 10 g<\/p>","protected":false},"featured_media":69938,"comment_status":"open","ping_status":"closed","template":"","meta":[],"product_brand":[370],"product_cat":[140,434,458],"product_tag":[],"class_list":{"0":"post-70613","1":"product","2":"type-product","3":"status-publish","4":"has-post-thumbnail","6":"product_brand-dyrsan","7":"product_cat-accessoires","8":"product_cat-chaines","9":"product_cat-dernieres-pieces","11":"first","12":"instock","13":"sold-individually","14":"taxable","15":"shipping-taxable","16":"purchasable","17":"product-type-simple"},"_links":{"self":[{"href":"https:\/\/staging.dyrsan.fr\/pt\/wp-json\/wp\/v2\/product\/70613","targetHints":{"allow":["GET"]}}],"collection":[{"href":"https:\/\/staging.dyrsan.fr\/pt\/wp-json\/wp\/v2\/product"}],"about":[{"href":"https:\/\/staging.dyrsan.fr\/pt\/wp-json\/wp\/v2\/types\/product"}],"replies":[{"embeddable":true,"href":"https:\/\/staging.dyrsan.fr\/pt\/wp-json\/wp\/v2\/comments?post=70613"}],"version-history":[{"count":9,"href":"https:\/\/staging.dyrsan.fr\/pt\/wp-json\/wp\/v2\/product\/70613\/revisions"}],"predecessor-version":[{"id":73136,"href":"https:\/\/staging.dyrsan.fr\/pt\/wp-json\/wp\/v2\/product\/70613\/revisions\/73136"}],"wp:featuredmedia":[{"embeddable":true,"href":"https:\/\/staging.dyrsan.fr\/pt\/wp-json\/wp\/v2\/media\/69938"}],"wp:attachment":[{"href":"https:\/\/staging.dyrsan.fr\/pt\/wp-json\/wp\/v2\/media?parent=70613"}],"wp:term":[{"taxonomy":"product_brand","embeddable":true,"href":"https:\/\/staging.dyrsan.fr\/pt\/wp-json\/wp\/v2\/product_brand?post=70613"},{"taxonomy":"product_cat","embeddable":true,"href":"https:\/\/staging.dyrsan.fr\/pt\/wp-json\/wp\/v2\/product_cat?post=70613"},{"taxonomy":"product_tag","embeddable":true,"href":"https:\/\/staging.dyrsan.fr\/pt\/wp-json\/wp\/v2\/product_tag?post=70613"}],"curies":[{"name":"wp","href":"https:\/\/api.w.org\/{rel}","templated":true}]}}