{"id":70201,"date":"2025-11-08T15:45:21","date_gmt":"2025-11-08T15:45:21","guid":{"rendered":"https:\/\/staging.dyrsan.fr\/?post_type=product&#038;p=70201"},"modified":"2026-04-03T14:00:44","modified_gmt":"2026-04-03T14:00:44","slug":"tissu-lycra-mat-couleur-orange-intense-extensible","status":"publish","type":"product","link":"https:\/\/staging.dyrsan.fr\/pt\/shop\/tissu-lycra-mat-couleur-orange-intense-extensible\/","title":{"rendered":"Tecido de lycra mate em stretch laranja intenso"},"content":{"rendered":"<p>Tecido mate de lycra el\u00e1stica laranja intenso, perfeito para criar fatos de banho, lingerie ou roupa de dan\u00e7a. A sua textura suave e a sua opacidade garantem um ajuste impec\u00e1vel e um conforto superior, ideal para modelos topo de gama.<\/p>\n<p>&nbsp;<\/p>\n<p><strong>Especifica\u00e7\u00f5es t\u00e9cnicas:<\/strong><br \/>\nRefer\u00eancia : DY210OR<br \/>\nComposi\u00e7\u00e3o: 82 % poliamida, 18 % elastano<br \/>\nPeso: 200 g\/m\u00b2.<br \/>\nLargura: 150 cm<br \/>\nCor: Ab\u00f3bora ba\u00e7a (laranja profundo e luminoso)<br \/>\nAspeto: Superf\u00edcie lisa, acabamento mate, toque macio e denso<br \/>\nPropriedades: elasticidade de 4 vias, respir\u00e1vel, secagem r\u00e1pida, excelente opacidade<br \/>\nAplica\u00e7\u00f5es: Fatos de banho, lingerie, vestu\u00e1rio t\u00e9cnico e desportivo<\/p>\n<p><b><img class=\"alignnone wp-image-67583\" src=\"https:\/\/staging.dyrsan.fr\/wp-content\/uploads\/2025\/08\/instru-1.jpeg\" alt=\"\" width=\"153\" height=\"42\" loading=\"lazy\" decoding=\"async\" title=\"\" srcset=\"https:\/\/staging.dyrsan.fr\/wp-content\/uploads\/2025\/08\/instru-1.jpeg 698w, https:\/\/staging.dyrsan.fr\/wp-content\/uploads\/2025\/08\/instru-1-18x5.jpeg 18w\" sizes=\"auto, (max-width: 153px) 100vw, 153px\" \/><\/b><\/p>\n<p><strong>Vendido em unidades de 50 cm de comprimento<\/strong>\u00a0(Para encomendar 1m selecionar 2 unidades)<\/p>","protected":false},"excerpt":{"rendered":"<p>Tecido mate de lycra el\u00e1stica laranja intenso, perfeito para criar fatos de banho, lingerie ou roupa de dan\u00e7a. A sua textura suave e a sua opacidade garantem um ajuste impec\u00e1vel e um conforto superior, ideal para modelos topo de gama.<\/p>\n<p>&nbsp;<\/p>\n<p><strong>Especifica\u00e7\u00f5es t\u00e9cnicas:<\/strong><br \/>\nRefer\u00eancia : DY210OR<br \/>\nComposi\u00e7\u00e3o: 82 % poliamida, 18 % elastano<br \/>\nPeso: 200 g\/m\u00b2.<br \/>\nLargura: 150 cm<br \/>\nCor: Ab\u00f3bora ba\u00e7a (laranja profundo e luminoso)<br \/>\nAspeto: Superf\u00edcie lisa, acabamento mate, toque macio e denso<br \/>\nPropriedades: elasticidade de 4 vias, respir\u00e1vel, secagem r\u00e1pida, excelente opacidade<br \/>\nAplica\u00e7\u00f5es: Fatos de banho, lingerie, vestu\u00e1rio t\u00e9cnico e desportivo<\/p>\n<p><b><img loading=\"lazy\" decoding=\"async\" class=\"alignnone wp-image-67583\" src=\"https:\/\/staging.dyrsan.fr\/wp-content\/uploads\/2025\/08\/instru-1.jpeg\" alt=\"\" width=\"153\" height=\"42\" srcset=\"https:\/\/staging.dyrsan.fr\/wp-content\/uploads\/2025\/08\/instru-1.jpeg 698w, https:\/\/staging.dyrsan.fr\/wp-content\/uploads\/2025\/08\/instru-1-18x5.jpeg 18w\" sizes=\"auto, (max-width: 153px) 100vw, 153px\" \/><\/b><\/p>\n<p><strong>Vendido em unidades de 50 cm de comprimento<\/strong>\u00a0(Para encomendar 1m selecionar 2 unidades)<\/p>","protected":false},"featured_media":69928,"comment_status":"open","ping_status":"closed","template":"","meta":[],"product_brand":[370],"product_cat":[150,458,151],"product_tag":[466,154],"class_list":{"0":"post-70201","1":"product","2":"type-product","3":"status-publish","4":"has-post-thumbnail","6":"product_brand-dyrsan","7":"product_cat-tissus","8":"product_cat-dernieres-pieces","9":"product_cat-tissus-lycra-extensibles","10":"product_tag-lycra","11":"product_tag-tissus-maillot-de-bain","13":"first","14":"instock","15":"sale","16":"taxable","17":"shipping-taxable","18":"purchasable","19":"product-type-simple"},"_links":{"self":[{"href":"https:\/\/staging.dyrsan.fr\/pt\/wp-json\/wp\/v2\/product\/70201","targetHints":{"allow":["GET"]}}],"collection":[{"href":"https:\/\/staging.dyrsan.fr\/pt\/wp-json\/wp\/v2\/product"}],"about":[{"href":"https:\/\/staging.dyrsan.fr\/pt\/wp-json\/wp\/v2\/types\/product"}],"replies":[{"embeddable":true,"href":"https:\/\/staging.dyrsan.fr\/pt\/wp-json\/wp\/v2\/comments?post=70201"}],"version-history":[{"count":9,"href":"https:\/\/staging.dyrsan.fr\/pt\/wp-json\/wp\/v2\/product\/70201\/revisions"}],"predecessor-version":[{"id":73225,"href":"https:\/\/staging.dyrsan.fr\/pt\/wp-json\/wp\/v2\/product\/70201\/revisions\/73225"}],"wp:featuredmedia":[{"embeddable":true,"href":"https:\/\/staging.dyrsan.fr\/pt\/wp-json\/wp\/v2\/media\/69928"}],"wp:attachment":[{"href":"https:\/\/staging.dyrsan.fr\/pt\/wp-json\/wp\/v2\/media?parent=70201"}],"wp:term":[{"taxonomy":"product_brand","embeddable":true,"href":"https:\/\/staging.dyrsan.fr\/pt\/wp-json\/wp\/v2\/product_brand?post=70201"},{"taxonomy":"product_cat","embeddable":true,"href":"https:\/\/staging.dyrsan.fr\/pt\/wp-json\/wp\/v2\/product_cat?post=70201"},{"taxonomy":"product_tag","embeddable":true,"href":"https:\/\/staging.dyrsan.fr\/pt\/wp-json\/wp\/v2\/product_tag?post=70201"}],"curies":[{"name":"wp","href":"https:\/\/api.w.org\/{rel}","templated":true}]}}