{"id":69967,"date":"2025-11-06T15:53:59","date_gmt":"2025-11-06T15:53:59","guid":{"rendered":"https:\/\/staging.dyrsan.fr\/?post_type=product&#038;p=69967"},"modified":"2026-04-03T14:00:39","modified_gmt":"2026-04-03T14:00:39","slug":"tissu-lycra-mat-couleur-terracotta-extensible","status":"publish","type":"product","link":"https:\/\/staging.dyrsan.fr\/pt\/shop\/tissu-lycra-mat-couleur-terracotta-extensible\/","title":{"rendered":"Tecido el\u00e1stico de lycra mate em terracota"},"content":{"rendered":"<p>Tecido el\u00e1stico de lycra mate terracota, ideal para fatos de banho, lingerie e vestu\u00e1rio t\u00e9cnico. Espesso, forte e macio, garante uma excelente sustenta\u00e7\u00e3o, uma opacidade perfeita e um conforto duradouro.<\/p>\n<p>&nbsp;<\/p>\n<p><strong>Especifica\u00e7\u00f5es t\u00e9cnicas :<\/strong><\/p>\n<p>Refer\u00eancia : DY92085B<br \/>\nComposi\u00e7\u00e3o: 80 poliamida %, 20 elastano %<br \/>\nPeso: 200 g\/m\u00b2.<br \/>\nLargura: 152 cm<br \/>\nCor: Rosa p\u00farpura brilhante<br \/>\nAspeto : Brilhante, suave e macio ao toque<br \/>\nPropriedades: elasticidade de 4 vias, respir\u00e1vel, de secagem r\u00e1pida, confort\u00e1vel e dur\u00e1vel<br \/>\nUtiliza\u00e7\u00e3o: fatos de banho, lingerie, roupa de desporto topo de gama<\/p>\n<p><b><img class=\"alignnone wp-image-67583\" src=\"https:\/\/staging.dyrsan.fr\/wp-content\/uploads\/2025\/08\/instru-1.jpeg\" alt=\"\" width=\"153\" height=\"42\" loading=\"lazy\" decoding=\"async\" title=\"\" srcset=\"https:\/\/staging.dyrsan.fr\/wp-content\/uploads\/2025\/08\/instru-1.jpeg 698w, https:\/\/staging.dyrsan.fr\/wp-content\/uploads\/2025\/08\/instru-1-18x5.jpeg 18w\" sizes=\"auto, (max-width: 153px) 100vw, 153px\" \/><\/b><\/p>\n<p><strong>Vendido em unidades de 50 cm de comprimento<\/strong>\u00a0(Para encomendar 1m selecionar 2 unidades)<\/p>","protected":false},"excerpt":{"rendered":"<p>Tecido el\u00e1stico de lycra mate terracota, ideal para fatos de banho, lingerie e vestu\u00e1rio t\u00e9cnico. Espesso, forte e macio, garante uma excelente sustenta\u00e7\u00e3o, uma opacidade perfeita e um conforto duradouro.<\/p>\n<p>&nbsp;<\/p>\n<p><strong>Especifica\u00e7\u00f5es t\u00e9cnicas :<\/strong><\/p>\n<p>Refer\u00eancia : DY92085B<br \/>\nComposi\u00e7\u00e3o: 80 poliamida %, 20 elastano %<br \/>\nPeso: 200 g\/m\u00b2.<br \/>\nLargura: 152 cm<br \/>\nCor: Rosa p\u00farpura brilhante<br \/>\nAspeto : Brilhante, suave e macio ao toque<br \/>\nPropriedades: elasticidade de 4 vias, respir\u00e1vel, de secagem r\u00e1pida, confort\u00e1vel e dur\u00e1vel<br \/>\nUtiliza\u00e7\u00e3o: fatos de banho, lingerie, roupa de desporto topo de gama<\/p>\n<p><b><img loading=\"lazy\" decoding=\"async\" class=\"alignnone wp-image-67583\" src=\"https:\/\/staging.dyrsan.fr\/wp-content\/uploads\/2025\/08\/instru-1.jpeg\" alt=\"\" width=\"153\" height=\"42\" srcset=\"https:\/\/staging.dyrsan.fr\/wp-content\/uploads\/2025\/08\/instru-1.jpeg 698w, https:\/\/staging.dyrsan.fr\/wp-content\/uploads\/2025\/08\/instru-1-18x5.jpeg 18w\" sizes=\"auto, (max-width: 153px) 100vw, 153px\" \/><\/b><\/p>\n<p><strong>Vendido em unidades de 50 cm de comprimento<\/strong>\u00a0(Para encomendar 1m selecionar 2 unidades)<\/p>","protected":false},"featured_media":69909,"comment_status":"open","ping_status":"closed","template":"","meta":[],"product_brand":[370],"product_cat":[150,458,151],"product_tag":[466,154],"class_list":{"0":"post-69967","1":"product","2":"type-product","3":"status-publish","4":"has-post-thumbnail","6":"product_brand-dyrsan","7":"product_cat-tissus","8":"product_cat-dernieres-pieces","9":"product_cat-tissus-lycra-extensibles","10":"product_tag-lycra","11":"product_tag-tissus-maillot-de-bain","13":"first","14":"instock","15":"sale","16":"taxable","17":"shipping-taxable","18":"purchasable","19":"product-type-simple"},"_links":{"self":[{"href":"https:\/\/staging.dyrsan.fr\/pt\/wp-json\/wp\/v2\/product\/69967","targetHints":{"allow":["GET"]}}],"collection":[{"href":"https:\/\/staging.dyrsan.fr\/pt\/wp-json\/wp\/v2\/product"}],"about":[{"href":"https:\/\/staging.dyrsan.fr\/pt\/wp-json\/wp\/v2\/types\/product"}],"replies":[{"embeddable":true,"href":"https:\/\/staging.dyrsan.fr\/pt\/wp-json\/wp\/v2\/comments?post=69967"}],"version-history":[{"count":4,"href":"https:\/\/staging.dyrsan.fr\/pt\/wp-json\/wp\/v2\/product\/69967\/revisions"}],"predecessor-version":[{"id":73278,"href":"https:\/\/staging.dyrsan.fr\/pt\/wp-json\/wp\/v2\/product\/69967\/revisions\/73278"}],"wp:featuredmedia":[{"embeddable":true,"href":"https:\/\/staging.dyrsan.fr\/pt\/wp-json\/wp\/v2\/media\/69909"}],"wp:attachment":[{"href":"https:\/\/staging.dyrsan.fr\/pt\/wp-json\/wp\/v2\/media?parent=69967"}],"wp:term":[{"taxonomy":"product_brand","embeddable":true,"href":"https:\/\/staging.dyrsan.fr\/pt\/wp-json\/wp\/v2\/product_brand?post=69967"},{"taxonomy":"product_cat","embeddable":true,"href":"https:\/\/staging.dyrsan.fr\/pt\/wp-json\/wp\/v2\/product_cat?post=69967"},{"taxonomy":"product_tag","embeddable":true,"href":"https:\/\/staging.dyrsan.fr\/pt\/wp-json\/wp\/v2\/product_tag?post=69967"}],"curies":[{"name":"wp","href":"https:\/\/api.w.org\/{rel}","templated":true}]}}