{"id":69956,"date":"2025-11-06T15:03:11","date_gmt":"2025-11-06T15:03:11","guid":{"rendered":"https:\/\/staging.dyrsan.fr\/?post_type=product&#038;p=69956"},"modified":"2026-04-03T14:00:25","modified_gmt":"2026-04-03T14:00:25","slug":"tissu-lycra-brillant-couleur-rose-pourpre-lumineux","status":"publish","type":"product","link":"https:\/\/staging.dyrsan.fr\/pt\/shop\/tissu-lycra-brillant-couleur-rose-pourpre-lumineux\/","title":{"rendered":"Tecido de lycra rosa-p\u00farpura brilhante"},"content":{"rendered":"<p>Um tecido de lycra rosa-p\u00farpura brilhante, flex\u00edvel e luminoso, ideal para fatos de banho e lingerie. O seu brilho acetinado real\u00e7a as curvas, proporcionando apoio, conforto e resist\u00eancia \u00e0 deforma\u00e7\u00e3o.<\/p>\n<p>&nbsp;<\/p>\n<p><strong>Especifica\u00e7\u00f5es t\u00e9cnicas:<\/strong><\/p>\n<p>N\u00famero de cat\u00e1logo: DY200DLP<br \/>\nComposi\u00e7\u00e3o: 80 poliamida %, 20 elastano %<br \/>\nPeso: 200 g\/m\u00b2.<br \/>\nLargura: 152 cm<br \/>\nCor: Rosa p\u00farpura brilhante<br \/>\nAspeto : Brilhante, suave e macio ao toque<br \/>\nPropriedades: elasticidade de 4 vias, respir\u00e1vel, de secagem r\u00e1pida, confort\u00e1vel e dur\u00e1vel<br \/>\nUtiliza\u00e7\u00e3o: fatos de banho, lingerie, roupa de desporto topo de gama<\/p>\n<p><b><img class=\"alignnone wp-image-67583\" src=\"https:\/\/staging.dyrsan.fr\/wp-content\/uploads\/2025\/08\/instru-1.jpeg\" alt=\"\" width=\"153\" height=\"42\" loading=\"lazy\" decoding=\"async\" title=\"\" srcset=\"https:\/\/staging.dyrsan.fr\/wp-content\/uploads\/2025\/08\/instru-1.jpeg 698w, https:\/\/staging.dyrsan.fr\/wp-content\/uploads\/2025\/08\/instru-1-18x5.jpeg 18w\" sizes=\"auto, (max-width: 153px) 100vw, 153px\" \/><\/b><\/p>\n<p><strong>Vendido em unidades de 50 cm de comprimento<\/strong>\u00a0(Para encomendar 1m selecionar 2 unidades)<\/p>","protected":false},"excerpt":{"rendered":"<p>Um tecido de lycra rosa-p\u00farpura brilhante, flex\u00edvel e luminoso, ideal para fatos de banho e lingerie. O seu brilho acetinado real\u00e7a as curvas, proporcionando apoio, conforto e resist\u00eancia \u00e0 deforma\u00e7\u00e3o.<\/p>\n<p>&nbsp;<\/p>\n<p><strong>Especifica\u00e7\u00f5es t\u00e9cnicas:<\/strong><\/p>\n<p>N\u00famero de cat\u00e1logo: DY200DLP<br \/>\nComposi\u00e7\u00e3o: 80 poliamida %, 20 elastano %<br \/>\nPeso: 200 g\/m\u00b2.<br \/>\nLargura: 152 cm<br \/>\nCor: Rosa p\u00farpura brilhante<br \/>\nAspeto : Brilhante, suave e macio ao toque<br \/>\nPropriedades: elasticidade de 4 vias, respir\u00e1vel, de secagem r\u00e1pida, confort\u00e1vel e dur\u00e1vel<br \/>\nUtiliza\u00e7\u00e3o: fatos de banho, lingerie, roupa de desporto topo de gama<\/p>\n<p><b><img loading=\"lazy\" decoding=\"async\" class=\"alignnone wp-image-67583\" src=\"https:\/\/staging.dyrsan.fr\/wp-content\/uploads\/2025\/08\/instru-1.jpeg\" alt=\"\" width=\"153\" height=\"42\" srcset=\"https:\/\/staging.dyrsan.fr\/wp-content\/uploads\/2025\/08\/instru-1.jpeg 698w, https:\/\/staging.dyrsan.fr\/wp-content\/uploads\/2025\/08\/instru-1-18x5.jpeg 18w\" sizes=\"auto, (max-width: 153px) 100vw, 153px\" \/><\/b><\/p>\n<p><strong>Vendido em unidades de 50 cm de comprimento<\/strong>\u00a0(Para encomendar 1m selecionar 2 unidades)<\/p>","protected":false},"featured_media":69905,"comment_status":"open","ping_status":"closed","template":"","meta":[],"product_brand":[370],"product_cat":[150,458,151],"product_tag":[466,154],"class_list":{"0":"post-69956","1":"product","2":"type-product","3":"status-publish","4":"has-post-thumbnail","6":"product_brand-dyrsan","7":"product_cat-tissus","8":"product_cat-dernieres-pieces","9":"product_cat-tissus-lycra-extensibles","10":"product_tag-lycra","11":"product_tag-tissus-maillot-de-bain","13":"first","14":"instock","15":"sale","16":"taxable","17":"shipping-taxable","18":"purchasable","19":"product-type-simple"},"_links":{"self":[{"href":"https:\/\/staging.dyrsan.fr\/pt\/wp-json\/wp\/v2\/product\/69956","targetHints":{"allow":["GET"]}}],"collection":[{"href":"https:\/\/staging.dyrsan.fr\/pt\/wp-json\/wp\/v2\/product"}],"about":[{"href":"https:\/\/staging.dyrsan.fr\/pt\/wp-json\/wp\/v2\/types\/product"}],"replies":[{"embeddable":true,"href":"https:\/\/staging.dyrsan.fr\/pt\/wp-json\/wp\/v2\/comments?post=69956"}],"version-history":[{"count":4,"href":"https:\/\/staging.dyrsan.fr\/pt\/wp-json\/wp\/v2\/product\/69956\/revisions"}],"predecessor-version":[{"id":69968,"href":"https:\/\/staging.dyrsan.fr\/pt\/wp-json\/wp\/v2\/product\/69956\/revisions\/69968"}],"wp:featuredmedia":[{"embeddable":true,"href":"https:\/\/staging.dyrsan.fr\/pt\/wp-json\/wp\/v2\/media\/69905"}],"wp:attachment":[{"href":"https:\/\/staging.dyrsan.fr\/pt\/wp-json\/wp\/v2\/media?parent=69956"}],"wp:term":[{"taxonomy":"product_brand","embeddable":true,"href":"https:\/\/staging.dyrsan.fr\/pt\/wp-json\/wp\/v2\/product_brand?post=69956"},{"taxonomy":"product_cat","embeddable":true,"href":"https:\/\/staging.dyrsan.fr\/pt\/wp-json\/wp\/v2\/product_cat?post=69956"},{"taxonomy":"product_tag","embeddable":true,"href":"https:\/\/staging.dyrsan.fr\/pt\/wp-json\/wp\/v2\/product_tag?post=69956"}],"curies":[{"name":"wp","href":"https:\/\/api.w.org\/{rel}","templated":true}]}}