{"id":69952,"date":"2025-11-06T14:57:58","date_gmt":"2025-11-06T14:57:58","guid":{"rendered":"https:\/\/staging.dyrsan.fr\/?post_type=product&#038;p=69952"},"modified":"2026-04-14T09:44:38","modified_gmt":"2026-04-14T09:44:38","slug":"tissu-lycra-marron-brillant-extensible","status":"publish","type":"product","link":"https:\/\/staging.dyrsan.fr\/pt\/shop\/tissu-lycra-marron-brillant-extensible\/","title":{"rendered":"Tecido de lycra el\u00e1stico castanho brilhante de alta qualidade"},"content":{"rendered":"<p>Tecido de lycra el\u00e1stica castanho brilhante de alta qualidade, ideal para fatos de banho e vestu\u00e1rio desportivo. Espesso e resistente, combina conforto, apoio e opacidade perfeita para criar modelos elegantes e duradouros.<\/p>\n<p>&nbsp;<\/p>\n<p><strong>Especifica\u00e7\u00f5es t\u00e9cnicas:<\/strong><br \/>\nRefer\u00eancia : DY200DB<br \/>\nComposi\u00e7\u00e3o: 80 poliamida %, 20 elastano %<br \/>\nPeso: 200 g\/m\u00b2.<br \/>\nLargura: 152 cm<br \/>\nCor: Castanho brilhante<br \/>\nAspeto: Liso, opaco, extens\u00edvel em 4 direc\u00e7\u00f5es<br \/>\nPropriedades: Confort\u00e1vel, respir\u00e1vel, de secagem r\u00e1pida, excelente elasticidade e resist\u00eancia<br \/>\nUtiliza\u00e7\u00e3o: fatos de banho, lingerie, roupa de desporto topo de gama<\/p>\n<p><b><img class=\"alignnone wp-image-67583\" src=\"https:\/\/staging.dyrsan.fr\/wp-content\/uploads\/2025\/08\/instru-1.jpeg\" alt=\"\" width=\"153\" height=\"42\" loading=\"lazy\" decoding=\"async\" title=\"\" srcset=\"https:\/\/staging.dyrsan.fr\/wp-content\/uploads\/2025\/08\/instru-1.jpeg 698w, https:\/\/staging.dyrsan.fr\/wp-content\/uploads\/2025\/08\/instru-1-18x5.jpeg 18w\" sizes=\"auto, (max-width: 153px) 100vw, 153px\" \/><\/b><\/p>\n<p><strong>Vendido em unidades de 50 cm de comprimento<\/strong> (Para encomendar 1m selecionar 2 unidades)<\/p>","protected":false},"excerpt":{"rendered":"<p>Tecido de lycra el\u00e1stica castanho brilhante de alta qualidade, ideal para fatos de banho e vestu\u00e1rio desportivo. Espesso e resistente, combina conforto, apoio e opacidade perfeita para criar modelos elegantes e duradouros.<\/p>\n<p>&nbsp;<\/p>\n<p><strong>Especifica\u00e7\u00f5es t\u00e9cnicas:<\/strong><br \/>\nRefer\u00eancia : DY200DB<br \/>\nComposi\u00e7\u00e3o: 80 poliamida %, 20 elastano %<br \/>\nPeso: 200 g\/m\u00b2.<br \/>\nLargura: 152 cm<br \/>\nCor: Castanho brilhante<br \/>\nAspeto: Liso, opaco, extens\u00edvel em 4 direc\u00e7\u00f5es<br \/>\nPropriedades: Confort\u00e1vel, respir\u00e1vel, de secagem r\u00e1pida, excelente elasticidade e resist\u00eancia<br \/>\nUtiliza\u00e7\u00e3o: fatos de banho, lingerie, roupa de desporto topo de gama<\/p>\n<p><b><img loading=\"lazy\" decoding=\"async\" class=\"alignnone wp-image-67583\" src=\"https:\/\/staging.dyrsan.fr\/wp-content\/uploads\/2025\/08\/instru-1.jpeg\" alt=\"\" width=\"153\" height=\"42\" srcset=\"https:\/\/staging.dyrsan.fr\/wp-content\/uploads\/2025\/08\/instru-1.jpeg 698w, https:\/\/staging.dyrsan.fr\/wp-content\/uploads\/2025\/08\/instru-1-18x5.jpeg 18w\" sizes=\"auto, (max-width: 153px) 100vw, 153px\" \/><\/b><\/p>\n<p><strong>Vendido em unidades de 50 cm de comprimento<\/strong> (Para encomendar 1m selecionar 2 unidades)<\/p>","protected":false},"featured_media":69903,"comment_status":"open","ping_status":"closed","template":"","meta":[],"product_brand":[370],"product_cat":[150,458,151],"product_tag":[466,154],"class_list":{"0":"post-69952","1":"product","2":"type-product","3":"status-publish","4":"has-post-thumbnail","6":"product_brand-dyrsan","7":"product_cat-tissus","8":"product_cat-dernieres-pieces","9":"product_cat-tissus-lycra-extensibles","10":"product_tag-lycra","11":"product_tag-tissus-maillot-de-bain","13":"first","14":"instock","15":"sale","16":"taxable","17":"shipping-taxable","18":"purchasable","19":"product-type-simple"},"_links":{"self":[{"href":"https:\/\/staging.dyrsan.fr\/pt\/wp-json\/wp\/v2\/product\/69952","targetHints":{"allow":["GET"]}}],"collection":[{"href":"https:\/\/staging.dyrsan.fr\/pt\/wp-json\/wp\/v2\/product"}],"about":[{"href":"https:\/\/staging.dyrsan.fr\/pt\/wp-json\/wp\/v2\/types\/product"}],"replies":[{"embeddable":true,"href":"https:\/\/staging.dyrsan.fr\/pt\/wp-json\/wp\/v2\/comments?post=69952"}],"version-history":[{"count":10,"href":"https:\/\/staging.dyrsan.fr\/pt\/wp-json\/wp\/v2\/product\/69952\/revisions"}],"predecessor-version":[{"id":74418,"href":"https:\/\/staging.dyrsan.fr\/pt\/wp-json\/wp\/v2\/product\/69952\/revisions\/74418"}],"wp:featuredmedia":[{"embeddable":true,"href":"https:\/\/staging.dyrsan.fr\/pt\/wp-json\/wp\/v2\/media\/69903"}],"wp:attachment":[{"href":"https:\/\/staging.dyrsan.fr\/pt\/wp-json\/wp\/v2\/media?parent=69952"}],"wp:term":[{"taxonomy":"product_brand","embeddable":true,"href":"https:\/\/staging.dyrsan.fr\/pt\/wp-json\/wp\/v2\/product_brand?post=69952"},{"taxonomy":"product_cat","embeddable":true,"href":"https:\/\/staging.dyrsan.fr\/pt\/wp-json\/wp\/v2\/product_cat?post=69952"},{"taxonomy":"product_tag","embeddable":true,"href":"https:\/\/staging.dyrsan.fr\/pt\/wp-json\/wp\/v2\/product_tag?post=69952"}],"curies":[{"name":"wp","href":"https:\/\/api.w.org\/{rel}","templated":true}]}}