{"id":69847,"date":"2025-11-04T12:19:30","date_gmt":"2025-11-04T12:19:30","guid":{"rendered":"https:\/\/staging.dyrsan.fr\/?post_type=product&#038;p=69847"},"modified":"2026-04-14T09:44:50","modified_gmt":"2026-04-14T09:44:50","slug":"chaine-en-metal-dore","status":"publish","type":"product","link":"https:\/\/staging.dyrsan.fr\/pt\/shop\/chaine-en-metal-dore\/","title":{"rendered":"Corrente em metal dourado"},"content":{"rendered":"<p>Cette cha\u00eene en m\u00e9tal dor\u00e9 est con\u00e7ue pour les cr\u00e9ations de maillots de bain et de lingerie. Elle offre une finition brillante, durable et parfaitement adapt\u00e9e aux textiles techniques expos\u00e9s \u00e0 l\u2019eau et au soleil.<\/p>\n<p>&nbsp;<\/p>\n<p><strong>Especifica\u00e7\u00f5es t\u00e9cnicas:<\/strong><br \/>\nN\u00famero de cat\u00e1logo: DY5042<br \/>\nMaterial(is): Metal<br \/>\nCor: dourado<br \/>\nTamanho: 6,5 \u00d7 1 cm<br \/>\nPeso: 1,7 g<\/p>\n<p>&nbsp;<\/p>\n<p><strong>Carater\u00edsticas t\u00e9cnicas:<\/strong><br \/>\nResistente \u00e0 ferrugem<br \/>\nResistente \u00e0 \u00e1gua do mar e \u00e0 transpira\u00e7\u00e3o<br \/>\nN\u00e3o descolora<br \/>\nSem arestas vivas (n\u00e3o irritante quando em contacto com a pele)<br \/>\nLonga dura\u00e7\u00e3o, mesmo quando cosido ou exposto ao sol<br \/>\nConvient parfaitement aux tissus techniques de maillot de bain et aux mati\u00e8res fines de lingerie.<\/p>","protected":false},"excerpt":{"rendered":"<p>Cette cha\u00eene en m\u00e9tal dor\u00e9 est con\u00e7ue pour les cr\u00e9ations de maillots de bain et de lingerie. Elle offre une finition brillante, durable et parfaitement adapt\u00e9e aux textiles techniques expos\u00e9s \u00e0 l\u2019eau et au soleil.<\/p>\n<p>&nbsp;<\/p>\n<p><strong>Especifica\u00e7\u00f5es t\u00e9cnicas:<\/strong><br \/>\nN\u00famero de cat\u00e1logo: DY5042<br \/>\nMaterial(is): Metal<br \/>\nCor: dourado<br \/>\nTamanho: 6,5 \u00d7 1 cm<br \/>\nPeso: 1,7 g<\/p>\n<p>&nbsp;<\/p>\n<p><strong>Carater\u00edsticas t\u00e9cnicas:<\/strong><br \/>\nResistente \u00e0 ferrugem<br \/>\nResistente \u00e0 \u00e1gua do mar e \u00e0 transpira\u00e7\u00e3o<br \/>\nN\u00e3o descolora<br \/>\nSem arestas vivas (n\u00e3o irritante quando em contacto com a pele)<br \/>\nLonga dura\u00e7\u00e3o, mesmo quando cosido ou exposto ao sol<br \/>\nConvient parfaitement aux tissus techniques de maillot de bain et aux mati\u00e8res fines de lingerie.<\/p>","protected":false},"featured_media":69726,"comment_status":"open","ping_status":"closed","template":"","meta":[],"product_brand":[370],"product_cat":[140,434,458],"product_tag":[381,382],"class_list":{"0":"post-69847","1":"product","2":"type-product","3":"status-publish","4":"has-post-thumbnail","6":"product_brand-dyrsan","7":"product_cat-accessoires","8":"product_cat-chaines","9":"product_cat-dernieres-pieces","10":"product_tag-chaine","11":"product_tag-chaine-connecteur","13":"first","14":"onbackorder","15":"sold-individually","16":"taxable","17":"shipping-taxable","18":"purchasable","19":"product-type-simple"},"_links":{"self":[{"href":"https:\/\/staging.dyrsan.fr\/pt\/wp-json\/wp\/v2\/product\/69847","targetHints":{"allow":["GET"]}}],"collection":[{"href":"https:\/\/staging.dyrsan.fr\/pt\/wp-json\/wp\/v2\/product"}],"about":[{"href":"https:\/\/staging.dyrsan.fr\/pt\/wp-json\/wp\/v2\/types\/product"}],"replies":[{"embeddable":true,"href":"https:\/\/staging.dyrsan.fr\/pt\/wp-json\/wp\/v2\/comments?post=69847"}],"version-history":[{"count":12,"href":"https:\/\/staging.dyrsan.fr\/pt\/wp-json\/wp\/v2\/product\/69847\/revisions"}],"predecessor-version":[{"id":72941,"href":"https:\/\/staging.dyrsan.fr\/pt\/wp-json\/wp\/v2\/product\/69847\/revisions\/72941"}],"wp:featuredmedia":[{"embeddable":true,"href":"https:\/\/staging.dyrsan.fr\/pt\/wp-json\/wp\/v2\/media\/69726"}],"wp:attachment":[{"href":"https:\/\/staging.dyrsan.fr\/pt\/wp-json\/wp\/v2\/media?parent=69847"}],"wp:term":[{"taxonomy":"product_brand","embeddable":true,"href":"https:\/\/staging.dyrsan.fr\/pt\/wp-json\/wp\/v2\/product_brand?post=69847"},{"taxonomy":"product_cat","embeddable":true,"href":"https:\/\/staging.dyrsan.fr\/pt\/wp-json\/wp\/v2\/product_cat?post=69847"},{"taxonomy":"product_tag","embeddable":true,"href":"https:\/\/staging.dyrsan.fr\/pt\/wp-json\/wp\/v2\/product_tag?post=69847"}],"curies":[{"name":"wp","href":"https:\/\/api.w.org\/{rel}","templated":true}]}}