{"id":69008,"date":"2025-10-10T10:17:13","date_gmt":"2025-10-10T10:17:13","guid":{"rendered":"https:\/\/staging.dyrsan.fr\/?post_type=product&#038;p=69008"},"modified":"2026-04-14T10:16:46","modified_gmt":"2026-04-14T10:16:46","slug":"tissu-resille-floquee-coeurs-rouges-nylon-elasthanne","status":"publish","type":"product","link":"https:\/\/staging.dyrsan.fr\/pt\/shop\/tissu-resille-floquee-coeurs-rouges-nylon-elasthanne\/","title":{"rendered":"Tecido de rede flocada com cora\u00e7\u00f5es vermelhos nylon elastano"},"content":{"rendered":"<p>Tecido de rede flocada com cora\u00e7\u00f5es vermelhos em nylon elastano, com 152 cm de largura e 55 g\/m\u00b2 de peso. Leve, flex\u00edvel e transparente, \u00e9 decorado com pequenos cora\u00e7\u00f5es flocados em relevo para um toque refinado e rom\u00e2ntico, ideal para lingerie, pe\u00e7as de vestu\u00e1rio delicadas ou efeitos transparentes.<\/p>\n<p>&nbsp;<\/p>\n<p><strong>Especifica\u00e7\u00f5es t\u00e9cnicas:<\/strong><br \/>\nN\u00famero de cat\u00e1logo: DY68045<br \/>\nCategoria: Tecido de rede flocada<br \/>\nComposi\u00e7\u00e3o: 88 % nylon - 12 % elastano<br \/>\nLargura: 152 cm<br \/>\nPeso: 55 g\/m\u00b2.<br \/>\nAspeto : Transparente, decorado com cora\u00e7\u00f5es flocados vermelhos em relevo<br \/>\nCor: Vermelho vivo (personaliz\u00e1vel segundo o c\u00f3digo Pantone)<br \/>\nUtiliza\u00e7\u00e3o: Lingerie, vestu\u00e1rio de senhora, inser\u00e7\u00f5es transparentes, cria\u00e7\u00f5es de moda<\/p>","protected":false},"excerpt":{"rendered":"<p>Tecido de rede flocada com cora\u00e7\u00f5es vermelhos em nylon elastano, com 152 cm de largura e 55 g\/m\u00b2 de peso. Leve, flex\u00edvel e transparente, \u00e9 decorado com pequenos cora\u00e7\u00f5es flocados em relevo para um toque refinado e rom\u00e2ntico, ideal para lingerie, pe\u00e7as de vestu\u00e1rio delicadas ou efeitos transparentes.<\/p>\n<p>&nbsp;<\/p>\n<p><strong>Especifica\u00e7\u00f5es t\u00e9cnicas:<\/strong><br \/>\nN\u00famero de cat\u00e1logo: DY68045<br \/>\nCategoria: Tecido de rede flocada<br \/>\nComposi\u00e7\u00e3o: 88 % nylon - 12 % elastano<br \/>\nLargura: 152 cm<br \/>\nPeso: 55 g\/m\u00b2.<br \/>\nAspeto : Transparente, decorado com cora\u00e7\u00f5es flocados vermelhos em relevo<br \/>\nCor: Vermelho vivo (personaliz\u00e1vel segundo o c\u00f3digo Pantone)<br \/>\nUtiliza\u00e7\u00e3o: Lingerie, vestu\u00e1rio de senhora, inser\u00e7\u00f5es transparentes, cria\u00e7\u00f5es de moda<\/p>","protected":false},"featured_media":68862,"comment_status":"open","ping_status":"closed","template":"","meta":[],"product_brand":[370],"product_cat":[150,209,456],"product_tag":[237,457],"class_list":{"0":"post-69008","1":"product","2":"type-product","3":"status-publish","4":"has-post-thumbnail","6":"product_brand-dyrsan","7":"product_cat-tissus","8":"product_cat-tissus-dentelles","9":"product_cat-tissus-pour-lingerie","10":"product_tag-dentelle","11":"product_tag-lingerie","13":"first","14":"instock","15":"taxable","16":"shipping-taxable","17":"purchasable","18":"product-type-simple"},"_links":{"self":[{"href":"https:\/\/staging.dyrsan.fr\/pt\/wp-json\/wp\/v2\/product\/69008","targetHints":{"allow":["GET"]}}],"collection":[{"href":"https:\/\/staging.dyrsan.fr\/pt\/wp-json\/wp\/v2\/product"}],"about":[{"href":"https:\/\/staging.dyrsan.fr\/pt\/wp-json\/wp\/v2\/types\/product"}],"replies":[{"embeddable":true,"href":"https:\/\/staging.dyrsan.fr\/pt\/wp-json\/wp\/v2\/comments?post=69008"}],"version-history":[{"count":3,"href":"https:\/\/staging.dyrsan.fr\/pt\/wp-json\/wp\/v2\/product\/69008\/revisions"}],"predecessor-version":[{"id":74056,"href":"https:\/\/staging.dyrsan.fr\/pt\/wp-json\/wp\/v2\/product\/69008\/revisions\/74056"}],"wp:featuredmedia":[{"embeddable":true,"href":"https:\/\/staging.dyrsan.fr\/pt\/wp-json\/wp\/v2\/media\/68862"}],"wp:attachment":[{"href":"https:\/\/staging.dyrsan.fr\/pt\/wp-json\/wp\/v2\/media?parent=69008"}],"wp:term":[{"taxonomy":"product_brand","embeddable":true,"href":"https:\/\/staging.dyrsan.fr\/pt\/wp-json\/wp\/v2\/product_brand?post=69008"},{"taxonomy":"product_cat","embeddable":true,"href":"https:\/\/staging.dyrsan.fr\/pt\/wp-json\/wp\/v2\/product_cat?post=69008"},{"taxonomy":"product_tag","embeddable":true,"href":"https:\/\/staging.dyrsan.fr\/pt\/wp-json\/wp\/v2\/product_tag?post=69008"}],"curies":[{"name":"wp","href":"https:\/\/api.w.org\/{rel}","templated":true}]}}