{"id":69003,"date":"2026-02-02T12:13:57","date_gmt":"2026-02-02T12:13:57","guid":{"rendered":"https:\/\/staging.dyrsan.fr\/?post_type=product&#038;p=69003"},"modified":"2026-04-14T10:17:35","modified_gmt":"2026-04-14T10:17:35","slug":"tissu-microfibre-en-nylon-et-elasthanne-lisse-et-brillant","status":"publish","type":"product","link":"https:\/\/staging.dyrsan.fr\/pt\/shop\/tissu-microfibre-en-nylon-et-elasthanne-lisse-et-brillant\/","title":{"rendered":"Tecido de microfibra de nylon e elastano liso e brilhante"},"content":{"rendered":"<p>Tissu microfibre en nylon et \u00e9lasthanne lisse et brillant, au toucher doux et soyeux, id\u00e9al pour la confection de v\u00eatements de bain, de sport ou de lingerie. Il offre \u00e0 la fois confort, \u00e9lasticit\u00e9 et une tenue impeccable.<\/p>\n<p>&nbsp;<\/p>\n<p><strong>Especifica\u00e7\u00f5es t\u00e9cnicas:<\/strong><br \/>\nR\u00e9f\u00e9rence : DY99032<br \/>\nCat\u00e9gorie : Tissu microfibre<br \/>\nComposi\u00e7\u00e3o: 82 % nylon - 18 % elastano<br \/>\nLargura: 150 cm<br \/>\nPoids : 160 g\/m\u00b2<br \/>\nAspect : Lisse, souple et extensible<br \/>\nCouleur : Bleu clair (personnalisable selon le code Pantone)<br \/>\nUtilisation : Maillots de bain, lingerie, v\u00eatements de sport, tenues ajust\u00e9es<\/p>\n<div id=\"simple-translate\" class=\"simple-translate-system-theme\">\n<div>\n<div class=\"simple-translate-button isShow\" style=\"background-image: url('chrome-extension:\/\/cllnohpbfenopiakdcjmjcbaeapmkcdl\/icons\/512.png'); height: 22px; width: 22px; top: 196px; left: 104px;\"><\/div>\n<div class=\"simple-translate-panel\" style=\"width: 300px; height: 200px; top: 0px; left: 0px; font-size: 13px;\">\n<div class=\"simple-translate-result-wrapper\" style=\"overflow: hidden;\">\n<div class=\"simple-translate-move\" draggable=\"true\"><\/div>\n<div class=\"simple-translate-result-contents\">\n<p class=\"simple-translate-result\" dir=\"auto\">\n<p class=\"simple-translate-candidate\" dir=\"auto\">\n<\/div>\n<\/div>\n<\/div>\n<\/div>\n<\/div>","protected":false},"excerpt":{"rendered":"<p>Tissu microfibre en nylon et \u00e9lasthanne lisse et brillant, au toucher doux et soyeux, id\u00e9al pour la confection de v\u00eatements de bain, de sport ou de lingerie. Il offre \u00e0 la fois confort, \u00e9lasticit\u00e9 et une tenue impeccable.<\/p>\n<p>&nbsp;<\/p>\n<p><strong>Especifica\u00e7\u00f5es t\u00e9cnicas:<\/strong><br \/>\nR\u00e9f\u00e9rence : DY99032<br \/>\nCat\u00e9gorie : Tissu microfibre<br \/>\nComposi\u00e7\u00e3o: 82 % nylon - 18 % elastano<br \/>\nLargura: 150 cm<br \/>\nPoids : 160 g\/m\u00b2<br \/>\nAspect : Lisse, souple et extensible<br \/>\nCouleur : Bleu clair (personnalisable selon le code Pantone)<br \/>\nUtilisation : Maillots de bain, lingerie, v\u00eatements de sport, tenues ajust\u00e9es<\/p>","protected":false},"featured_media":69710,"comment_status":"open","ping_status":"closed","template":"","meta":[],"product_brand":[370],"product_cat":[150,151,455,178],"product_tag":[],"class_list":{"0":"post-69003","1":"product","2":"type-product","3":"status-publish","4":"has-post-thumbnail","6":"product_brand-dyrsan","7":"product_cat-tissus","8":"product_cat-tissus-lycra-extensibles","9":"product_cat-tissus-maillots-de-bain","10":"product_cat-tissus-microfibres","12":"first","13":"instock","14":"taxable","15":"shipping-taxable","16":"purchasable","17":"product-type-simple"},"_links":{"self":[{"href":"https:\/\/staging.dyrsan.fr\/pt\/wp-json\/wp\/v2\/product\/69003","targetHints":{"allow":["GET"]}}],"collection":[{"href":"https:\/\/staging.dyrsan.fr\/pt\/wp-json\/wp\/v2\/product"}],"about":[{"href":"https:\/\/staging.dyrsan.fr\/pt\/wp-json\/wp\/v2\/types\/product"}],"replies":[{"embeddable":true,"href":"https:\/\/staging.dyrsan.fr\/pt\/wp-json\/wp\/v2\/comments?post=69003"}],"version-history":[{"count":8,"href":"https:\/\/staging.dyrsan.fr\/pt\/wp-json\/wp\/v2\/product\/69003\/revisions"}],"predecessor-version":[{"id":74927,"href":"https:\/\/staging.dyrsan.fr\/pt\/wp-json\/wp\/v2\/product\/69003\/revisions\/74927"}],"wp:featuredmedia":[{"embeddable":true,"href":"https:\/\/staging.dyrsan.fr\/pt\/wp-json\/wp\/v2\/media\/69710"}],"wp:attachment":[{"href":"https:\/\/staging.dyrsan.fr\/pt\/wp-json\/wp\/v2\/media?parent=69003"}],"wp:term":[{"taxonomy":"product_brand","embeddable":true,"href":"https:\/\/staging.dyrsan.fr\/pt\/wp-json\/wp\/v2\/product_brand?post=69003"},{"taxonomy":"product_cat","embeddable":true,"href":"https:\/\/staging.dyrsan.fr\/pt\/wp-json\/wp\/v2\/product_cat?post=69003"},{"taxonomy":"product_tag","embeddable":true,"href":"https:\/\/staging.dyrsan.fr\/pt\/wp-json\/wp\/v2\/product_tag?post=69003"}],"curies":[{"name":"wp","href":"https:\/\/api.w.org\/{rel}","templated":true}]}}