{"id":68994,"date":"2025-10-10T09:42:11","date_gmt":"2025-10-10T09:42:11","guid":{"rendered":"https:\/\/staging.dyrsan.fr\/?post_type=product&#038;p=68994"},"modified":"2026-04-14T10:16:40","modified_gmt":"2026-04-14T10:16:40","slug":"tissu-en-jacquard-resille-rouge-nylon-elasthanne","status":"publish","type":"product","link":"https:\/\/staging.dyrsan.fr\/pt\/shop\/tissu-en-jacquard-resille-rouge-nylon-elasthanne\/","title":{"rendered":"Tecido de rede em jacquard de nylon elastano vermelho"},"content":{"rendered":"<p>Tissu en jacquard r\u00e9sille rouge nylon \u00e9lasthanne, l\u00e9ger et extensible. Ce tissu jacquard r\u00e9sille rouge est id\u00e9al pour la lingerie, la danse et les cr\u00e9ations mode n\u00e9cessitant transparence, souplesse et \u00e9l\u00e9gance.<\/p>\n<p>&nbsp;<\/p>\n<p><strong>Especifica\u00e7\u00f5es t\u00e9cnicas:<\/strong><br \/>\nN\u00famero de cat\u00e1logo: DY91630<br \/>\nComposi\u00e7\u00e3o: 82 % nylon, 18 % elastano<br \/>\nPeso: 96 g\/m\u00b2.<br \/>\nLargura: 152 cm<br \/>\nCouleur : rouge (personnalisable selon le code Pantone)<br \/>\nAspect : r\u00e9sille jacquard ajour\u00e9e, motif ton sur ton<br \/>\nPropri\u00e9t\u00e9s : extensible, l\u00e9ger, transparent, souple<br \/>\nUtilisation : lingerie, v\u00eatements de danse, cr\u00e9ations mode, d\u00e9tails d\u00e9coratifs<\/p>","protected":false},"excerpt":{"rendered":"<p>Tissu en jacquard r\u00e9sille rouge nylon \u00e9lasthanne, l\u00e9ger et extensible. Ce tissu jacquard r\u00e9sille rouge est id\u00e9al pour la lingerie, la danse et les cr\u00e9ations mode n\u00e9cessitant transparence, souplesse et \u00e9l\u00e9gance.<\/p>\n<p>&nbsp;<\/p>\n<p><strong>Especifica\u00e7\u00f5es t\u00e9cnicas:<\/strong><br \/>\nN\u00famero de cat\u00e1logo: DY91630<br \/>\nComposi\u00e7\u00e3o: 82 % nylon, 18 % elastano<br \/>\nPeso: 96 g\/m\u00b2.<br \/>\nLargura: 152 cm<br \/>\nCouleur : rouge (personnalisable selon le code Pantone)<br \/>\nAspect : r\u00e9sille jacquard ajour\u00e9e, motif ton sur ton<br \/>\nPropri\u00e9t\u00e9s : extensible, l\u00e9ger, transparent, souple<br \/>\nUtilisation : lingerie, v\u00eatements de danse, cr\u00e9ations mode, d\u00e9tails d\u00e9coratifs<\/p>","protected":false},"featured_media":68857,"comment_status":"open","ping_status":"closed","template":"","meta":[],"product_brand":[370],"product_cat":[456,150,179],"product_tag":[237,457],"class_list":{"0":"post-68994","1":"product","2":"type-product","3":"status-publish","4":"has-post-thumbnail","6":"product_brand-dyrsan","7":"product_cat-tissus-pour-lingerie","8":"product_cat-tissus","9":"product_cat-tissus-resilles","10":"product_tag-dentelle","11":"product_tag-lingerie","13":"first","14":"instock","15":"taxable","16":"shipping-taxable","17":"purchasable","18":"product-type-simple"},"_links":{"self":[{"href":"https:\/\/staging.dyrsan.fr\/pt\/wp-json\/wp\/v2\/product\/68994","targetHints":{"allow":["GET"]}}],"collection":[{"href":"https:\/\/staging.dyrsan.fr\/pt\/wp-json\/wp\/v2\/product"}],"about":[{"href":"https:\/\/staging.dyrsan.fr\/pt\/wp-json\/wp\/v2\/types\/product"}],"replies":[{"embeddable":true,"href":"https:\/\/staging.dyrsan.fr\/pt\/wp-json\/wp\/v2\/comments?post=68994"}],"version-history":[{"count":9,"href":"https:\/\/staging.dyrsan.fr\/pt\/wp-json\/wp\/v2\/product\/68994\/revisions"}],"predecessor-version":[{"id":74040,"href":"https:\/\/staging.dyrsan.fr\/pt\/wp-json\/wp\/v2\/product\/68994\/revisions\/74040"}],"wp:featuredmedia":[{"embeddable":true,"href":"https:\/\/staging.dyrsan.fr\/pt\/wp-json\/wp\/v2\/media\/68857"}],"wp:attachment":[{"href":"https:\/\/staging.dyrsan.fr\/pt\/wp-json\/wp\/v2\/media?parent=68994"}],"wp:term":[{"taxonomy":"product_brand","embeddable":true,"href":"https:\/\/staging.dyrsan.fr\/pt\/wp-json\/wp\/v2\/product_brand?post=68994"},{"taxonomy":"product_cat","embeddable":true,"href":"https:\/\/staging.dyrsan.fr\/pt\/wp-json\/wp\/v2\/product_cat?post=68994"},{"taxonomy":"product_tag","embeddable":true,"href":"https:\/\/staging.dyrsan.fr\/pt\/wp-json\/wp\/v2\/product_tag?post=68994"}],"curies":[{"name":"wp","href":"https:\/\/api.w.org\/{rel}","templated":true}]}}