{"id":68929,"date":"2025-10-08T12:33:59","date_gmt":"2025-10-08T12:33:59","guid":{"rendered":"https:\/\/staging.dyrsan.fr\/?post_type=product&#038;p=68929"},"modified":"2026-03-18T09:56:10","modified_gmt":"2026-03-18T09:56:10","slug":"tissu-jacquard-rose-metallise-nylon-spandex","status":"publish","type":"product","link":"https:\/\/staging.dyrsan.fr\/pt\/shop\/tissu-jacquard-rose-metallise-nylon-spandex\/","title":{"rendered":"Tecido jacquard de nylon spandex rosa metalizado"},"content":{"rendered":"<p>\u00c9l\u00e9gant tissu jacquard rose m\u00e9tallis\u00e9 Nylon Spandex, \u00e0 la texture douce et l\u00e9g\u00e8rement extensible. Id\u00e9al pour la confection de v\u00eatements, maillots de bain raffin\u00e9s, tenues de soir\u00e9e ou de pi\u00e8ces originales \u00e0 effet satin\u00e9. Sa composition allie confort, brillance et r\u00e9sistance.<\/p>\n<p>&nbsp;<\/p>\n<p><strong>Especifica\u00e7\u00f5es t\u00e9cnicas:<\/strong><br \/>\nR\u00e9f\u00e9rence : DY98276<br \/>\nLargura: 150 cm<br \/>\nPoids : 170 g\/m\u00b2<br \/>\nComposition : 13 % m\u00e9tallis\u00e9, 72 % nylon, 15 % spandex<br \/>\nCouleur : rose<\/p>\n<div id=\"simple-translate\" class=\"simple-translate-system-theme\">\n<div>\n<div class=\"simple-translate-button isShow\" style=\"background-image: url('chrome-extension:\/\/cllnohpbfenopiakdcjmjcbaeapmkcdl\/icons\/512.png'); height: 22px; width: 22px; top: 190px; left: 186px;\"><\/div>\n<div class=\"simple-translate-panel\" style=\"width: 300px; height: 200px; top: 0px; left: 0px; font-size: 13px;\">\n<div class=\"simple-translate-result-wrapper\" style=\"overflow: hidden;\">\n<div class=\"simple-translate-move\" draggable=\"true\"><\/div>\n<div class=\"simple-translate-result-contents\">\n<p class=\"simple-translate-result\" dir=\"auto\">\n<p class=\"simple-translate-candidate\" dir=\"auto\">\n<\/div>\n<\/div>\n<\/div>\n<\/div>\n<\/div>","protected":false},"excerpt":{"rendered":"<p>\u00c9l\u00e9gant tissu jacquard rose m\u00e9tallis\u00e9 Nylon Spandex, \u00e0 la texture douce et l\u00e9g\u00e8rement extensible. Id\u00e9al pour la confection de v\u00eatements, maillots de bain raffin\u00e9s, tenues de soir\u00e9e ou de pi\u00e8ces originales \u00e0 effet satin\u00e9. Sa composition allie confort, brillance et r\u00e9sistance.<\/p>\n<p>&nbsp;<\/p>\n<p><strong>Especifica\u00e7\u00f5es t\u00e9cnicas:<\/strong><br \/>\nR\u00e9f\u00e9rence : DY98276<br \/>\nLargura: 150 cm<br \/>\nPoids : 170 g\/m\u00b2<br \/>\nComposition : 13 % m\u00e9tallis\u00e9, 72 % nylon, 15 % spandex<br \/>\nCouleur : rose<\/p>","protected":false},"featured_media":68841,"comment_status":"open","ping_status":"closed","template":"","meta":[],"product_brand":[370],"product_cat":[150,193,180],"product_tag":[],"class_list":{"0":"post-68929","1":"product","2":"type-product","3":"status-publish","4":"has-post-thumbnail","6":"product_brand-dyrsan","7":"product_cat-tissus","8":"product_cat-tissus-lurex-brillants","9":"product_cat-tissus-mailles-jacquard","11":"first","12":"instock","13":"taxable","14":"shipping-taxable","15":"purchasable","16":"product-type-simple"},"_links":{"self":[{"href":"https:\/\/staging.dyrsan.fr\/pt\/wp-json\/wp\/v2\/product\/68929","targetHints":{"allow":["GET"]}}],"collection":[{"href":"https:\/\/staging.dyrsan.fr\/pt\/wp-json\/wp\/v2\/product"}],"about":[{"href":"https:\/\/staging.dyrsan.fr\/pt\/wp-json\/wp\/v2\/types\/product"}],"replies":[{"embeddable":true,"href":"https:\/\/staging.dyrsan.fr\/pt\/wp-json\/wp\/v2\/comments?post=68929"}],"version-history":[{"count":9,"href":"https:\/\/staging.dyrsan.fr\/pt\/wp-json\/wp\/v2\/product\/68929\/revisions"}],"predecessor-version":[{"id":74924,"href":"https:\/\/staging.dyrsan.fr\/pt\/wp-json\/wp\/v2\/product\/68929\/revisions\/74924"}],"wp:featuredmedia":[{"embeddable":true,"href":"https:\/\/staging.dyrsan.fr\/pt\/wp-json\/wp\/v2\/media\/68841"}],"wp:attachment":[{"href":"https:\/\/staging.dyrsan.fr\/pt\/wp-json\/wp\/v2\/media?parent=68929"}],"wp:term":[{"taxonomy":"product_brand","embeddable":true,"href":"https:\/\/staging.dyrsan.fr\/pt\/wp-json\/wp\/v2\/product_brand?post=68929"},{"taxonomy":"product_cat","embeddable":true,"href":"https:\/\/staging.dyrsan.fr\/pt\/wp-json\/wp\/v2\/product_cat?post=68929"},{"taxonomy":"product_tag","embeddable":true,"href":"https:\/\/staging.dyrsan.fr\/pt\/wp-json\/wp\/v2\/product_tag?post=68929"}],"curies":[{"name":"wp","href":"https:\/\/api.w.org\/{rel}","templated":true}]}}