{"id":68005,"date":"2025-09-14T13:34:49","date_gmt":"2025-09-14T13:34:49","guid":{"rendered":"https:\/\/staging.dyrsan.fr\/?post_type=product&#038;p=68005"},"modified":"2026-04-03T17:51:02","modified_gmt":"2026-04-03T17:51:02","slug":"passant-en-metal-argente-en-forme-detoile","status":"publish","type":"product","link":"https:\/\/staging.dyrsan.fr\/pt\/shop\/passant-en-metal-argente-en-forme-detoile\/","title":{"rendered":"Argola em metal prateado em forma de estrela"},"content":{"rendered":"<p>Ce passant en m\u00e9tal argent\u00e9 en forme d\u2019\u00e9toile est un \u00e9l\u00e9ment fonctionnel et d\u00e9coratif con\u00e7u pour les bikinis et cr\u00e9ations baln\u00e9aires. Il garantit une finition nette, durable et adapt\u00e9e aux contraintes des textiles expos\u00e9s \u00e0 l\u2019eau et au soleil.<\/p>\n<p>&nbsp;<\/p>\n<p><strong>Especifica\u00e7\u00f5es t\u00e9cnicas:<\/strong><\/p>\n<p>Finition(s) :\u00a0Argent<br \/>\nMaterial(is): Metal<br \/>\nTaille\u00a0 : 47x16mm<br \/>\nPoids :11,6g<\/p>\n<p>&nbsp;<\/p>\n<p><strong>Carater\u00edsticas t\u00e9cnicas:<\/strong><\/p>\n<p>Resistente \u00e0 ferrugem<br \/>\nResistente \u00e0 \u00e1gua do mar e \u00e0 transpira\u00e7\u00e3o<br \/>\nN\u00e3o descolora<br \/>\nSem arestas vivas (n\u00e3o irritante)<br \/>\nElevada durabilidade (mesmo quando cosido ou exposto ao sol)<\/p>\n<p>Vendido em embalagens de 100 \/ Entrega em 15-20 dias<\/p>","protected":false},"excerpt":{"rendered":"<p>Ce passant en m\u00e9tal argent\u00e9 en forme d\u2019\u00e9toile est un \u00e9l\u00e9ment fonctionnel et d\u00e9coratif con\u00e7u pour les bikinis et cr\u00e9ations baln\u00e9aires. Il garantit une finition nette, durable et adapt\u00e9e aux contraintes des textiles expos\u00e9s \u00e0 l\u2019eau et au soleil.<\/p>\n<p>&nbsp;<\/p>\n<p><strong>Especifica\u00e7\u00f5es t\u00e9cnicas:<\/strong><\/p>\n<p>Finition(s) :\u00a0Argent<br \/>\nMaterial(is): Metal<br \/>\nTaille\u00a0 : 47x16mm<br \/>\nPoids :11,6g<\/p>\n<p>&nbsp;<\/p>\n<p><strong>Carater\u00edsticas t\u00e9cnicas:<\/strong><\/p>\n<p>Resistente \u00e0 ferrugem<br \/>\nResistente \u00e0 \u00e1gua do mar e \u00e0 transpira\u00e7\u00e3o<br \/>\nN\u00e3o descolora<br \/>\nSem arestas vivas (n\u00e3o irritante)<br \/>\nElevada durabilidade (mesmo quando cosido ou exposto ao sol)<\/p>\n<p>Vendido em embalagens de 100 \/ Entrega em 15-20 dias<\/p>","protected":false},"featured_media":68006,"comment_status":"closed","ping_status":"closed","template":"","meta":[],"product_brand":[370],"product_cat":[140,212],"product_tag":[374],"class_list":{"0":"post-68005","1":"product","2":"type-product","3":"status-publish","4":"has-post-thumbnail","6":"product_brand-dyrsan","7":"product_cat-accessoires","8":"product_cat-passants","9":"product_tag-passant","10":"product_shipping_class-1-a-2kg","12":"first","13":"instock","14":"taxable","15":"shipping-taxable","16":"purchasable","17":"product-type-simple"},"_links":{"self":[{"href":"https:\/\/staging.dyrsan.fr\/pt\/wp-json\/wp\/v2\/product\/68005","targetHints":{"allow":["GET"]}}],"collection":[{"href":"https:\/\/staging.dyrsan.fr\/pt\/wp-json\/wp\/v2\/product"}],"about":[{"href":"https:\/\/staging.dyrsan.fr\/pt\/wp-json\/wp\/v2\/types\/product"}],"replies":[{"embeddable":true,"href":"https:\/\/staging.dyrsan.fr\/pt\/wp-json\/wp\/v2\/comments?post=68005"}],"version-history":[{"count":12,"href":"https:\/\/staging.dyrsan.fr\/pt\/wp-json\/wp\/v2\/product\/68005\/revisions"}],"predecessor-version":[{"id":76327,"href":"https:\/\/staging.dyrsan.fr\/pt\/wp-json\/wp\/v2\/product\/68005\/revisions\/76327"}],"wp:featuredmedia":[{"embeddable":true,"href":"https:\/\/staging.dyrsan.fr\/pt\/wp-json\/wp\/v2\/media\/68006"}],"wp:attachment":[{"href":"https:\/\/staging.dyrsan.fr\/pt\/wp-json\/wp\/v2\/media?parent=68005"}],"wp:term":[{"taxonomy":"product_brand","embeddable":true,"href":"https:\/\/staging.dyrsan.fr\/pt\/wp-json\/wp\/v2\/product_brand?post=68005"},{"taxonomy":"product_cat","embeddable":true,"href":"https:\/\/staging.dyrsan.fr\/pt\/wp-json\/wp\/v2\/product_cat?post=68005"},{"taxonomy":"product_tag","embeddable":true,"href":"https:\/\/staging.dyrsan.fr\/pt\/wp-json\/wp\/v2\/product_tag?post=68005"}],"curies":[{"name":"wp","href":"https:\/\/api.w.org\/{rel}","templated":true}]}}